{"id":8162,"date":"2023-01-26T15:47:27","date_gmt":"2023-01-26T14:47:27","guid":{"rendered":"https:\/\/eribertocaria.com\/web-marketing\/"},"modified":"2026-01-05T17:52:16","modified_gmt":"2026-01-05T16:52:16","slug":"web-marketing","status":"publish","type":"page","link":"https:\/\/eribertocaria.com\/it\/servizi\/web-marketing\/","title":{"rendered":"Web marketing"},"content":{"rendered":"\n<div class=\"wp-block-group bloque-1\" data-aos=\"fade\"><div class=\"wp-block-group__inner-container\">\n<figure class=\"wp-block-image alignfull size-full\" data-aos=\"fade-up\"><img decoding=\"async\" src=\"https:\/\/eribertocaria.com\/wp-content\/uploads\/2024\/04\/Web-marketing-2.jpg\" alt=\"\" class=\"wp-image-11226\"\/><\/figure>\n\n\n\n<h1 class=\"wp-block-heading\" data-aos=\"fade-up\">Web marketing<\/h1>\n<\/div><\/div>\n\n\n\n<div class=\"wp-block-group bloque-2\"><div class=\"wp-block-group__inner-container\">\n<div class=\"wp-block-columns\">\n<div class=\"wp-block-column left\">\n<p>Esperto in strategie di web marketing per qualsiasi attivit\u00e0. Potenzia le vendite online e la visibilit\u00e0 della tua azienda sul web.<\/p>\n<\/div>\n\n\n\n<div class=\"wp-block-column right\">\n<p>Negli ultimi anni, il modo di fare pubblicit\u00e0 e marketing \u00e8 cambiato notevolmente. Oggi \u00e8 impensabile non tenere conto del pi\u00f9 grande canale di traffico dati globale: Internet.<\/p>\n\n\n\n<p>In questo modo, il web marketing \u00e8 diventato una disciplina chiave per le aziende e i marchi che vogliono posizionarsi in modo digitale. Ma come pu\u00f2 essere utile il web marketing?<\/p>\n\n\n\n<h2 class=\"wp-block-heading\">Che cos&#8217;\u00e8 il web marketing?<\/h2>\n\n\n\n<p>Noto anche come marketing online o digitale, il web marketing \u00e8 l&#8217;insieme delle strategie e delle azioni commerciali realizzate attraverso Internet. Questa forma di pubblicit\u00e0 \u00e8 apparsa negli anni &#8217;90, poich\u00e9 prima di questo decennio il marketing era solo offline.<\/p>\n\n\n\n<p>Uno dei principali vantaggi del web marketing \u00e8 che comprende tutti i tipi di azioni (dalle immagini, ai video, ai podcast, ai testi\u2026) per raggiungere un pubblico specifico, appositamente selezionato in base a comportamenti, caratteristiche o interessi. Il tutto con l&#8217;obiettivo di aumentare le vendite, ottenere pi\u00f9 clienti e migliorare la reputazione dell&#8217;azienda su Internet.<\/p>\n\n\n\n<p>Inoltre, il web marketing offre la possibilit\u00e0 di raggiungere luoghi remoti e persino di superare le barriere territoriali, trovando clienti in posti che prima erano impensabili perch\u00e9 impossibili da raggiungere. Oggi si stima che pi\u00f9 di 5 miliardi di persone nel mondo abbiano un dispositivo mobile e che la maggior parte di loro abbia una connessione a Internet. In definitiva, il web marketing \u00e8 oggi il modo pi\u00f9 economico, efficiente e preciso per raggiungere clienti in tutto il mondo.<\/p>\n<\/div>\n<\/div>\n<\/div><\/div>\n\n\n\n<div class=\"wp-block-group bloque-3\"><div class=\"wp-block-group__inner-container\">\n<div class=\"wp-block-columns\">\n<div class=\"wp-block-column\">\n<h2 class=\"wp-block-heading\">Identit\u00e0 aziendale e web marketing<\/h2>\n\n\n\n<p>Come si pu\u00f2 immaginare, sia il mondo delle imprese che l&#8217;ecosistema digitale sono settori altamente competitivi, e lo sono ancora di pi\u00f9 quando si uniscono. \u00c8 qui che entra in gioco il concetto di <a href=\"https:\/\/eribertocaria.com\/it\/servizi\/identita-aziendale\/\">identit\u00e0 aziendale<\/a>, ovvero il processo e la serie di fattori che differenziano un marchio dai suoi concorrenti.<\/p>\n\n\n\n<p>Far sapere ai vostri potenziali clienti chi siete, grazie alla loro esperienza con il vostro prodotto o alla sua popolarit\u00e0, definisce in modo significativo la crescita di un&#8217;azienda.<\/p>\n\n\n\n<p>Tra i fattori fondamentali che contraddistinguono una buona <a href=\"https:\/\/eribertocaria.com\/it\/servizi\/identita-aziendale\/\">identit\u00e0 aziendale<\/a> ci sono:<\/p>\n\n\n\n<ul class=\"wp-block-list\">\n<li><strong>Nome dell&#8217;azienda:<\/strong> \u00e8 il modo pi\u00f9 semplice per i clienti di distinguervi dagli altri e di parlare dei vostri servizi.<\/li>\n\n\n\n<li><strong>Logo:<\/strong> si riferisce all&#8217;aspetto simbolico del vostro marchio, che di solito entra nel subconscio dell&#8217;utente, che in seguito lo ricorda e lo associa.<\/li>\n\n\n\n<li><strong>Caratteri tipografici:<\/strong> nota anche come font o stile tipografico, il carattere tipografico \u00e8 essenziale perch\u00e9 mostra un aspetto differenziante e unico rispetto alla concorrenza.<\/li>\n\n\n\n<li><strong>Palette di colori:<\/strong> come \u00e8 noto, i colori riflettono le emozioni, quindi devono essere scelti in base alla visione e agli obiettivi del marchio.<\/li>\n<\/ul>\n\n\n\n<h2 class=\"wp-block-heading\">Web marketing per rafforzare la tua identit\u00e0 aziendale<\/h2>\n\n\n\n<p>Alcuni degli aspetti pi\u00f9 importanti dell&#8217;<a href=\"https:\/\/eribertocaria.com\/it\/servizi\/identita-aziendale\/\">identit\u00e0 aziendale<\/a> sono la progettazione grafica del logo e del marchio, il <a href=\"https:\/\/eribertocaria.com\/it\/servizi\/web-design\/\">web design<\/a> e la <a href=\"https:\/\/eribertocaria.com\/it\/servizi\/design-editoriale\/\">progettazione editoriale<\/a>, ma non possiamo trascurare la gestione del brand online. Il web marketing comprende tutto, dalle pubblicazioni sui social network al posizionamento SEO, compresi i contenuti per i blog o la pubblicit\u00e0 sui principali motori di ricerca.<\/p>\n\n\n\n<p>Conoscendo i concetti di marketing digitale e di <a href=\"https:\/\/eribertocaria.com\/it\/servizi\/identita-aziendale\/\">identit\u00e0 aziendale<\/a> di un marchio, \u00e8 un dato di fatto che le due cose sono collegate e quasi dipendenti l&#8217;una dall&#8217;altra. Tuttavia, ecco alcuni dei modi in cui la conoscenza di questo settore pu\u00f2 aiutare a portare l&#8217;immagine della vostra azienda a un livello superiore:<\/p>\n<\/div>\n\n\n\n<div class=\"wp-block-column\">\n<h3 class=\"wp-block-heading\">Pubblicit\u00e0 su Internet<\/h3>\n\n\n\n<p>Affiancandoti a un professionista del web marketing per la gestione delle tue strategie, puoi massimizzare il rendimento della tua pubblicit\u00e0 online. Che si tratti di pubblicit\u00e0 sui motori di ricerca, di promozione del proprio spazio sui siti web o di Social Ads, puntare sulla pubblicit\u00e0 su Internet \u00e8 sinonimo di aumento delle vendite online.<\/p>\n\n\n\n<h3 class=\"wp-block-heading\">Presenza nelle reti sociali<\/h3>\n\n\n\n<p>Un buon marketing digitale spesso invita all&#8217;azione e fornisce un feedback. Per questo motivo, promuovere la vostra immagine tramite il web marketing pu\u00f2 potenziare le conversazioni con i vostri potenziali clienti, mantenendo il loro interesse e spingendoli ad acquistare il vostro prodotto o servizio. Essere attivi sui social network frequentati dal vostro pubblico vi permetter\u00e0 di promuovere con successo il vostro prodotto o servizio al target ideale.<\/p>\n\n\n\n<h3 class=\"wp-block-heading\">Ottimizzazione dei motori di ricerca<\/h3>\n\n\n\n<p>I principali motori di ricerca cui ci rivolgiamo quando siamo interessati a un prodotto o servizio specifico sono Google, Yahoo e Bing. Ottimizzare i termini del vostro sito web per ottenere una migliore posizione nei risultati di ricerca \u00e8 l&#8217;obiettivo principale della SEO. Un&#8217;azione di web marketing necessaria per attirare traffico di qualit\u00e0 sul vostro sito web e farvi trovare dal vostro cliente nell&#8217;infinito mondo di possibilit\u00e0 offerte da Internet.<\/p>\n\n\n\n<h3 class=\"wp-block-heading\">Marketing via e-mail<\/h3>\n\n\n\n<p>Tra gli strumenti pi\u00f9 efficaci nel web marketing, vi sono le strategie di fidelizzazione dei clienti tramite campagne di email marketing. Si tratta di inviare frequenti newsletter al proprio database con offerte, promozioni o novit\u00e0 per tenere i clienti sempre informati e aumentare lo scontrino medio di acquisto. L&#8217;email marketing \u00e8 una delle azioni di marketing digitale pi\u00f9 redditizie che esistano oggi.<\/p>\n\n\n\n<p>Se hai bisogno di uno specialista di web marketing, <a href=\"https:\/\/eribertocaria.com\/it\/contatti\/\">contattaci<\/a>. Analizzer\u00f2 i tuoi obiettivi di traffico e di vendita e svilupperemo una strategia digitale per raggiungerli.<\/p>\n<\/div>\n<\/div>\n<\/div><\/div>\n","protected":false},"excerpt":{"rendered":"<p>Web marketing Esperto in strategie di web marketing per qualsiasi attivit\u00e0. Potenzia le vendite online e la visibilit\u00e0 della tua azienda sul web. Negli ultimi anni, il modo di fare pubblicit\u00e0 e marketing \u00e8 cambiato notevolmente. Oggi \u00e8 impensabile non tenere conto del pi\u00f9 grande canale di traffico dati globale: Internet. In questo modo, il [&hellip;]<\/p>\n","protected":false},"author":2,"featured_media":0,"parent":8375,"menu_order":7,"comment_status":"closed","ping_status":"closed","template":"fullwidth-without-title.php","meta":{"_acf_changed":false,"footnotes":""},"class_list":["post-8162","page","type-page","status-publish","hentry"],"acf":[],"yoast_head":"<!-- This site is optimized with the Yoast SEO plugin v27.1.1 - https:\/\/yoast.com\/product\/yoast-seo-wordpress\/ -->\n<title>Servizi completi di web marketing per le aziende &#8211; Eriberto Caria<\/title>\n<meta name=\"description\" content=\"Specialista in azioni di web marketing per tutti i tipi di aziende. Migliorate le vostre vendite online e la vostra visibilit\u00e0 su Internet con i miei servizi.\" \/>\n<meta name=\"robots\" content=\"index, follow, max-snippet:-1, max-image-preview:large, max-video-preview:-1\" \/>\n<link rel=\"canonical\" href=\"https:\/\/eribertocaria.com\/it\/servizi\/web-marketing\/\" \/>\n<meta property=\"og:locale\" content=\"it_IT\" \/>\n<meta property=\"og:type\" content=\"article\" \/>\n<meta property=\"og:title\" content=\"Servizi completi di web marketing per le aziende &#8211; Eriberto Caria\" \/>\n<meta property=\"og:description\" content=\"Specialista in azioni di web marketing per tutti i tipi di aziende. Migliorate le vostre vendite online e la vostra visibilit\u00e0 su Internet con i miei servizi.\" \/>\n<meta property=\"og:url\" content=\"https:\/\/eribertocaria.com\/it\/servizi\/web-marketing\/\" \/>\n<meta property=\"og:site_name\" content=\"Eriberto Caria\" \/>\n<meta property=\"article:modified_time\" content=\"2026-01-05T16:52:16+00:00\" \/>\n<meta property=\"og:image\" content=\"https:\/\/eribertocaria.com\/wp-content\/uploads\/2024\/04\/Web-marketing-2.jpg\" \/>\n<meta name=\"twitter:card\" content=\"summary_large_image\" \/>\n<meta name=\"twitter:label1\" content=\"Tempo di lettura stimato\" \/>\n\t<meta name=\"twitter:data1\" content=\"5 minuti\" \/>\n<script type=\"application\/ld+json\" class=\"yoast-schema-graph\">{\"@context\":\"https:\/\/schema.org\",\"@graph\":[{\"@type\":\"WebPage\",\"@id\":\"https:\/\/eribertocaria.com\/it\/servizi\/web-marketing\/\",\"url\":\"https:\/\/eribertocaria.com\/it\/servizi\/web-marketing\/\",\"name\":\"Servizi completi di web marketing per le aziende &#8211; Eriberto Caria\",\"isPartOf\":{\"@id\":\"https:\/\/eribertocaria.com\/it\/#website\"},\"primaryImageOfPage\":{\"@id\":\"https:\/\/eribertocaria.com\/it\/servizi\/web-marketing\/#primaryimage\"},\"image\":{\"@id\":\"https:\/\/eribertocaria.com\/it\/servizi\/web-marketing\/#primaryimage\"},\"thumbnailUrl\":\"https:\/\/eribertocaria.com\/wp-content\/uploads\/2024\/04\/Web-marketing-2.jpg\",\"datePublished\":\"2023-01-26T14:47:27+00:00\",\"dateModified\":\"2026-01-05T16:52:16+00:00\",\"description\":\"Specialista in azioni di web marketing per tutti i tipi di aziende. Migliorate le vostre vendite online e la vostra visibilit\u00e0 su Internet con i miei servizi.\",\"breadcrumb\":{\"@id\":\"https:\/\/eribertocaria.com\/it\/servizi\/web-marketing\/#breadcrumb\"},\"inLanguage\":\"it-IT\",\"potentialAction\":[{\"@type\":\"ReadAction\",\"target\":[\"https:\/\/eribertocaria.com\/it\/servizi\/web-marketing\/\"]}]},{\"@type\":\"ImageObject\",\"inLanguage\":\"it-IT\",\"@id\":\"https:\/\/eribertocaria.com\/it\/servizi\/web-marketing\/#primaryimage\",\"url\":\"https:\/\/eribertocaria.com\/wp-content\/uploads\/2024\/04\/Web-marketing-2.jpg\",\"contentUrl\":\"https:\/\/eribertocaria.com\/wp-content\/uploads\/2024\/04\/Web-marketing-2.jpg\"},{\"@type\":\"BreadcrumbList\",\"@id\":\"https:\/\/eribertocaria.com\/it\/servizi\/web-marketing\/#breadcrumb\",\"itemListElement\":[{\"@type\":\"ListItem\",\"position\":1,\"name\":\"Servizi\",\"item\":\"https:\/\/eribertocaria.com\/it\/servizi\/\"},{\"@type\":\"ListItem\",\"position\":2,\"name\":\"Web marketing\"}]},{\"@type\":\"WebSite\",\"@id\":\"https:\/\/eribertocaria.com\/it\/#website\",\"url\":\"https:\/\/eribertocaria.com\/it\/\",\"name\":\"Eriberto Caria\",\"description\":\"Dise\u00f1ador gr\u00e1fico freelance\",\"potentialAction\":[{\"@type\":\"SearchAction\",\"target\":{\"@type\":\"EntryPoint\",\"urlTemplate\":\"https:\/\/eribertocaria.com\/it\/?s={search_term_string}\"},\"query-input\":{\"@type\":\"PropertyValueSpecification\",\"valueRequired\":true,\"valueName\":\"search_term_string\"}}],\"inLanguage\":\"it-IT\"}]}<\/script>\n<!-- \/ Yoast SEO plugin. -->","yoast_head_json":{"title":"Servizi completi di web marketing per le aziende &#8211; Eriberto Caria","description":"Specialista in azioni di web marketing per tutti i tipi di aziende. Migliorate le vostre vendite online e la vostra visibilit\u00e0 su Internet con i miei servizi.","robots":{"index":"index","follow":"follow","max-snippet":"max-snippet:-1","max-image-preview":"max-image-preview:large","max-video-preview":"max-video-preview:-1"},"canonical":"https:\/\/eribertocaria.com\/it\/servizi\/web-marketing\/","og_locale":"it_IT","og_type":"article","og_title":"Servizi completi di web marketing per le aziende &#8211; Eriberto Caria","og_description":"Specialista in azioni di web marketing per tutti i tipi di aziende. Migliorate le vostre vendite online e la vostra visibilit\u00e0 su Internet con i miei servizi.","og_url":"https:\/\/eribertocaria.com\/it\/servizi\/web-marketing\/","og_site_name":"Eriberto Caria","article_modified_time":"2026-01-05T16:52:16+00:00","og_image":[{"url":"https:\/\/eribertocaria.com\/wp-content\/uploads\/2024\/04\/Web-marketing-2.jpg","type":"","width":"","height":""}],"twitter_card":"summary_large_image","twitter_misc":{"Tempo di lettura stimato":"5 minuti"},"schema":{"@context":"https:\/\/schema.org","@graph":[{"@type":"WebPage","@id":"https:\/\/eribertocaria.com\/it\/servizi\/web-marketing\/","url":"https:\/\/eribertocaria.com\/it\/servizi\/web-marketing\/","name":"Servizi completi di web marketing per le aziende &#8211; Eriberto Caria","isPartOf":{"@id":"https:\/\/eribertocaria.com\/it\/#website"},"primaryImageOfPage":{"@id":"https:\/\/eribertocaria.com\/it\/servizi\/web-marketing\/#primaryimage"},"image":{"@id":"https:\/\/eribertocaria.com\/it\/servizi\/web-marketing\/#primaryimage"},"thumbnailUrl":"https:\/\/eribertocaria.com\/wp-content\/uploads\/2024\/04\/Web-marketing-2.jpg","datePublished":"2023-01-26T14:47:27+00:00","dateModified":"2026-01-05T16:52:16+00:00","description":"Specialista in azioni di web marketing per tutti i tipi di aziende. Migliorate le vostre vendite online e la vostra visibilit\u00e0 su Internet con i miei servizi.","breadcrumb":{"@id":"https:\/\/eribertocaria.com\/it\/servizi\/web-marketing\/#breadcrumb"},"inLanguage":"it-IT","potentialAction":[{"@type":"ReadAction","target":["https:\/\/eribertocaria.com\/it\/servizi\/web-marketing\/"]}]},{"@type":"ImageObject","inLanguage":"it-IT","@id":"https:\/\/eribertocaria.com\/it\/servizi\/web-marketing\/#primaryimage","url":"https:\/\/eribertocaria.com\/wp-content\/uploads\/2024\/04\/Web-marketing-2.jpg","contentUrl":"https:\/\/eribertocaria.com\/wp-content\/uploads\/2024\/04\/Web-marketing-2.jpg"},{"@type":"BreadcrumbList","@id":"https:\/\/eribertocaria.com\/it\/servizi\/web-marketing\/#breadcrumb","itemListElement":[{"@type":"ListItem","position":1,"name":"Servizi","item":"https:\/\/eribertocaria.com\/it\/servizi\/"},{"@type":"ListItem","position":2,"name":"Web marketing"}]},{"@type":"WebSite","@id":"https:\/\/eribertocaria.com\/it\/#website","url":"https:\/\/eribertocaria.com\/it\/","name":"Eriberto Caria","description":"Dise\u00f1ador gr\u00e1fico freelance","potentialAction":[{"@type":"SearchAction","target":{"@type":"EntryPoint","urlTemplate":"https:\/\/eribertocaria.com\/it\/?s={search_term_string}"},"query-input":{"@type":"PropertyValueSpecification","valueRequired":true,"valueName":"search_term_string"}}],"inLanguage":"it-IT"}]}},"_links":{"self":[{"href":"https:\/\/eribertocaria.com\/it\/wp-json\/wp\/v2\/pages\/8162","targetHints":{"allow":["GET"]}}],"collection":[{"href":"https:\/\/eribertocaria.com\/it\/wp-json\/wp\/v2\/pages"}],"about":[{"href":"https:\/\/eribertocaria.com\/it\/wp-json\/wp\/v2\/types\/page"}],"author":[{"embeddable":true,"href":"https:\/\/eribertocaria.com\/it\/wp-json\/wp\/v2\/users\/2"}],"replies":[{"embeddable":true,"href":"https:\/\/eribertocaria.com\/it\/wp-json\/wp\/v2\/comments?post=8162"}],"version-history":[{"count":40,"href":"https:\/\/eribertocaria.com\/it\/wp-json\/wp\/v2\/pages\/8162\/revisions"}],"predecessor-version":[{"id":13475,"href":"https:\/\/eribertocaria.com\/it\/wp-json\/wp\/v2\/pages\/8162\/revisions\/13475"}],"up":[{"embeddable":true,"href":"https:\/\/eribertocaria.com\/it\/wp-json\/wp\/v2\/pages\/8375"}],"wp:attachment":[{"href":"https:\/\/eribertocaria.com\/it\/wp-json\/wp\/v2\/media?parent=8162"}],"curies":[{"name":"wp","href":"https:\/\/api.w.org\/{rel}","templated":true}]}}