{"id":8155,"date":"2023-01-21T20:39:45","date_gmt":"2023-01-21T19:39:45","guid":{"rendered":"https:\/\/eribertocaria.com\/diseno-de-apps\/"},"modified":"2026-01-05T17:51:42","modified_gmt":"2026-01-05T16:51:42","slug":"progettazione-apps","status":"publish","type":"page","link":"https:\/\/eribertocaria.com\/it\/servizi\/progettazione-apps\/","title":{"rendered":"Progettazione apps"},"content":{"rendered":"\n<div class=\"wp-block-group bloque-1\" data-aos=\"fade\"><div class=\"wp-block-group__inner-container\">\n<figure class=\"wp-block-image alignfull size-full\" data-aos=\"fade-up\"><img decoding=\"async\" src=\"https:\/\/eribertocaria.com\/wp-content\/uploads\/2024\/04\/Diseno-app.jpg\" alt=\"\" class=\"wp-image-11245\"\/><\/figure>\n\n\n\n<h1 class=\"wp-block-heading\" data-aos=\"fade-up\">Progettazione apps<\/h1>\n<\/div><\/div>\n\n\n\n<div class=\"wp-block-group bloque-2\"><div class=\"wp-block-group__inner-container\">\n<div class=\"wp-block-columns\">\n<div class=\"wp-block-column left\">\n<p>Esperto nella progettazione e nello sviluppo di applicazioni mobili per tutti i tipi di aziende. Applicazioni su misura per iOS e Android.<\/p>\n<\/div>\n\n\n\n<div class=\"wp-block-column right\">\n<p>Il progresso dell&#8217;era digitale ha fatto s\u00ec che vi sia una diffusa fruizione di contenuti attraverso dispositivi elettronici. In questo contesto, i telefoni cellulari sono i leader assoluti, davanti a tablet e smart watch.<\/p>\n\n\n\n<p>Gli smartphone o i telefoni cellulari offrono infinite opportunit\u00e0 alle aziende, come la possibilit\u00e0 di rafforzare la propria <a href=\"https:\/\/eribertocaria.com\/it\/servizi\/identita-aziendale\/\">identit\u00e0 aziendale<\/a> attraverso applicazioni mobili o app.<\/p>\n\n\n\n<p>L&#8217;implementazione di una buona strategia attraverso questi strumenti non solo aiuta a consolidare l&#8217;immagine del marchio, ma anche a guadagnare credibilit\u00e0 e autorevolezza presso i potenziali clienti.<\/p>\n<\/div>\n<\/div>\n<\/div><\/div>\n\n\n\n<div class=\"wp-block-group bloque-3\"><div class=\"wp-block-group__inner-container\">\n<div class=\"wp-block-columns\">\n<div class=\"wp-block-column\">\n<h2 class=\"wp-block-heading\">Identit\u00e0 aziendale nel design delle app<\/h2>\n\n\n\n<p>Il termine <a href=\"https:\/\/eribertocaria.com\/it\/servizi\/identita-aziendale\/\">identit\u00e0 aziendale<\/a> si riferisce a tutti gli elementi visivi e fisici che rappresentano o mettono in mostra un marchio. In termini pi\u00f9 generali, possiamo dire che l&#8217;identit\u00e0 aziendale aiuta a distinguere un marchio da un altro. Il logo, la palette di colori, gli obiettivi, i valori e persino lo slogan sono solo alcuni degli elementi che compongono questo concetto.<\/p>\n\n\n\n<p>Come sapete, \u00e8 difficile pensare alle grandi marche senza immaginare un simbolo o una caratteristica che li identifichi. Questo perch\u00e9 il cervello umano lavora con stimoli associativi che si combinano tra loro per ricordare le informazioni in modo semplice. Per questo motivo, \u00e8 molto comune che quando pensiamo alla bibita analcolica pi\u00f9 popolare del mondo ci venga in mente il colore della sua confezione, la sua forma o il suo particolare carattere tipografico.<\/p>\n\n\n\n<p>Non c&#8217;\u00e8 dubbio che lavorare sulla propria <a href=\"https:\/\/eribertocaria.com\/it\/servizi\/identita-aziendale\/\">identit\u00e0 aziendale<\/a> sia uno dei principali obiettivi che una marca o un&#8217;azienda emergente devono raggiungere. Le applicazioni mobili sono uno degli strumenti migliori per aiutare le aziende a raggiungere questo obiettivo.<\/p>\n\n\n\n<p>In generale, si dividono tra app per Android e app per iOS. Sebbene non cambino in termini di funzionamento, le app sono progettate per adattarsi ai diversi dispositivi dei consumatori.<\/p>\n\n\n\n<p>\u00c8 essenziale che, quando si tratta di progettare un&#8217;applicazione mobile per un&#8217;azienda, le imprese si avvalgano dei servizi di professionisti specializzati nella progettazione di app. In questo modo ci assicuriamo che le applicazioni mobili non solo valorizzino l&#8217;immagine e l&#8217;identit\u00e0 dell&#8217;azienda, ma offrano anche una buona esperienza all&#8217;utente.<\/p>\n\n\n\n<h2 class=\"wp-block-heading\">Vantaggi del design di un&#8217;app mobile<\/h2>\n\n\n\n<p>Quando si d\u00e0 la giusta importanza al design e al rafforzamento dell&#8217;<a href=\"https:\/\/eribertocaria.com\/it\/servizi\/identita-aziendale\/\">identit\u00e0 aziendale<\/a> come passo preliminare alle strategie pubblicitarie, \u00e8 facile per i marchi essere riconosciuti sul mercato.<\/p>\n\n\n\n<p>Non si tratta di realizzare progetti complessi, ma di catturare l&#8217;essenza di ogni marca. La tecnologia offre gli strumenti per farlo in modo facile, semplice, efficiente e rapido.<\/p>\n\n\n\n<p>Inoltre, se ci concentriamo su questi aspetti, possiamo evidenziare alcuni vantaggi per l&#8217;azienda di avere un&#8217;app mobile personalizzata.<\/p>\n\n\n\n<p>Uno dei principali vantaggi del design di un&#8217;app mobile completamente personalizzata \u00e8 quello di avere uno spazio digitale esclusivo per la propria attivit\u00e0, avendo la totale libert\u00e0 di creare e aggiungere informazioni aziendali. Dall&#8217;inserimento dell&#8217;ubicazione del locale, alla creazione di contatti diretti, alla realizzazione di dinamiche per i clienti o alla promozione di offerte. Un&#8217;app personalizzata offre infinite opportunit\u00e0 a marche e aziende.<\/p>\n<\/div>\n\n\n\n<div class=\"wp-block-column\">\n<p>Un altro vantaggio \u00e8 che questo strumento pu\u00f2 generare entrate per l&#8217;azienda: disponendo di un proprio portale per dispositivi mobili in un settore specifico, catturer\u00e0 l&#8217;attenzione del pubblico in un canale diverso dal web o dai social network.<\/p>\n\n\n\n<p>Quando si rafforza l&#8217;<a href=\"https:\/\/eribertocaria.com\/it\/servizi\/identita-aziendale\/\">identit\u00e0 aziendale<\/a>, si possono raggiungere diversi obiettivi allo stesso tempo. Altri vantaggi dell&#8217;utilizzo di applicazioni mobili sono:<\/p>\n\n\n\n<ul class=\"wp-block-list\">\n<li>Aumento delle vendite grazie a una maggiore e positiva esposizione della marca.<\/li>\n\n\n\n<li>Una buona gestione dell&#8217;identit\u00e0 riflette professionalit\u00e0 e organizzazione.<\/li>\n\n\n\n<li>Le persone sono molto pi\u00f9 propense a raccomandare o a parlare positivamente del vostro marchio grazie all&#8217;impressione positiva che ne ricevono.<\/li>\n<\/ul>\n\n\n\n<h2 class=\"wp-block-heading\">Perch\u00e9 avere un&#8217;app per la vostra azienda<\/h2>\n\n\n\n<p>Il rafforzamento dell&#8217;<a href=\"https:\/\/eribertocaria.com\/it\/servizi\/identita-aziendale\/\">identit\u00e0 aziendale<\/a> non avviene dall&#8217;oggi al domani. \u00c8 necessario prendere in considerazione una serie di fattori per garantire che la percezione dell&#8217;azienda da parte degli utenti sia positiva.<\/p>\n\n\n\n<p>Il design delle applicazioni mobili deve essere in linea con l&#8217;<a href=\"https:\/\/eribertocaria.com\/it\/servizi\/identita-aziendale\/\">identit\u00e0 aziendale<\/a> e con altri elementi dell&#8217;immagine dell&#8217;azienda, come il sito web, la presenza sui social media, il packaging o il graphic design.<\/p>\n\n\n\n<p>Per questo motivo consiglio di affidarsi a uno sviluppatore di app con una comprovata esperienza nella progettazione di app per dispositivi mobili. Inoltre, i valori dell&#8217;azienda devono essere pienamente presenti nel design delle app mobili e gli aspetti generali come il nome, lo slogan o persino i colori devono trasmettere un messaggio.<\/p>\n\n\n\n<p>Per ottenere risultati migliori \u00e8 importante ideare, valutare, correggere e rivalutare. Una consulenza professionale \u00e8 essenziale per rafforzare l&#8217;<a href=\"https:\/\/eribertocaria.com\/it\/servizi\/identita-aziendale\/\">identit\u00e0 aziendale<\/a> della vostra azienda. L&#8217;estetica, l&#8217;armonia tra colori e forme, il contenuto scritto o l&#8217;ordine nella presentazione degli elementi sono alcuni degli aspetti da considerare.<\/p>\n\n\n\n<p>Le applicazioni rendono visibile il tuo marchio ed \u00e8 assolutamente necessario che siano progettate e sviluppate in modo professionale. Un designer esperto in applicazioni mobili pu\u00f2 offrirti l&#8217;applicazione giusta, sia per il sistema iOS che Android, arricchita da una strategia di marketing che renda visibile la marca o l&#8217;azienda.<\/p>\n\n\n\n<p>Le app mobili per rafforzare l&#8217;<a href=\"https:\/\/eribertocaria.com\/it\/servizi\/identita-aziendale\/\">identit\u00e0 aziendale<\/a> sono molto pi\u00f9 necessarie di quanto sembri. Utilizzarle correttamente pu\u00f2 fare la differenza tra rimanere anonimi o trasformare il nome della tua azienda in un marchio molto popolare.<\/p>\n\n\n\n<p>Se vuoi progettare un&#8217;app per la tua azienda o il tuo marchio, <a href=\"https:\/\/eribertocaria.com\/it\/contatti\/\">contattaci<\/a>. Sar\u00f2 felice di aiutarti.<\/p>\n<\/div>\n<\/div>\n<\/div><\/div>\n","protected":false},"excerpt":{"rendered":"<p>Progettazione apps Esperto nella progettazione e nello sviluppo di applicazioni mobili per tutti i tipi di aziende. Applicazioni su misura per iOS e Android. Il progresso dell&#8217;era digitale ha fatto s\u00ec che vi sia una diffusa fruizione di contenuti attraverso dispositivi elettronici. In questo contesto, i telefoni cellulari sono i leader assoluti, davanti a tablet [&hellip;]<\/p>\n","protected":false},"author":2,"featured_media":0,"parent":8375,"menu_order":6,"comment_status":"closed","ping_status":"closed","template":"fullwidth-without-title.php","meta":{"_acf_changed":false,"footnotes":""},"class_list":["post-8155","page","type-page","status-publish","hentry"],"acf":[],"yoast_head":"<!-- This site is optimized with the Yoast SEO plugin v27.1.1 - https:\/\/yoast.com\/product\/yoast-seo-wordpress\/ -->\n<title>Progettazione professionale di app e applicazioni mobili &#8211; Eriberto Caria<\/title>\n<meta name=\"description\" content=\"Specialista nella progettazione e nello sviluppo di applicazioni mobili per tutti i tipi di aziende. Applicazioni su misura per iOS e Android. Preventivo gratuito e senza impegno.\" \/>\n<meta name=\"robots\" content=\"index, follow, max-snippet:-1, max-image-preview:large, max-video-preview:-1\" \/>\n<link rel=\"canonical\" href=\"https:\/\/eribertocaria.com\/it\/servizi\/progettazione-apps\/\" \/>\n<meta property=\"og:locale\" content=\"it_IT\" \/>\n<meta property=\"og:type\" content=\"article\" \/>\n<meta property=\"og:title\" content=\"Progettazione professionale di app e applicazioni mobili &#8211; Eriberto Caria\" \/>\n<meta property=\"og:description\" content=\"Specialista nella progettazione e nello sviluppo di applicazioni mobili per tutti i tipi di aziende. Applicazioni su misura per iOS e Android. Preventivo gratuito e senza impegno.\" \/>\n<meta property=\"og:url\" content=\"https:\/\/eribertocaria.com\/it\/servizi\/progettazione-apps\/\" \/>\n<meta property=\"og:site_name\" content=\"Eriberto Caria\" \/>\n<meta property=\"article:modified_time\" content=\"2026-01-05T16:51:42+00:00\" \/>\n<meta property=\"og:image\" content=\"https:\/\/eribertocaria.com\/wp-content\/uploads\/2024\/04\/Diseno-app.jpg\" \/>\n<meta name=\"twitter:card\" content=\"summary_large_image\" \/>\n<meta name=\"twitter:label1\" content=\"Tempo di lettura stimato\" \/>\n\t<meta name=\"twitter:data1\" content=\"5 minuti\" \/>\n<script type=\"application\/ld+json\" class=\"yoast-schema-graph\">{\"@context\":\"https:\/\/schema.org\",\"@graph\":[{\"@type\":\"WebPage\",\"@id\":\"https:\/\/eribertocaria.com\/it\/servizi\/progettazione-apps\/\",\"url\":\"https:\/\/eribertocaria.com\/it\/servizi\/progettazione-apps\/\",\"name\":\"Progettazione professionale di app e applicazioni mobili &#8211; Eriberto Caria\",\"isPartOf\":{\"@id\":\"https:\/\/eribertocaria.com\/it\/#website\"},\"primaryImageOfPage\":{\"@id\":\"https:\/\/eribertocaria.com\/it\/servizi\/progettazione-apps\/#primaryimage\"},\"image\":{\"@id\":\"https:\/\/eribertocaria.com\/it\/servizi\/progettazione-apps\/#primaryimage\"},\"thumbnailUrl\":\"https:\/\/eribertocaria.com\/wp-content\/uploads\/2024\/04\/Diseno-app.jpg\",\"datePublished\":\"2023-01-21T19:39:45+00:00\",\"dateModified\":\"2026-01-05T16:51:42+00:00\",\"description\":\"Specialista nella progettazione e nello sviluppo di applicazioni mobili per tutti i tipi di aziende. Applicazioni su misura per iOS e Android. Preventivo gratuito e senza impegno.\",\"breadcrumb\":{\"@id\":\"https:\/\/eribertocaria.com\/it\/servizi\/progettazione-apps\/#breadcrumb\"},\"inLanguage\":\"it-IT\",\"potentialAction\":[{\"@type\":\"ReadAction\",\"target\":[\"https:\/\/eribertocaria.com\/it\/servizi\/progettazione-apps\/\"]}]},{\"@type\":\"ImageObject\",\"inLanguage\":\"it-IT\",\"@id\":\"https:\/\/eribertocaria.com\/it\/servizi\/progettazione-apps\/#primaryimage\",\"url\":\"https:\/\/eribertocaria.com\/wp-content\/uploads\/2024\/04\/Diseno-app.jpg\",\"contentUrl\":\"https:\/\/eribertocaria.com\/wp-content\/uploads\/2024\/04\/Diseno-app.jpg\"},{\"@type\":\"BreadcrumbList\",\"@id\":\"https:\/\/eribertocaria.com\/it\/servizi\/progettazione-apps\/#breadcrumb\",\"itemListElement\":[{\"@type\":\"ListItem\",\"position\":1,\"name\":\"Servizi\",\"item\":\"https:\/\/eribertocaria.com\/it\/servizi\/\"},{\"@type\":\"ListItem\",\"position\":2,\"name\":\"Progettazione apps\"}]},{\"@type\":\"WebSite\",\"@id\":\"https:\/\/eribertocaria.com\/it\/#website\",\"url\":\"https:\/\/eribertocaria.com\/it\/\",\"name\":\"Eriberto Caria\",\"description\":\"Dise\u00f1ador gr\u00e1fico freelance\",\"potentialAction\":[{\"@type\":\"SearchAction\",\"target\":{\"@type\":\"EntryPoint\",\"urlTemplate\":\"https:\/\/eribertocaria.com\/it\/?s={search_term_string}\"},\"query-input\":{\"@type\":\"PropertyValueSpecification\",\"valueRequired\":true,\"valueName\":\"search_term_string\"}}],\"inLanguage\":\"it-IT\"}]}<\/script>\n<!-- \/ Yoast SEO plugin. -->","yoast_head_json":{"title":"Progettazione professionale di app e applicazioni mobili &#8211; Eriberto Caria","description":"Specialista nella progettazione e nello sviluppo di applicazioni mobili per tutti i tipi di aziende. Applicazioni su misura per iOS e Android. Preventivo gratuito e senza impegno.","robots":{"index":"index","follow":"follow","max-snippet":"max-snippet:-1","max-image-preview":"max-image-preview:large","max-video-preview":"max-video-preview:-1"},"canonical":"https:\/\/eribertocaria.com\/it\/servizi\/progettazione-apps\/","og_locale":"it_IT","og_type":"article","og_title":"Progettazione professionale di app e applicazioni mobili &#8211; Eriberto Caria","og_description":"Specialista nella progettazione e nello sviluppo di applicazioni mobili per tutti i tipi di aziende. Applicazioni su misura per iOS e Android. Preventivo gratuito e senza impegno.","og_url":"https:\/\/eribertocaria.com\/it\/servizi\/progettazione-apps\/","og_site_name":"Eriberto Caria","article_modified_time":"2026-01-05T16:51:42+00:00","og_image":[{"url":"https:\/\/eribertocaria.com\/wp-content\/uploads\/2024\/04\/Diseno-app.jpg","type":"","width":"","height":""}],"twitter_card":"summary_large_image","twitter_misc":{"Tempo di lettura stimato":"5 minuti"},"schema":{"@context":"https:\/\/schema.org","@graph":[{"@type":"WebPage","@id":"https:\/\/eribertocaria.com\/it\/servizi\/progettazione-apps\/","url":"https:\/\/eribertocaria.com\/it\/servizi\/progettazione-apps\/","name":"Progettazione professionale di app e applicazioni mobili &#8211; Eriberto Caria","isPartOf":{"@id":"https:\/\/eribertocaria.com\/it\/#website"},"primaryImageOfPage":{"@id":"https:\/\/eribertocaria.com\/it\/servizi\/progettazione-apps\/#primaryimage"},"image":{"@id":"https:\/\/eribertocaria.com\/it\/servizi\/progettazione-apps\/#primaryimage"},"thumbnailUrl":"https:\/\/eribertocaria.com\/wp-content\/uploads\/2024\/04\/Diseno-app.jpg","datePublished":"2023-01-21T19:39:45+00:00","dateModified":"2026-01-05T16:51:42+00:00","description":"Specialista nella progettazione e nello sviluppo di applicazioni mobili per tutti i tipi di aziende. Applicazioni su misura per iOS e Android. Preventivo gratuito e senza impegno.","breadcrumb":{"@id":"https:\/\/eribertocaria.com\/it\/servizi\/progettazione-apps\/#breadcrumb"},"inLanguage":"it-IT","potentialAction":[{"@type":"ReadAction","target":["https:\/\/eribertocaria.com\/it\/servizi\/progettazione-apps\/"]}]},{"@type":"ImageObject","inLanguage":"it-IT","@id":"https:\/\/eribertocaria.com\/it\/servizi\/progettazione-apps\/#primaryimage","url":"https:\/\/eribertocaria.com\/wp-content\/uploads\/2024\/04\/Diseno-app.jpg","contentUrl":"https:\/\/eribertocaria.com\/wp-content\/uploads\/2024\/04\/Diseno-app.jpg"},{"@type":"BreadcrumbList","@id":"https:\/\/eribertocaria.com\/it\/servizi\/progettazione-apps\/#breadcrumb","itemListElement":[{"@type":"ListItem","position":1,"name":"Servizi","item":"https:\/\/eribertocaria.com\/it\/servizi\/"},{"@type":"ListItem","position":2,"name":"Progettazione apps"}]},{"@type":"WebSite","@id":"https:\/\/eribertocaria.com\/it\/#website","url":"https:\/\/eribertocaria.com\/it\/","name":"Eriberto Caria","description":"Dise\u00f1ador gr\u00e1fico freelance","potentialAction":[{"@type":"SearchAction","target":{"@type":"EntryPoint","urlTemplate":"https:\/\/eribertocaria.com\/it\/?s={search_term_string}"},"query-input":{"@type":"PropertyValueSpecification","valueRequired":true,"valueName":"search_term_string"}}],"inLanguage":"it-IT"}]}},"_links":{"self":[{"href":"https:\/\/eribertocaria.com\/it\/wp-json\/wp\/v2\/pages\/8155","targetHints":{"allow":["GET"]}}],"collection":[{"href":"https:\/\/eribertocaria.com\/it\/wp-json\/wp\/v2\/pages"}],"about":[{"href":"https:\/\/eribertocaria.com\/it\/wp-json\/wp\/v2\/types\/page"}],"author":[{"embeddable":true,"href":"https:\/\/eribertocaria.com\/it\/wp-json\/wp\/v2\/users\/2"}],"replies":[{"embeddable":true,"href":"https:\/\/eribertocaria.com\/it\/wp-json\/wp\/v2\/comments?post=8155"}],"version-history":[{"count":24,"href":"https:\/\/eribertocaria.com\/it\/wp-json\/wp\/v2\/pages\/8155\/revisions"}],"predecessor-version":[{"id":13474,"href":"https:\/\/eribertocaria.com\/it\/wp-json\/wp\/v2\/pages\/8155\/revisions\/13474"}],"up":[{"embeddable":true,"href":"https:\/\/eribertocaria.com\/it\/wp-json\/wp\/v2\/pages\/8375"}],"wp:attachment":[{"href":"https:\/\/eribertocaria.com\/it\/wp-json\/wp\/v2\/media?parent=8155"}],"curies":[{"name":"wp","href":"https:\/\/api.w.org\/{rel}","templated":true}]}}