{"id":8143,"date":"2023-01-26T14:54:14","date_gmt":"2023-01-26T13:54:14","guid":{"rendered":"https:\/\/eribertocaria.com\/diseno-web\/"},"modified":"2026-01-05T17:51:31","modified_gmt":"2026-01-05T16:51:31","slug":"web-design","status":"publish","type":"page","link":"https:\/\/eribertocaria.com\/it\/servizi\/web-design\/","title":{"rendered":"Web design"},"content":{"rendered":"\n<div class=\"wp-block-group bloque-1\" data-aos=\"fade\"><div class=\"wp-block-group__inner-container\">\n<figure class=\"wp-block-image alignfull size-full\" data-aos=\"fade-up\"><img decoding=\"async\" src=\"https:\/\/eribertocaria.com\/wp-content\/uploads\/2024\/03\/Diseno-web-1.jpg\" alt=\"\" class=\"wp-image-10517\"\/><\/figure>\n\n\n\n<h1 class=\"wp-block-heading\" data-aos=\"fade-up\">Web design<\/h1>\n<\/div><\/div>\n\n\n\n<div class=\"wp-block-group bloque-2\"><div class=\"wp-block-group__inner-container\">\n<div class=\"wp-block-columns\">\n<div class=\"wp-block-column left\">\n<p>Servizi professionali di progettazione e sviluppo web per aziende di diversi settori. Fatti notare e differenzia la tua presenza online dalla concorrenza.<\/p>\n<\/div>\n\n\n\n<div class=\"wp-block-column right\">\n<p>Il web design \u00e8 oggi un fattore chiave per il successo delle aziende su Internet. Poich\u00e9 \u00e8 la prima impressione che i clienti hanno delle aziende, \u00e8 di fondamentale importanza curare l&#8217;aspetto del sito web sia in termini di design che di contenuti offerti.<\/p>\n\n\n\n<p>Il web design \u00e8 diventato un elemento sempre pi\u00f9 importante per definire l&#8217;<a href=\"https:\/\/eribertocaria.com\/it\/servizi\/identita-aziendale\/\">identit\u00e0 aziendale<\/a> di un&#8217;azienda. Non \u00e8 solo un bigliettino da visita per il  consumatore o per il potenziale cliente, ma anche il modo pi\u00f9 efficace per differenziarsi dalla concorrenza.<\/p>\n\n\n\n<p>In effetti, lo sviluppo dell&#8217;<a href=\"https:\/\/eribertocaria.com\/it\/servizi\/identita-aziendale\/\">identit\u00e0 aziendale<\/a> attraverso il web design \u00e8 essenziale per qualsiasi strategia di marketing, ma come sono collegate le due cose? Estetica, personalizzazione, velocit\u00e0 di caricamento e contenuti non sono gli unici elementi da tenere in considerazione nello sviluppo web. L&#8217;esperienza complessiva che l&#8217;utente vive entrando nel sito web di un&#8217;azienda sar\u00e0 decisiva per trasmettere un&#8217;immagine specifica al consumatore.<\/p>\n<\/div>\n<\/div>\n<\/div><\/div>\n\n\n\n<div class=\"wp-block-group bloque-3\"><div class=\"wp-block-group__inner-container\">\n<div class=\"wp-block-columns\">\n<div class=\"wp-block-column\">\n<h2 class=\"wp-block-heading\">L&#8217;importanza del web design nell&#8217;identit\u00e0 aziendale<\/h2>\n\n\n\n<p>L&#8217;<a href=\"https:\/\/eribertocaria.com\/it\/servizi\/identita-aziendale\/\">identit\u00e0 aziendale<\/a> delle imprese si riferisce a tutto ci\u00f2 che rende l&#8217;immagine aziendale unica e facilmente identificabile. Ci\u00f2 include non solo i colori, il logo e la rappresentazione di prodotti e servizi, ma anche elementi in grado di generare emozioni nell&#8217;utente.<\/p>\n\n\n\n<p>Per ottenere una buona immagine aziendale, \u00e8 fondamentale utilizzare le giuste strategie di comunicazione e marketing. Per questo motivo si ricorre spesso al web design, che \u00e8 uno degli strumenti pi\u00f9 efficaci per trasmettere i valori e gli obiettivi delle aziende.<\/p>\n\n\n\n<p>Ma come si relazionano esattamente il web design e l&#8217;<a href=\"https:\/\/eribertocaria.com\/it\/servizi\/identita-aziendale\/\">identit\u00e0 aziendale<\/a>? L&#8217;identit\u00e0 aziendale \u00e8 fondamentale nel web design perch\u00e9 \u00e8 l&#8217;immagine visiva dell&#8217;azienda.<\/p>\n\n\n\n<p>Quando si inizia con il web design, \u00e8 necessario essere coerenti con l&#8217;immagine corporativa dell&#8217;azienda: occorre tenere conto del logo dell&#8217;azienda, dei suoi colori principali, della tipografia e del tipo di immagini e testi.<\/p>\n\n\n\n<p>Si pu\u00f2 dire che l&#8217;utilit\u00e0 del web design per la corporate identity di un&#8217;azienda risiede nel rendere pi\u00f9 facile per gli utenti familiarizzare visivamente con l&#8217;azienda.<\/p>\n\n\n\n<h2 class=\"wp-block-heading\">Ruolo del web design nell&#8217;identit\u00e0 corporativa<\/h2>\n\n\n\n<p>Il web design \u00e8 il primo passo nella strategia di marketing digitale di qualsiasi azienda. Ci\u00f2 \u00e8 dovuto principalmente al grande impatto che un sito web ha sui clienti. Non solo contribuisce alla promozione dell&#8217;azienda, ma rafforza anche la fiducia degli utenti nei suoi confronti.<\/p>\n\n\n\n<p>Anche se ci sono diversi fattori da tenere in considerazione quando si cerca questo tipo di servizi, la cosa essenziale \u00e8 avere un web design personalizzato. Spesso non \u00e8 sufficiente utilizzare dei template per creare un sito web aziendale, ma \u00e8 fondamentale distinguersi e posizionarsi con un design originale rispetto alla concorrenza.<\/p>\n\n\n\n<p>Se desiderate creare un sito web aziendale o un e-commerce, avete a disposizione diverse alternative digitali tra cui scegliere. Tra queste, una delle piattaforme pi\u00f9 note \u00e8 WordPress, la quale offre una vasta gamma di funzionalit\u00e0 complete. Grazie alla sua flessibilit\u00e0, facilita la creazione, la gestione e la pubblicazione di contenuti in modo efficiente, consentendo di realizzare siti web aziendali di qualit\u00e0 e-commerce senza dover ricorrere a soluzioni complesse.<\/p>\n\n\n\n<p>Sviluppare un web design accattivante e coerente con la corporate identity di un&#8217;azienda \u00e8 un processo complesso: richiede molta esperienza, una visione chiara di ci\u00f2 che si sta cercando e, soprattutto, le conoscenze di un web designer esperto nello sviluppo di siti web e shop online.<\/p>\n<\/div>\n\n\n\n<div class=\"wp-block-column\">\n<p>Di seguito sono elencati i principali servizi di web design che offro:<\/p>\n\n\n\n<h3 class=\"wp-block-heading\">Sito web aziendale<\/h3>\n\n\n\n<p>Si tratta di un sito web che contiene le informazioni principali sull&#8217;azienda, come la sua storia, i membri del team, i principali servizi offerti e i contatti. Esistono anche molti siti web aziendali che includono un blog: un blog \u00e8 una sezione del sito web in cui l&#8217;azienda pubblica con una certa frequenza contenuti che possono essere di interesse per i potenziali clienti, come notizie, promozioni, formazione o interviste a dipendenti e fornitori.<\/p>\n\n\n\n<h3 class=\"wp-block-heading\">Cat\u00e1logo online<\/h3>\n\n\n\n<p>Il catalogo online \u00e8 una tappa intermedia tra il sito web aziendale e il negozio online. Si tratta di un sito informativo in cui, oltre a parlare dell&#8217;azienda, della sua storia e di come contattarla, viene offerto al visitatore un catalogo dei suoi servizi o prodotti. Non c&#8217;\u00e8 la possibilit\u00e0 di acquistare, ma il cliente pu\u00f2 vedere che tipo di prodotti o servizi offre l&#8217;azienda comodamente seduto sulla poltrona di casa.<\/p>\n\n\n\n<h3 class=\"wp-block-heading\">Negozio online<\/h3>\n\n\n\n<p>Lo shop online o e-commerce \u00e8 una vetrina virtuale in cui i visitatori possono acquistare direttamente i prodotti offerti. Il prodotto \u00e8 corredato di foto, descrizione e prezzo, il visitatore dello shop online pu\u00f2 effettuare una transazione e ricevere il prodotto comodamente a casa sua. Le transazioni online hanno registrato un aumento significativo in ogni settore, soprattutto in seguito alla pandemia, quando i piccoli negozi si sono uniti alle vendite online attraverso i loro siti web.<\/p>\n\n\n\n<h3 class=\"wp-block-heading\">Siti web per la prenotazione di appuntamenti<\/h3>\n\n\n\n<p>Un&#8217;altra opzione molto interessante per le piccole imprese \u00e8 rappresentata dai siti web che offrono un sistema di prenotazione o di appuntamento per i loro clienti. \u00c8 l&#8217;ideale per le piccole imprese come ristoranti, parrucchieri, saloni di bellezza, studi legali o medici che vogliono organizzare la loro agenda e allo stesso tempo offrire ai visitatori un servizio rapido e comodo per prenotare il loro appuntamento.<\/p>\n\n\n\n<h3 class=\"wp-block-heading\">Landing page<\/h3>\n\n\n\n<p>Le landing page sono semplici pagine web orientate a specifiche campagne pubblicitarie o a singoli prodotti. Sono progettate per raggiungere un unico obiettivo: vendere un prodotto, prenotare un biglietto o raccogliere i dati personali del visitatore.<\/p>\n\n\n\n<p>Oltre al web design del vostro sito ideale (negozio, catalogo, landing page\u2026) vi consiglio di puntare sul <a href=\"https:\/\/eribertocaria.com\/it\/servizi\/web-marketing\/\">web marketing<\/a> per aumentare le visite e le vendite.<\/p>\n\n\n\n<p>In sintesi, il primo passo \u00e8 quello di avere un sito totalmente personalizzato e originale, diverso dai template utilizzati dalla concorrenza, che rappresenti e sia in linea con la <a href=\"https:\/\/eribertocaria.com\/it\/servizi\/identita-aziendale\/\">corporate identity<\/a> dell&#8217;azienda.<\/p>\n\n\n\n<p><a href=\"https:\/\/eribertocaria.com\/it\/contatti\/\">Contattaci<\/a> per definire il progetto web di cui hai bisogno, tenendo conto delle particolarit\u00e0 della tua azienda per offrirti un design personalizzato che ti permetta di differenziarti e offrire un valore aggiunto ai tuoi clienti.<\/p>\n<\/div>\n<\/div>\n<\/div><\/div>\n","protected":false},"excerpt":{"rendered":"<p>Web design Servizi professionali di progettazione e sviluppo web per aziende di diversi settori. Fatti notare e differenzia la tua presenza online dalla concorrenza. Il web design \u00e8 oggi un fattore chiave per il successo delle aziende su Internet. Poich\u00e9 \u00e8 la prima impressione che i clienti hanno delle aziende, \u00e8 di fondamentale importanza curare [&hellip;]<\/p>\n","protected":false},"author":2,"featured_media":0,"parent":8375,"menu_order":5,"comment_status":"closed","ping_status":"closed","template":"fullwidth-without-title.php","meta":{"_acf_changed":false,"footnotes":""},"class_list":["post-8143","page","type-page","status-publish","hentry"],"acf":[],"yoast_head":"<!-- This site is optimized with the Yoast SEO plugin v27.1.1 - https:\/\/yoast.com\/product\/yoast-seo-wordpress\/ -->\n<title>Web design e sviluppo web professionali &#8211; Eriberto Caria<\/title>\n<meta name=\"description\" content=\"Servizi professionali di web design e sviluppo web per tutti i tipi di aziende e settori. Distinguiti su Internet e differenziati dalla concorrenza.\" \/>\n<meta name=\"robots\" content=\"index, follow, max-snippet:-1, max-image-preview:large, max-video-preview:-1\" \/>\n<link rel=\"canonical\" href=\"https:\/\/eribertocaria.com\/it\/servizi\/web-design\/\" \/>\n<meta property=\"og:locale\" content=\"it_IT\" \/>\n<meta property=\"og:type\" content=\"article\" \/>\n<meta property=\"og:title\" content=\"Web design e sviluppo web professionali &#8211; Eriberto Caria\" \/>\n<meta property=\"og:description\" content=\"Servizi professionali di web design e sviluppo web per tutti i tipi di aziende e settori. Distinguiti su Internet e differenziati dalla concorrenza.\" \/>\n<meta property=\"og:url\" content=\"https:\/\/eribertocaria.com\/it\/servizi\/web-design\/\" \/>\n<meta property=\"og:site_name\" content=\"Eriberto Caria\" \/>\n<meta property=\"article:modified_time\" content=\"2026-01-05T16:51:31+00:00\" \/>\n<meta property=\"og:image\" content=\"https:\/\/eribertocaria.com\/wp-content\/uploads\/2024\/03\/Diseno-web-1.jpg\" \/>\n<meta name=\"twitter:card\" content=\"summary_large_image\" \/>\n<meta name=\"twitter:label1\" content=\"Tempo di lettura stimato\" \/>\n\t<meta name=\"twitter:data1\" content=\"5 minuti\" \/>\n<script type=\"application\/ld+json\" class=\"yoast-schema-graph\">{\"@context\":\"https:\/\/schema.org\",\"@graph\":[{\"@type\":\"WebPage\",\"@id\":\"https:\/\/eribertocaria.com\/it\/servizi\/web-design\/\",\"url\":\"https:\/\/eribertocaria.com\/it\/servizi\/web-design\/\",\"name\":\"Web design e sviluppo web professionali &#8211; Eriberto Caria\",\"isPartOf\":{\"@id\":\"https:\/\/eribertocaria.com\/it\/#website\"},\"primaryImageOfPage\":{\"@id\":\"https:\/\/eribertocaria.com\/it\/servizi\/web-design\/#primaryimage\"},\"image\":{\"@id\":\"https:\/\/eribertocaria.com\/it\/servizi\/web-design\/#primaryimage\"},\"thumbnailUrl\":\"https:\/\/eribertocaria.com\/wp-content\/uploads\/2024\/03\/Diseno-web-1.jpg\",\"datePublished\":\"2023-01-26T13:54:14+00:00\",\"dateModified\":\"2026-01-05T16:51:31+00:00\",\"description\":\"Servizi professionali di web design e sviluppo web per tutti i tipi di aziende e settori. Distinguiti su Internet e differenziati dalla concorrenza.\",\"breadcrumb\":{\"@id\":\"https:\/\/eribertocaria.com\/it\/servizi\/web-design\/#breadcrumb\"},\"inLanguage\":\"it-IT\",\"potentialAction\":[{\"@type\":\"ReadAction\",\"target\":[\"https:\/\/eribertocaria.com\/it\/servizi\/web-design\/\"]}]},{\"@type\":\"ImageObject\",\"inLanguage\":\"it-IT\",\"@id\":\"https:\/\/eribertocaria.com\/it\/servizi\/web-design\/#primaryimage\",\"url\":\"https:\/\/eribertocaria.com\/wp-content\/uploads\/2024\/03\/Diseno-web-1.jpg\",\"contentUrl\":\"https:\/\/eribertocaria.com\/wp-content\/uploads\/2024\/03\/Diseno-web-1.jpg\"},{\"@type\":\"BreadcrumbList\",\"@id\":\"https:\/\/eribertocaria.com\/it\/servizi\/web-design\/#breadcrumb\",\"itemListElement\":[{\"@type\":\"ListItem\",\"position\":1,\"name\":\"Servizi\",\"item\":\"https:\/\/eribertocaria.com\/it\/servizi\/\"},{\"@type\":\"ListItem\",\"position\":2,\"name\":\"Web design\"}]},{\"@type\":\"WebSite\",\"@id\":\"https:\/\/eribertocaria.com\/it\/#website\",\"url\":\"https:\/\/eribertocaria.com\/it\/\",\"name\":\"Eriberto Caria\",\"description\":\"Dise\u00f1ador gr\u00e1fico freelance\",\"potentialAction\":[{\"@type\":\"SearchAction\",\"target\":{\"@type\":\"EntryPoint\",\"urlTemplate\":\"https:\/\/eribertocaria.com\/it\/?s={search_term_string}\"},\"query-input\":{\"@type\":\"PropertyValueSpecification\",\"valueRequired\":true,\"valueName\":\"search_term_string\"}}],\"inLanguage\":\"it-IT\"}]}<\/script>\n<!-- \/ Yoast SEO plugin. -->","yoast_head_json":{"title":"Web design e sviluppo web professionali &#8211; Eriberto Caria","description":"Servizi professionali di web design e sviluppo web per tutti i tipi di aziende e settori. Distinguiti su Internet e differenziati dalla concorrenza.","robots":{"index":"index","follow":"follow","max-snippet":"max-snippet:-1","max-image-preview":"max-image-preview:large","max-video-preview":"max-video-preview:-1"},"canonical":"https:\/\/eribertocaria.com\/it\/servizi\/web-design\/","og_locale":"it_IT","og_type":"article","og_title":"Web design e sviluppo web professionali &#8211; Eriberto Caria","og_description":"Servizi professionali di web design e sviluppo web per tutti i tipi di aziende e settori. Distinguiti su Internet e differenziati dalla concorrenza.","og_url":"https:\/\/eribertocaria.com\/it\/servizi\/web-design\/","og_site_name":"Eriberto Caria","article_modified_time":"2026-01-05T16:51:31+00:00","og_image":[{"url":"https:\/\/eribertocaria.com\/wp-content\/uploads\/2024\/03\/Diseno-web-1.jpg","type":"","width":"","height":""}],"twitter_card":"summary_large_image","twitter_misc":{"Tempo di lettura stimato":"5 minuti"},"schema":{"@context":"https:\/\/schema.org","@graph":[{"@type":"WebPage","@id":"https:\/\/eribertocaria.com\/it\/servizi\/web-design\/","url":"https:\/\/eribertocaria.com\/it\/servizi\/web-design\/","name":"Web design e sviluppo web professionali &#8211; Eriberto Caria","isPartOf":{"@id":"https:\/\/eribertocaria.com\/it\/#website"},"primaryImageOfPage":{"@id":"https:\/\/eribertocaria.com\/it\/servizi\/web-design\/#primaryimage"},"image":{"@id":"https:\/\/eribertocaria.com\/it\/servizi\/web-design\/#primaryimage"},"thumbnailUrl":"https:\/\/eribertocaria.com\/wp-content\/uploads\/2024\/03\/Diseno-web-1.jpg","datePublished":"2023-01-26T13:54:14+00:00","dateModified":"2026-01-05T16:51:31+00:00","description":"Servizi professionali di web design e sviluppo web per tutti i tipi di aziende e settori. Distinguiti su Internet e differenziati dalla concorrenza.","breadcrumb":{"@id":"https:\/\/eribertocaria.com\/it\/servizi\/web-design\/#breadcrumb"},"inLanguage":"it-IT","potentialAction":[{"@type":"ReadAction","target":["https:\/\/eribertocaria.com\/it\/servizi\/web-design\/"]}]},{"@type":"ImageObject","inLanguage":"it-IT","@id":"https:\/\/eribertocaria.com\/it\/servizi\/web-design\/#primaryimage","url":"https:\/\/eribertocaria.com\/wp-content\/uploads\/2024\/03\/Diseno-web-1.jpg","contentUrl":"https:\/\/eribertocaria.com\/wp-content\/uploads\/2024\/03\/Diseno-web-1.jpg"},{"@type":"BreadcrumbList","@id":"https:\/\/eribertocaria.com\/it\/servizi\/web-design\/#breadcrumb","itemListElement":[{"@type":"ListItem","position":1,"name":"Servizi","item":"https:\/\/eribertocaria.com\/it\/servizi\/"},{"@type":"ListItem","position":2,"name":"Web design"}]},{"@type":"WebSite","@id":"https:\/\/eribertocaria.com\/it\/#website","url":"https:\/\/eribertocaria.com\/it\/","name":"Eriberto Caria","description":"Dise\u00f1ador gr\u00e1fico freelance","potentialAction":[{"@type":"SearchAction","target":{"@type":"EntryPoint","urlTemplate":"https:\/\/eribertocaria.com\/it\/?s={search_term_string}"},"query-input":{"@type":"PropertyValueSpecification","valueRequired":true,"valueName":"search_term_string"}}],"inLanguage":"it-IT"}]}},"_links":{"self":[{"href":"https:\/\/eribertocaria.com\/it\/wp-json\/wp\/v2\/pages\/8143","targetHints":{"allow":["GET"]}}],"collection":[{"href":"https:\/\/eribertocaria.com\/it\/wp-json\/wp\/v2\/pages"}],"about":[{"href":"https:\/\/eribertocaria.com\/it\/wp-json\/wp\/v2\/types\/page"}],"author":[{"embeddable":true,"href":"https:\/\/eribertocaria.com\/it\/wp-json\/wp\/v2\/users\/2"}],"replies":[{"embeddable":true,"href":"https:\/\/eribertocaria.com\/it\/wp-json\/wp\/v2\/comments?post=8143"}],"version-history":[{"count":24,"href":"https:\/\/eribertocaria.com\/it\/wp-json\/wp\/v2\/pages\/8143\/revisions"}],"predecessor-version":[{"id":13473,"href":"https:\/\/eribertocaria.com\/it\/wp-json\/wp\/v2\/pages\/8143\/revisions\/13473"}],"up":[{"embeddable":true,"href":"https:\/\/eribertocaria.com\/it\/wp-json\/wp\/v2\/pages\/8375"}],"wp:attachment":[{"href":"https:\/\/eribertocaria.com\/it\/wp-json\/wp\/v2\/media?parent=8143"}],"curies":[{"name":"wp","href":"https:\/\/api.w.org\/{rel}","templated":true}]}}