{"id":8132,"date":"2023-01-26T11:27:27","date_gmt":"2023-01-26T10:27:27","guid":{"rendered":"https:\/\/eribertocaria.com\/diseno-de-packaging\/"},"modified":"2026-01-05T17:51:11","modified_gmt":"2026-01-05T16:51:11","slug":"packaging-design","status":"publish","type":"page","link":"https:\/\/eribertocaria.com\/it\/servizi\/packaging-design\/","title":{"rendered":"Packaging design"},"content":{"rendered":"\n<div class=\"wp-block-group bloque-1\" data-aos=\"fade\"><div class=\"wp-block-group__inner-container\">\n<figure class=\"wp-block-image alignfull size-full\" data-aos=\"fade-up\"><img loading=\"lazy\" decoding=\"async\" width=\"2000\" height=\"1334\" src=\"https:\/\/eribertocaria.com\/wp-content\/uploads\/2024\/01\/zafferano-cortis-05.jpg\" alt=\"\" class=\"wp-image-9535\"\/><\/figure>\n\n\n\n<h1 class=\"wp-block-heading\" data-aos=\"fade-up\">Packaging design<\/h1>\n<\/div><\/div>\n\n\n\n<div class=\"wp-block-group bloque-2\"><div class=\"wp-block-group__inner-container\">\n<div class=\"wp-block-columns\">\n<div class=\"wp-block-column left\">\n<p>Trasforma il tuo prodotto con un packaging unico e accattivante. Fatti notare rispetto alla concorrenza e potenzia le tue vendite.<\/p>\n<\/div>\n\n\n\n<div class=\"wp-block-column right\">\n<p>Il design del packaging consiste nel creare un&#8217;immagine per i vostri prodotti che sia legata alla vostra <a href=\"https:\/\/eribertocaria.com\/it\/servizi\/identita-aziendale\/\">identit\u00e0 aziendale<\/a> e fornisca un valore unico rispetto alla concorrenza. Infatti, \u00e8 attraverso il design del packaging e delle etichette che la tua azienda stabilisce il primo contatto con i consumatori e li spinge ad acquistare.<\/p>\n\n\n\n<h2 class=\"wp-block-heading\">Che cos&#8217;\u00e8 il packaging design?<\/h2>\n\n\n\n<p>Il packaging design \u00e8 l&#8217;attivit\u00e0 tecnica responsabile della presentazione di un prodotto. Si tratta di un lavoro professionale e creativo per progettare la confezione di un prodotto, che sia attraente per il potenziale cliente e, allo stesso tempo, sia coerente con l&#8217;immagine e <a href=\"https:\/\/eribertocaria.com\/it\/servizi\/identita-aziendale\/\">l&#8217;identit\u00e0 aziendale<\/a>.<\/p>\n\n\n\n<p>Il design del packaging coinvolge tutto ci\u00f2 che riguarda l&#8217;immagine della confezione, dell&#8217;involucro e dell&#8217;etichetta di un prodotto che viene messo in vendita sul mercato.<\/p>\n\n\n\n<p>Nell&#8217;ambito del processo di vendita e distribuzione dei prodotti, \u00e8 importante considerare il design del packaging unico e originale come parte dell&#8217;<a href=\"https:\/\/eribertocaria.com\/it\/servizi\/identita-aziendale\/\">identit\u00e0 aziendale<\/a>. Poich\u00e9 rappresenta il canale informativo per il cliente sul prodotto, il primo obiettivo \u00e8 catturare l&#8217;attenzione dei consumatori.<\/p>\n\n\n\n<p>In sintesi, possiamo dire che il design del packaging protegge, contiene, informa, orienta e pubblicizza un determinato prodotto. Ci\u00f2 avviene in collaborazione con le idee del cliente, al fine di trasmettere un messaggio chiaro che rafforzi l&#8217;immagine aziendale e allo stesso tempo sia attraente per il consumatore.<\/p>\n\n\n\n<p>Durante questo processo creativo, un esperto di design interviene per canalizzare le idee, definire una proposta e sviluppare un piano d&#8217;azione per ottenere un prodotto finale soddisfacente.<\/p>\n<\/div>\n<\/div>\n<\/div><\/div>\n\n\n\n<div class=\"wp-block-group bloque-3\"><div class=\"wp-block-group__inner-container\">\n<div class=\"wp-block-columns\">\n<div class=\"wp-block-column\">\n<h2 class=\"wp-block-heading\">I pilastri del packaging design<\/h2>\n\n\n\n<p>Quando si entra nel mondo del packaging design, si prendono in considerazione tre pilastri o basi fondamentali. Questi sono:<\/p>\n\n\n\n<h3 class=\"wp-block-heading\">Tendenze del design<\/h3>\n\n\n\n<p>Il fattore principale che un design di packaging deve avere \u00e8 che a priori sia attraente per gli occhi del potenziale cliente e possa attirare la sua attenzione su uno scaffale pieno di altre opzioni. Differenziarsi dagli altri \u00e8 una delle chiavi di un buon design.<\/p>\n\n\n\n<h3 class=\"wp-block-heading\">Esperienza del consumatore<\/h3>\n\n\n\n<p>L&#8217;intenzione \u00e8 quella di far s\u00ec che il consumatore finale abbia una buona esperienza con la confezione del prodotto e che l&#8217;apertura e l&#8217;utilizzo dell&#8217;articolo siano molto piacevoli.<\/p>\n\n\n\n<h3 class=\"wp-block-heading\">Sostenibilit\u00e0<\/h3>\n\n\n\n<p>Idealmente, ogni progetto dovrebbe basarsi su proposte ecologiche e rispettose dell&#8217;ambiente. In altre parole, optare per materiali riciclabili e imballaggi riutilizzabili o ricaricabili. Al giorno d&#8217;oggi, optare per un design di packaging coinvolgente \u00e8 una scelta sagace per accentuare l&#8217;immagine del marchio.<\/p>\n\n\n\n<h2 class=\"wp-block-heading\">Tipi di packaging<\/h2>\n\n\n\n<p>Nella progettazione degli imballaggi, dobbiamo considerare alcune caratteristiche che vanno al di l\u00e0 della mera capacit\u00e0 di attirare i consumatori o i clienti. Pertanto, si possono elencare tre tipi di imballaggi in base alla loro funzione:<\/p>\n\n\n\n<h3 class=\"wp-block-heading\">Packaging primario <\/h3>\n\n\n\n<p>Sono quelli che stanno a diretto contatto con il prodotto. Ad esempio, un flacone di profumo.<\/p>\n\n\n\n<h3 class=\"wp-block-heading\">Packaging secondario<\/h3>\n\n\n\n<p>\u00c8 l&#8217;insieme degli imballaggi che proteggono il prodotto. Seguendo l&#8217;esempio precedente, \u00e8 rappresentato dalla scatola di cartone che contiene il profumo.<\/p>\n\n\n\n<h3 class=\"wp-block-heading\">Packaging terciario<\/h3>\n\n\n\n<p>Si riferisce alle scatole per lo stoccaggio e il trasporto di prodotti in quantit\u00e0.<\/p>\n\n\n\n<h2 class=\"wp-block-heading\">Materiali utilizzati nella progettazione degli imballaggi<\/h2>\n\n\n\n<p>Quando si progetta un packaging design, \u00e8 necessario considerare principalmente il settore in cui si trova il prodotto e il suo utilizzo. Si deve tenere conto anche della composizione dell&#8217;articolo, se liquido o solido. Inoltre, dipender\u00e0 dalle dimensioni, dalla forma e dalla densit\u00e0, oltre che dai destinatari della presentazione commerciale del prodotto. Ovvero, se si tratta di un prodotto per uso quotidiano, per uso esclusivo o per uso professionale.<\/p>\n\n\n\n<p>Pertanto, possiamo evidenziare i cinque materiali pi\u00f9 comuni per l&#8217;imballaggio o il confezionamento dei prodotti. Questi sono:<\/p>\n\n\n\n<ul class=\"wp-block-list\">\n<li>carta e cartone<\/li>\n\n\n\n<li>vetro o cristallo<\/li>\n\n\n\n<li>alluminio<\/li>\n\n\n\n<li>plastica<\/li>\n\n\n\n<li>termoplastico<\/li>\n<\/ul>\n<\/div>\n\n\n\n<div class=\"wp-block-column\">\n<h2 class=\"wp-block-heading\">Quali altri aspetti devo considerare quando progetto il packaging?<\/h2>\n\n\n\n<p>In primo luogo, \u00e8 necessario considerare il marchio e il logo dell&#8217;azienda, nonch\u00e9 il colore e lo stile grafico che la identificano. Questo, con l&#8217;obiettivo che il design del packaging o dell&#8217;etichetta sia strettamente correlato all&#8217;azienda che produce il prodotto.<\/p>\n\n\n\n<p>Anche l&#8217;aspetto dell&#8217;imballaggio del prodotto \u00e8 fondamentale da considerare durante la progettazione delle informazioni relative a ci\u00f2 che si intende vendere. Per questo motivo, \u00e8 fondamentale ricevere una consulenza sulla scelta del tipo di confezione. Vale a dire, per esporre e distribuire adeguatamente le informazioni su ingredienti, utilit\u00e0, istruzioni per l&#8217;uso e origine, tra le altre cose.<\/p>\n\n\n\n<p>Inoltre, avere una consulenza professionale vi permetter\u00e0 di scegliere l&#8217;imballaggio giusto per raggiungere il consumatore finale con una presentazione intatta. Pertanto, occorre considerare gli aspetti legati alla forma di distribuzione e al tipo di trasporto da utilizzare.<\/p>\n\n\n\n<p>Inoltre, occorre prendere in considerazione anche la gestione dello stoccaggio del prodotto e gli aspetti legali associati al processo di progettazione del packaging.<\/p>\n\n\n\n<p>Infine, si devono essere tenuti presenti elementi come i colori e le forme, che possono attrarre il consumatore in misura maggiore o minore. Pertanto, vengono stabiliti alcuni criteri di marketing per generare risposte da parte del pubblico in base a determinati aspetti grafici.<\/p>\n\n\n\n<h2 class=\"wp-block-heading\">Vantaggi del design del packaging<\/h2>\n\n\n\n<p>I vantaggi di affidarsi a un esperto per la progettazione di imballaggi sono davvero molti. L&#8217;obiettivo \u00e8 creare un&#8217;immagine professionale della vostra azienda e generare la fiducia dei consumatori.<\/p>\n\n\n\n<p>Tra i numerosi vantaggi del design del packaging, possiamo evidenziare i seguenti:<\/p>\n\n\n\n<ul class=\"wp-block-list\">\n<li>Ti permette di differenziarti dalla concorrenza.<\/li>\n\n\n\n<li>I consumatori potranno identificarti e riconoscerti facilmente.<\/li>\n\n\n\n<li>Crea un&#8217;immagine pi\u00f9 affidabile.<\/li>\n\n\n\n<li>Attirare i clienti ad acquistare il prodotto attraverso la presentazione.<\/li>\n\n\n\n<li>Fidelizzazione duratura dei consumatori.<\/li>\n\n\n\n<li>Protezione e conservazione del prodotto intatto dal produttore al consumatore finale.<\/li>\n\n\n\n<li>Aumentare il valore percepito con la scelta del materiale da utilizzare.<\/li>\n\n\n\n<li>Fornire un&#8217;esperienza piacevole al consumatore.<\/li>\n<\/ul>\n\n\n\n<p>Il raggiungimento di un buon design del packaging va di pari passo con il processo di comunicazione con il cliente. Per questo, studio e sviluppo caratteristiche e modelli in accordo con il tuo marchio, adattando ogni idea in un quadro professionale ed estetico.<\/p>\n\n\n\n<p>In sintesi, l&#8217;ideale \u00e8 sviluppare una proposta di packaging design e di label design in cui si possa costruire un progetto personalizzato. Questo deve essere in grado di catturare l&#8217;attenzione, offrire informazioni preziose con gli attributi del prodotto, mantenere un concetto estetico e, allo stesso tempo, proteggere il prodotto.<\/p>\n\n\n\n<p>Se stai cercando un progetto di packaging per i tuoi prodotti, <a href=\"https:\/\/eribertocaria.com\/it\/contatti\/\">contattaci<\/a> e insieme studieremo la proposta pi\u00f9 adatta alle tue esigenze.<\/p>\n<\/div>\n<\/div>\n<\/div><\/div>\n","protected":false},"excerpt":{"rendered":"<p>Packaging design Trasforma il tuo prodotto con un packaging unico e accattivante. Fatti notare rispetto alla concorrenza e potenzia le tue vendite. Il design del packaging consiste nel creare un&#8217;immagine per i vostri prodotti che sia legata alla vostra identit\u00e0 aziendale e fornisca un valore unico rispetto alla concorrenza. Infatti, \u00e8 attraverso il design del [&hellip;]<\/p>\n","protected":false},"author":2,"featured_media":0,"parent":8375,"menu_order":4,"comment_status":"closed","ping_status":"closed","template":"fullwidth-without-title.php","meta":{"_acf_changed":false,"footnotes":""},"class_list":["post-8132","page","type-page","status-publish","hentry"],"acf":[],"yoast_head":"<!-- This site is optimized with the Yoast SEO plugin v27.1.1 - https:\/\/yoast.com\/product\/yoast-seo-wordpress\/ -->\n<title>Servizio di packaging design professionale &#8211; Eriberto Caria<\/title>\n<meta name=\"description\" content=\"Servizi di progettazione di packaging innovativi e su misura per distinguere il tuo prodotto dalla concorrenza e far risaltare il tuo marchio sullo scaffale!\" \/>\n<meta name=\"robots\" content=\"index, follow, max-snippet:-1, max-image-preview:large, max-video-preview:-1\" \/>\n<link rel=\"canonical\" href=\"https:\/\/eribertocaria.com\/it\/servizi\/packaging-design\/\" \/>\n<meta property=\"og:locale\" content=\"it_IT\" \/>\n<meta property=\"og:type\" content=\"article\" \/>\n<meta property=\"og:title\" content=\"Servizio di packaging design professionale &#8211; Eriberto Caria\" \/>\n<meta property=\"og:description\" content=\"Servizi di progettazione di packaging innovativi e su misura per distinguere il tuo prodotto dalla concorrenza e far risaltare il tuo marchio sullo scaffale!\" \/>\n<meta property=\"og:url\" content=\"https:\/\/eribertocaria.com\/it\/servizi\/packaging-design\/\" \/>\n<meta property=\"og:site_name\" content=\"Eriberto Caria\" \/>\n<meta property=\"article:modified_time\" content=\"2026-01-05T16:51:11+00:00\" \/>\n<meta property=\"og:image\" content=\"https:\/\/eribertocaria.com\/wp-content\/uploads\/2024\/01\/zafferano-cortis-05.jpg\" \/>\n<meta name=\"twitter:card\" content=\"summary_large_image\" \/>\n<meta name=\"twitter:label1\" content=\"Tempo di lettura stimato\" \/>\n\t<meta name=\"twitter:data1\" content=\"5 minuti\" \/>\n<script type=\"application\/ld+json\" class=\"yoast-schema-graph\">{\"@context\":\"https:\/\/schema.org\",\"@graph\":[{\"@type\":\"WebPage\",\"@id\":\"https:\/\/eribertocaria.com\/it\/servizi\/packaging-design\/\",\"url\":\"https:\/\/eribertocaria.com\/it\/servizi\/packaging-design\/\",\"name\":\"Servizio di packaging design professionale &#8211; Eriberto Caria\",\"isPartOf\":{\"@id\":\"https:\/\/eribertocaria.com\/it\/#website\"},\"primaryImageOfPage\":{\"@id\":\"https:\/\/eribertocaria.com\/it\/servizi\/packaging-design\/#primaryimage\"},\"image\":{\"@id\":\"https:\/\/eribertocaria.com\/it\/servizi\/packaging-design\/#primaryimage\"},\"thumbnailUrl\":\"https:\/\/eribertocaria.com\/wp-content\/uploads\/2024\/01\/zafferano-cortis-05.jpg\",\"datePublished\":\"2023-01-26T10:27:27+00:00\",\"dateModified\":\"2026-01-05T16:51:11+00:00\",\"description\":\"Servizi di progettazione di packaging innovativi e su misura per distinguere il tuo prodotto dalla concorrenza e far risaltare il tuo marchio sullo scaffale!\",\"breadcrumb\":{\"@id\":\"https:\/\/eribertocaria.com\/it\/servizi\/packaging-design\/#breadcrumb\"},\"inLanguage\":\"it-IT\",\"potentialAction\":[{\"@type\":\"ReadAction\",\"target\":[\"https:\/\/eribertocaria.com\/it\/servizi\/packaging-design\/\"]}]},{\"@type\":\"ImageObject\",\"inLanguage\":\"it-IT\",\"@id\":\"https:\/\/eribertocaria.com\/it\/servizi\/packaging-design\/#primaryimage\",\"url\":\"https:\/\/eribertocaria.com\/wp-content\/uploads\/2024\/01\/zafferano-cortis-05.jpg\",\"contentUrl\":\"https:\/\/eribertocaria.com\/wp-content\/uploads\/2024\/01\/zafferano-cortis-05.jpg\"},{\"@type\":\"BreadcrumbList\",\"@id\":\"https:\/\/eribertocaria.com\/it\/servizi\/packaging-design\/#breadcrumb\",\"itemListElement\":[{\"@type\":\"ListItem\",\"position\":1,\"name\":\"Servizi\",\"item\":\"https:\/\/eribertocaria.com\/it\/servizi\/\"},{\"@type\":\"ListItem\",\"position\":2,\"name\":\"Packaging design\"}]},{\"@type\":\"WebSite\",\"@id\":\"https:\/\/eribertocaria.com\/it\/#website\",\"url\":\"https:\/\/eribertocaria.com\/it\/\",\"name\":\"Eriberto Caria\",\"description\":\"Dise\u00f1ador gr\u00e1fico freelance\",\"potentialAction\":[{\"@type\":\"SearchAction\",\"target\":{\"@type\":\"EntryPoint\",\"urlTemplate\":\"https:\/\/eribertocaria.com\/it\/?s={search_term_string}\"},\"query-input\":{\"@type\":\"PropertyValueSpecification\",\"valueRequired\":true,\"valueName\":\"search_term_string\"}}],\"inLanguage\":\"it-IT\"}]}<\/script>\n<!-- \/ Yoast SEO plugin. -->","yoast_head_json":{"title":"Servizio di packaging design professionale &#8211; Eriberto Caria","description":"Servizi di progettazione di packaging innovativi e su misura per distinguere il tuo prodotto dalla concorrenza e far risaltare il tuo marchio sullo scaffale!","robots":{"index":"index","follow":"follow","max-snippet":"max-snippet:-1","max-image-preview":"max-image-preview:large","max-video-preview":"max-video-preview:-1"},"canonical":"https:\/\/eribertocaria.com\/it\/servizi\/packaging-design\/","og_locale":"it_IT","og_type":"article","og_title":"Servizio di packaging design professionale &#8211; Eriberto Caria","og_description":"Servizi di progettazione di packaging innovativi e su misura per distinguere il tuo prodotto dalla concorrenza e far risaltare il tuo marchio sullo scaffale!","og_url":"https:\/\/eribertocaria.com\/it\/servizi\/packaging-design\/","og_site_name":"Eriberto Caria","article_modified_time":"2026-01-05T16:51:11+00:00","og_image":[{"url":"https:\/\/eribertocaria.com\/wp-content\/uploads\/2024\/01\/zafferano-cortis-05.jpg","type":"","width":"","height":""}],"twitter_card":"summary_large_image","twitter_misc":{"Tempo di lettura stimato":"5 minuti"},"schema":{"@context":"https:\/\/schema.org","@graph":[{"@type":"WebPage","@id":"https:\/\/eribertocaria.com\/it\/servizi\/packaging-design\/","url":"https:\/\/eribertocaria.com\/it\/servizi\/packaging-design\/","name":"Servizio di packaging design professionale &#8211; Eriberto Caria","isPartOf":{"@id":"https:\/\/eribertocaria.com\/it\/#website"},"primaryImageOfPage":{"@id":"https:\/\/eribertocaria.com\/it\/servizi\/packaging-design\/#primaryimage"},"image":{"@id":"https:\/\/eribertocaria.com\/it\/servizi\/packaging-design\/#primaryimage"},"thumbnailUrl":"https:\/\/eribertocaria.com\/wp-content\/uploads\/2024\/01\/zafferano-cortis-05.jpg","datePublished":"2023-01-26T10:27:27+00:00","dateModified":"2026-01-05T16:51:11+00:00","description":"Servizi di progettazione di packaging innovativi e su misura per distinguere il tuo prodotto dalla concorrenza e far risaltare il tuo marchio sullo scaffale!","breadcrumb":{"@id":"https:\/\/eribertocaria.com\/it\/servizi\/packaging-design\/#breadcrumb"},"inLanguage":"it-IT","potentialAction":[{"@type":"ReadAction","target":["https:\/\/eribertocaria.com\/it\/servizi\/packaging-design\/"]}]},{"@type":"ImageObject","inLanguage":"it-IT","@id":"https:\/\/eribertocaria.com\/it\/servizi\/packaging-design\/#primaryimage","url":"https:\/\/eribertocaria.com\/wp-content\/uploads\/2024\/01\/zafferano-cortis-05.jpg","contentUrl":"https:\/\/eribertocaria.com\/wp-content\/uploads\/2024\/01\/zafferano-cortis-05.jpg"},{"@type":"BreadcrumbList","@id":"https:\/\/eribertocaria.com\/it\/servizi\/packaging-design\/#breadcrumb","itemListElement":[{"@type":"ListItem","position":1,"name":"Servizi","item":"https:\/\/eribertocaria.com\/it\/servizi\/"},{"@type":"ListItem","position":2,"name":"Packaging design"}]},{"@type":"WebSite","@id":"https:\/\/eribertocaria.com\/it\/#website","url":"https:\/\/eribertocaria.com\/it\/","name":"Eriberto Caria","description":"Dise\u00f1ador gr\u00e1fico freelance","potentialAction":[{"@type":"SearchAction","target":{"@type":"EntryPoint","urlTemplate":"https:\/\/eribertocaria.com\/it\/?s={search_term_string}"},"query-input":{"@type":"PropertyValueSpecification","valueRequired":true,"valueName":"search_term_string"}}],"inLanguage":"it-IT"}]}},"_links":{"self":[{"href":"https:\/\/eribertocaria.com\/it\/wp-json\/wp\/v2\/pages\/8132","targetHints":{"allow":["GET"]}}],"collection":[{"href":"https:\/\/eribertocaria.com\/it\/wp-json\/wp\/v2\/pages"}],"about":[{"href":"https:\/\/eribertocaria.com\/it\/wp-json\/wp\/v2\/types\/page"}],"author":[{"embeddable":true,"href":"https:\/\/eribertocaria.com\/it\/wp-json\/wp\/v2\/users\/2"}],"replies":[{"embeddable":true,"href":"https:\/\/eribertocaria.com\/it\/wp-json\/wp\/v2\/comments?post=8132"}],"version-history":[{"count":25,"href":"https:\/\/eribertocaria.com\/it\/wp-json\/wp\/v2\/pages\/8132\/revisions"}],"predecessor-version":[{"id":13472,"href":"https:\/\/eribertocaria.com\/it\/wp-json\/wp\/v2\/pages\/8132\/revisions\/13472"}],"up":[{"embeddable":true,"href":"https:\/\/eribertocaria.com\/it\/wp-json\/wp\/v2\/pages\/8375"}],"wp:attachment":[{"href":"https:\/\/eribertocaria.com\/it\/wp-json\/wp\/v2\/media?parent=8132"}],"curies":[{"name":"wp","href":"https:\/\/api.w.org\/{rel}","templated":true}]}}