{"id":8120,"date":"2023-01-26T14:31:41","date_gmt":"2023-01-26T13:31:41","guid":{"rendered":"https:\/\/eribertocaria.com\/diseno-editorial\/"},"modified":"2026-01-05T17:49:48","modified_gmt":"2026-01-05T16:49:48","slug":"design-editoriale","status":"publish","type":"page","link":"https:\/\/eribertocaria.com\/it\/servizi\/design-editoriale\/","title":{"rendered":"Design editoriale"},"content":{"rendered":"\n<div class=\"wp-block-group bloque-1\" data-aos=\"fade\"><div class=\"wp-block-group__inner-container\">\n<figure class=\"wp-block-image alignfull size-full\" data-aos=\"fade-up\"><img loading=\"lazy\" decoding=\"async\" width=\"1920\" height=\"1211\" src=\"https:\/\/eribertocaria.com\/wp-content\/uploads\/2019\/08\/Mockup-Portada-Revista-2-1-HogarAbitat.jpg\" alt=\"Dise\u00f1o Editorial Revista HogarAbitat 2018\" class=\"wp-image-3797\"\/><\/figure>\n\n\n\n<h1 class=\"wp-block-heading\" data-aos=\"fade-up\">Design editoriale<\/h1>\n<\/div><\/div>\n\n\n\n<div class=\"wp-block-group bloque-2\"><div class=\"wp-block-group__inner-container\">\n<div class=\"wp-block-columns\">\n<div class=\"wp-block-column left\">\n<p>Potenzia il tuo marchio con un design editoriale coinvolgente! Trasforma i tuoi contenuti in un&#8217;esperienza visiva straordinaria. Scoprilo subito.<\/p>\n<\/div>\n\n\n\n<div class=\"wp-block-column right\">\n<p>Il marketing ha dimostrato che il modo migliore per coinvolgere i clienti \u00e8 l&#8217;immagine. Questo principio si applica a ogni tipo di prodotto: se \u00e8 presentato in modo efficace e si allinea alle esigenze e alle emozioni del pubblico di riferimento, le probabilit\u00e0 di successo aumentano significativamente.<\/p>\n\n\n\n<p>\u00c8 importante notare che la maggior parte delle informazioni che riceviamo avviene attraverso gli occhi. Inoltre, \u00e8 stato scientificamente provato che gli esseri umani hanno una memoria visiva maggiore di quella uditiva. Per questo motivo \u00e8 di fondamentale importanza lavorare sull&#8217;aspetto e sull&#8217;immagine visiva dei vostri testi, in quanto quelli che hanno una maggiore presenza di diagrammi o grafici sono pi\u00f9 attraenti per gli occhi. \u00c8 inoltre importante che abbiano un design semplice, ordinato e pulito, oltre che visivamente attraente.<\/p>\n\n\n\n<p>In qualsiasi negozio finiamo per acquistare ci\u00f2 che attira la nostra attenzione. Questo vale anche per riviste, libri e documenti. Ecco perch\u00e9 un libro con una copertina e una presentazione del testo esteticamente gradevoli attira maggiormente l&#8217;attenzione rispetto a uno scialbo e privo di design.<\/p>\n\n\n\n<p>Il design editoriale \u00e8 quindi una parte fondamentale del successo di qualsiasi pubblicazione. Ma diamo un&#8217;occhiata pi\u00f9 da vicino al design editoriale in particolare.<\/p>\n<\/div>\n<\/div>\n<\/div><\/div>\n\n\n\n<div class=\"wp-block-group bloque-3\"><div class=\"wp-block-group__inner-container\">\n<div class=\"wp-block-columns\">\n<div class=\"wp-block-column\">\n<h2 class=\"wp-block-heading\">Che cos&#8217;\u00e8 il design editoriale?<\/h2>\n\n\n\n<p>Sappiamo che, in linea generale, il graphic design \u00e8 la disciplina che concepisce comunicazioni visive per trasmettere un messaggio definito a un determinato pubblico, con obiettivi e aspettative chiari.<\/p>\n\n\n\n<p>Il design editoriale \u00e8 il ramo della progettazione grafica che si occupa dell&#8217;impaginazione e della composizione di tutti i tipi di pubblicazioni o testi, siano essi libri, riviste, giornali o cataloghi, tra gli altri contenuti.<\/p>\n\n\n\n<p>Il compito principale del designer editoriale \u00e8 quello di creare uno stile che sia accattivante e funzionale per il lettore, oltre a raggiungere una perfetta armonia tra forma e contenuto, in modo da offrire un design personalizzato, adattato e rappresentativo della pubblicazione, creando un&#8217;immagine e una proposta di valore per i lettori.<\/p>\n\n\n\n<p>\u00c8 importante sottolineare che in una pubblicazione editoriale tutto \u00e8 rilevante, dalla copertina, al carattere tipografico, ai margini e persino ai colori o alla disposizione delle immagini e del testo. E tutti questi elementi devono corrispondere alla personalit\u00e0 del brand, al pubblico di riferimento e al contenuto della pubblicazione.<\/p>\n\n\n\n<p>Il design editoriale mira a rendere il contenuto accattivante per il lettore, organizzando il testo in modo che risulti coinvolgente per il pubblico di riferimento. Pertanto, il carattere tipografico, i colori, l&#8217;organizzazione del testo e le immagini dipenderanno non solo dal tipo di pubblicazione, ma anche dal tipo di consumatore che vogliamo attirare. Ad esempio, un progetto editoriale per una rivista giuridica non \u00e8 lo stesso di un progetto editoriale per un libro destinato a un pubblico di adolescenti.<\/p>\n\n\n\n<h2 class=\"wp-block-heading\">Come \u00e8 strutturato un progetto editoriale?<\/h2>\n\n\n\n<p>Prima di avviare un progetto di progettazione editoriale, si seguono una serie di principi per la sua esecuzione. Queste linee guida sono di solito:<\/p>\n\n\n\n<ol class=\"wp-block-list\">\n<li>Definire l&#8217;argomento da trattare nella pubblicazione, in base a ci\u00f2 che si vuole comunicare al pubblico, tenendo sempre conto delle esigenze e dei requisiti del pubblico di riferimento, che pu\u00f2 essere costituito da bambini, giovani, professionisti, donne, ecc. Ogni pubblico richiede un tipo specifico di progetto editoriale.<\/li>\n\n\n\n<li>Condurre una ricerca approfondita sui contenuti (nel caso di pubblicazioni specializzate) per adattare il design al tipo di pubblicazione e al pubblico.<\/li>\n\n\n\n<li>Definire gli obiettivi di comunicazione per sviluppare un design in base ad essi, come il layout, la tipografia, l&#8217;uso di colori specifici\u2026<\/li>\n\n\n\n<li>Iniziare la fase di ideazione, con piccoli disegni che portano alla definizione di un buon concetto, sia in termini di composizione che di sviluppo del tema.<\/li>\n\n\n\n<li>Realizzate uno schema dell&#8217;intera pubblicazione per garantire che tutte le pagine che la compongono siano omogenee e coerenti tra loro.<\/li>\n\n\n\n<li>Impaginare il testo scegliendo uno o pi\u00f9 caratteri, spaziatura e rientri, e trovate un ordine che faciliti la lettura da parte del pubblico.<\/li>\n\n\n\n<li>Realizzazione di un processo di feedback con il cliente, per aggiungere o rimuovere elementi.<\/li>\n<\/ol>\n<\/div>\n\n\n\n<div class=\"wp-block-column\">\n<h2 class=\"wp-block-heading\">Tipi di progettazione editoriale<\/h2>\n\n\n\n<p>Come gi\u00e0 detto, il design editoriale viene utilizzato per vari tipi di pubblicazioni. Esistono progetti per giornali, libri, riviste, cataloghi e altro ancora. Come ci si aspetterebbe, ognuno di essi ha una propria estetica perch\u00e9 si rivolge a un pubblico specifico di lettori e ha caratteristiche che lo rendono unico.<\/p>\n\n\n\n<div class=\"wp-block-columns\">\n<div class=\"wp-block-column\">\n<h3 class=\"wp-block-heading\">Progettazione editoriale per libri<\/h3>\n\n\n\n<p>Nel caso dei libri, la cosa pi\u00f9 importante \u00e8 progettare una copertina che catturi l&#8217;attenzione dei lettori e che la tipografia del contenuto sia all&#8217;altezza dell&#8217;argomento e della qualit\u00e0 del materiale utilizzato. Nel caso di libri per bambini o ragazzi, l&#8217;attenzione \u00e8 maggiore nel rendere attraente ogni pagina del libro e nel catturare il contenuto con le immagini.<\/p>\n\n\n\n<h3 class=\"wp-block-heading\">Design editoriale per riviste<\/h3>\n\n\n\n<p>Nel caso delle riviste, il contenuto e la disposizione degli elementi dipendono in larga misura dal contenuto o dall&#8217;argomento della pubblicazione, che si tratti di una rivista informativa o specializzata, di una rivista di intrattenimento o di qualsiasi altro tipo di rivista.<\/p>\n<\/div>\n\n\n\n<div class=\"wp-block-column\">\n<h3 class=\"wp-block-heading\">Design di quotidiani<\/h3>\n\n\n\n<p>In questo genere di progettazione, la distribuzione chiara e leggibile delle informazioni \u00e8 prioritaria, garantendo che ogni immagine si integri perfettamente con il contenuto del testo.<\/p>\n\n\n\n<h3 class=\"wp-block-heading\">Progettazione di cataloghi<\/h3>\n\n\n\n<p>Il compito principale di un catalogo \u00e8 promuovere prodotti o servizi, pertanto dovrebbe essere il suo focus primario. Ci\u00f2 implica rendere i prodotti\/servizi offerti pi\u00f9 accattivanti o interessanti per il pubblico. Questo pu\u00f2 essere realizzato attraverso l&#8217;uso di fotografie di alta qualit\u00e0, descrizioni dettagliate e un layout accattivante che catturi l&#8217;attenzione del lettore.<\/p>\n<\/div>\n<\/div>\n\n\n\n<h2 class=\"wp-block-heading\">Chi potrebbe aver bisogno di un progetto editoriale?<\/h2>\n\n\n\n<p>Qualunque strumento di comunicazione scritto che intenda fornire o trasmettere informazioni richiede una buona progettazione e impaginazione editoriale. Questo vale anche per gli scrittori freelance, le case editrici e qualsiasi altro media o azienda che si dedichi alla trasmissione di informazioni stampate o digitali.<\/p>\n\n\n\n<p>Ora che sai tutto sulla progettazione editoriale, non esitare a farti consigliare da professionisti esperti in questo tipo di design. Se hai bisogno di un servizio di progettazione editoriale, <a href=\"https:\/\/eribertocaria.com\/it\/contatti\/\">puoi contattarci<\/a>. Saremmo felici di lavorare alla tua pubblicazione.<\/p>\n<\/div>\n<\/div>\n<\/div><\/div>\n","protected":false},"excerpt":{"rendered":"<p>Design editoriale Potenzia il tuo marchio con un design editoriale coinvolgente! Trasforma i tuoi contenuti in un&#8217;esperienza visiva straordinaria. Scoprilo subito. Il marketing ha dimostrato che il modo migliore per coinvolgere i clienti \u00e8 l&#8217;immagine. Questo principio si applica a ogni tipo di prodotto: se \u00e8 presentato in modo efficace e si allinea alle esigenze [&hellip;]<\/p>\n","protected":false},"author":2,"featured_media":0,"parent":8375,"menu_order":3,"comment_status":"closed","ping_status":"closed","template":"fullwidth-without-title.php","meta":{"_acf_changed":false,"footnotes":""},"class_list":["post-8120","page","type-page","status-publish","hentry"],"acf":[],"yoast_head":"<!-- This site is optimized with the Yoast SEO plugin v27.1.1 - https:\/\/yoast.com\/product\/yoast-seo-wordpress\/ -->\n<title>Servizi professionali di progettazione editoriale &#8211; Eriberto Caria<\/title>\n<meta name=\"description\" content=\"Design editoriale professionale 100% personalizzato e adattato alle esigenze di ogni progetto. Proiettate l&#039;immagine che desiderate. Preventivo gratuito e senza impegno.\" \/>\n<meta name=\"robots\" content=\"index, follow, max-snippet:-1, max-image-preview:large, max-video-preview:-1\" \/>\n<link rel=\"canonical\" href=\"https:\/\/eribertocaria.com\/it\/servizi\/design-editoriale\/\" \/>\n<meta property=\"og:locale\" content=\"it_IT\" \/>\n<meta property=\"og:type\" content=\"article\" \/>\n<meta property=\"og:title\" content=\"Servizi professionali di progettazione editoriale &#8211; Eriberto Caria\" \/>\n<meta property=\"og:description\" content=\"Design editoriale professionale 100% personalizzato e adattato alle esigenze di ogni progetto. Proiettate l&#039;immagine che desiderate. Preventivo gratuito e senza impegno.\" \/>\n<meta property=\"og:url\" content=\"https:\/\/eribertocaria.com\/it\/servizi\/design-editoriale\/\" \/>\n<meta property=\"og:site_name\" content=\"Eriberto Caria\" \/>\n<meta property=\"article:modified_time\" content=\"2026-01-05T16:49:48+00:00\" \/>\n<meta property=\"og:image\" content=\"https:\/\/eribertocaria.com\/wp-content\/uploads\/2019\/08\/Mockup-Portada-Revista-2-1-HogarAbitat.jpg\" \/>\n<meta name=\"twitter:card\" content=\"summary_large_image\" \/>\n<meta name=\"twitter:label1\" content=\"Tempo di lettura stimato\" \/>\n\t<meta name=\"twitter:data1\" content=\"5 minuti\" \/>\n<script type=\"application\/ld+json\" class=\"yoast-schema-graph\">{\"@context\":\"https:\/\/schema.org\",\"@graph\":[{\"@type\":\"WebPage\",\"@id\":\"https:\/\/eribertocaria.com\/it\/servizi\/design-editoriale\/\",\"url\":\"https:\/\/eribertocaria.com\/it\/servizi\/design-editoriale\/\",\"name\":\"Servizi professionali di progettazione editoriale &#8211; Eriberto Caria\",\"isPartOf\":{\"@id\":\"https:\/\/eribertocaria.com\/it\/#website\"},\"primaryImageOfPage\":{\"@id\":\"https:\/\/eribertocaria.com\/it\/servizi\/design-editoriale\/#primaryimage\"},\"image\":{\"@id\":\"https:\/\/eribertocaria.com\/it\/servizi\/design-editoriale\/#primaryimage\"},\"thumbnailUrl\":\"https:\/\/eribertocaria.com\/wp-content\/uploads\/2019\/08\/Mockup-Portada-Revista-2-1-HogarAbitat.jpg\",\"datePublished\":\"2023-01-26T13:31:41+00:00\",\"dateModified\":\"2026-01-05T16:49:48+00:00\",\"description\":\"Design editoriale professionale 100% personalizzato e adattato alle esigenze di ogni progetto. Proiettate l'immagine che desiderate. Preventivo gratuito e senza impegno.\",\"breadcrumb\":{\"@id\":\"https:\/\/eribertocaria.com\/it\/servizi\/design-editoriale\/#breadcrumb\"},\"inLanguage\":\"it-IT\",\"potentialAction\":[{\"@type\":\"ReadAction\",\"target\":[\"https:\/\/eribertocaria.com\/it\/servizi\/design-editoriale\/\"]}]},{\"@type\":\"ImageObject\",\"inLanguage\":\"it-IT\",\"@id\":\"https:\/\/eribertocaria.com\/it\/servizi\/design-editoriale\/#primaryimage\",\"url\":\"https:\/\/eribertocaria.com\/wp-content\/uploads\/2019\/08\/Mockup-Portada-Revista-2-1-HogarAbitat.jpg\",\"contentUrl\":\"https:\/\/eribertocaria.com\/wp-content\/uploads\/2019\/08\/Mockup-Portada-Revista-2-1-HogarAbitat.jpg\"},{\"@type\":\"BreadcrumbList\",\"@id\":\"https:\/\/eribertocaria.com\/it\/servizi\/design-editoriale\/#breadcrumb\",\"itemListElement\":[{\"@type\":\"ListItem\",\"position\":1,\"name\":\"Servizi\",\"item\":\"https:\/\/eribertocaria.com\/it\/servizi\/\"},{\"@type\":\"ListItem\",\"position\":2,\"name\":\"Design editoriale\"}]},{\"@type\":\"WebSite\",\"@id\":\"https:\/\/eribertocaria.com\/it\/#website\",\"url\":\"https:\/\/eribertocaria.com\/it\/\",\"name\":\"Eriberto Caria\",\"description\":\"Dise\u00f1ador gr\u00e1fico freelance\",\"potentialAction\":[{\"@type\":\"SearchAction\",\"target\":{\"@type\":\"EntryPoint\",\"urlTemplate\":\"https:\/\/eribertocaria.com\/it\/?s={search_term_string}\"},\"query-input\":{\"@type\":\"PropertyValueSpecification\",\"valueRequired\":true,\"valueName\":\"search_term_string\"}}],\"inLanguage\":\"it-IT\"}]}<\/script>\n<!-- \/ Yoast SEO plugin. -->","yoast_head_json":{"title":"Servizi professionali di progettazione editoriale &#8211; Eriberto Caria","description":"Design editoriale professionale 100% personalizzato e adattato alle esigenze di ogni progetto. Proiettate l'immagine che desiderate. Preventivo gratuito e senza impegno.","robots":{"index":"index","follow":"follow","max-snippet":"max-snippet:-1","max-image-preview":"max-image-preview:large","max-video-preview":"max-video-preview:-1"},"canonical":"https:\/\/eribertocaria.com\/it\/servizi\/design-editoriale\/","og_locale":"it_IT","og_type":"article","og_title":"Servizi professionali di progettazione editoriale &#8211; Eriberto Caria","og_description":"Design editoriale professionale 100% personalizzato e adattato alle esigenze di ogni progetto. Proiettate l'immagine che desiderate. Preventivo gratuito e senza impegno.","og_url":"https:\/\/eribertocaria.com\/it\/servizi\/design-editoriale\/","og_site_name":"Eriberto Caria","article_modified_time":"2026-01-05T16:49:48+00:00","og_image":[{"url":"https:\/\/eribertocaria.com\/wp-content\/uploads\/2019\/08\/Mockup-Portada-Revista-2-1-HogarAbitat.jpg","type":"","width":"","height":""}],"twitter_card":"summary_large_image","twitter_misc":{"Tempo di lettura stimato":"5 minuti"},"schema":{"@context":"https:\/\/schema.org","@graph":[{"@type":"WebPage","@id":"https:\/\/eribertocaria.com\/it\/servizi\/design-editoriale\/","url":"https:\/\/eribertocaria.com\/it\/servizi\/design-editoriale\/","name":"Servizi professionali di progettazione editoriale &#8211; Eriberto Caria","isPartOf":{"@id":"https:\/\/eribertocaria.com\/it\/#website"},"primaryImageOfPage":{"@id":"https:\/\/eribertocaria.com\/it\/servizi\/design-editoriale\/#primaryimage"},"image":{"@id":"https:\/\/eribertocaria.com\/it\/servizi\/design-editoriale\/#primaryimage"},"thumbnailUrl":"https:\/\/eribertocaria.com\/wp-content\/uploads\/2019\/08\/Mockup-Portada-Revista-2-1-HogarAbitat.jpg","datePublished":"2023-01-26T13:31:41+00:00","dateModified":"2026-01-05T16:49:48+00:00","description":"Design editoriale professionale 100% personalizzato e adattato alle esigenze di ogni progetto. Proiettate l'immagine che desiderate. Preventivo gratuito e senza impegno.","breadcrumb":{"@id":"https:\/\/eribertocaria.com\/it\/servizi\/design-editoriale\/#breadcrumb"},"inLanguage":"it-IT","potentialAction":[{"@type":"ReadAction","target":["https:\/\/eribertocaria.com\/it\/servizi\/design-editoriale\/"]}]},{"@type":"ImageObject","inLanguage":"it-IT","@id":"https:\/\/eribertocaria.com\/it\/servizi\/design-editoriale\/#primaryimage","url":"https:\/\/eribertocaria.com\/wp-content\/uploads\/2019\/08\/Mockup-Portada-Revista-2-1-HogarAbitat.jpg","contentUrl":"https:\/\/eribertocaria.com\/wp-content\/uploads\/2019\/08\/Mockup-Portada-Revista-2-1-HogarAbitat.jpg"},{"@type":"BreadcrumbList","@id":"https:\/\/eribertocaria.com\/it\/servizi\/design-editoriale\/#breadcrumb","itemListElement":[{"@type":"ListItem","position":1,"name":"Servizi","item":"https:\/\/eribertocaria.com\/it\/servizi\/"},{"@type":"ListItem","position":2,"name":"Design editoriale"}]},{"@type":"WebSite","@id":"https:\/\/eribertocaria.com\/it\/#website","url":"https:\/\/eribertocaria.com\/it\/","name":"Eriberto Caria","description":"Dise\u00f1ador gr\u00e1fico freelance","potentialAction":[{"@type":"SearchAction","target":{"@type":"EntryPoint","urlTemplate":"https:\/\/eribertocaria.com\/it\/?s={search_term_string}"},"query-input":{"@type":"PropertyValueSpecification","valueRequired":true,"valueName":"search_term_string"}}],"inLanguage":"it-IT"}]}},"_links":{"self":[{"href":"https:\/\/eribertocaria.com\/it\/wp-json\/wp\/v2\/pages\/8120","targetHints":{"allow":["GET"]}}],"collection":[{"href":"https:\/\/eribertocaria.com\/it\/wp-json\/wp\/v2\/pages"}],"about":[{"href":"https:\/\/eribertocaria.com\/it\/wp-json\/wp\/v2\/types\/page"}],"author":[{"embeddable":true,"href":"https:\/\/eribertocaria.com\/it\/wp-json\/wp\/v2\/users\/2"}],"replies":[{"embeddable":true,"href":"https:\/\/eribertocaria.com\/it\/wp-json\/wp\/v2\/comments?post=8120"}],"version-history":[{"count":40,"href":"https:\/\/eribertocaria.com\/it\/wp-json\/wp\/v2\/pages\/8120\/revisions"}],"predecessor-version":[{"id":13469,"href":"https:\/\/eribertocaria.com\/it\/wp-json\/wp\/v2\/pages\/8120\/revisions\/13469"}],"up":[{"embeddable":true,"href":"https:\/\/eribertocaria.com\/it\/wp-json\/wp\/v2\/pages\/8375"}],"wp:attachment":[{"href":"https:\/\/eribertocaria.com\/it\/wp-json\/wp\/v2\/media?parent=8120"}],"curies":[{"name":"wp","href":"https:\/\/api.w.org\/{rel}","templated":true}]}}