{"id":8104,"date":"2023-01-21T20:20:15","date_gmt":"2023-01-21T19:20:15","guid":{"rendered":"https:\/\/eribertocaria.com\/comunicacion-empresarial\/"},"modified":"2026-01-05T17:49:25","modified_gmt":"2026-01-05T16:49:25","slug":"comunicazione-aziendale","status":"publish","type":"page","link":"https:\/\/eribertocaria.com\/it\/servizi\/comunicazione-aziendale\/","title":{"rendered":"Comunicazione aziendale"},"content":{"rendered":"\n<div class=\"wp-block-group bloque-1\" data-aos=\"fade\"><div class=\"wp-block-group__inner-container\">\n<figure class=\"wp-block-image alignfull size-full\" data-aos=\"fade-up\"><img decoding=\"async\" src=\"https:\/\/eribertocaria.com\/wp-content\/uploads\/2024\/03\/Comunicacion-1.jpg\" alt=\"\" class=\"wp-image-10562\"\/><\/figure>\n\n\n\n<h1 class=\"wp-block-heading\" data-aos=\"fade-up\">Comunicazione<\/h1>\n<\/div><\/div>\n\n\n\n<div class=\"wp-block-group bloque-2\"><div class=\"wp-block-group__inner-container\">\n<div class=\"wp-block-columns\">\n<div class=\"wp-block-column left\">\n<p>Design grafico per la vostra azienda: brochure, volantini, manifesti, eventi&#8230; Servizi di design grafico progettazione e comunicazione integrata del brand per tutti i tipi di aziende.<\/p>\n<\/div>\n\n\n\n<div class=\"wp-block-column right\">\n<p>Ogni azienda ha bisogno di svolgere azioni di comunicazione, sia interna (verso i lavoratori, i fornitori o i clienti) che esterna (verso il grande pubblico). Possiamo dire che la comunicazione d&#8217;impresa \u00e8 fondamentale per trasmettere e veicolare i valori, gli obiettivi, la filosofia e, soprattutto, ci\u00f2 che rende un&#8217;azienda diversa dalle altre. La comunicazione \u00e8 senza dubbio una delle migliori opzioni per promuovere cambiamenti positivi nell&#8217;azienda, migliorare il rapporto con i dipendenti e aumentare l&#8217;impegno nei confronti dei clienti.<\/p>\n\n\n\n<p>La comunicazione \u00e8 in continua evoluzione, poich\u00e9 deve adattarsi non solo alle particolari esigenze delle aziende nel corso del tempo, ma anche ai nuovi canali e forme di comunicazione che emergono di anno in anno. I giornali, le radio, le televisioni, i giornali digitali e i social network sono, ad esempio, alcuni dei canali di comunicazione pi\u00f9 importanti al giorno d&#8217;oggi, ma non dobbiamo dimenticare i cartelloni pubblicitari, l&#8217;arredo urbano, i manifesti, le brochure o i volantini, che sono anch&#8217;essi canali per comunicare il messaggio di un&#8217;azienda.<\/p>\n\n\n\n<p>\u00c8 molto importante sottolineare che, affinch\u00e9 la comunicazione aziendale sia funzionale, \u00e8 essenziale sviluppare buone strategie di comunicazione. Un buon piano di comunicazione aziendale deve descrivere i valori che caratterizzano le organizzazioni e le loro tecniche per gestire determinate situazioni. Sfruttare tutti i formati di comunicazione \u00e8 uno dei segreti per guidare le aziende verso il successo. Parliamone.<\/p>\n<\/div>\n<\/div>\n<\/div><\/div>\n\n\n\n<div class=\"wp-block-group bloque-3\"><div class=\"wp-block-group__inner-container\">\n<div class=\"wp-block-columns\">\n<div class=\"wp-block-column\">\n<h2 class=\"wp-block-heading\">Strategie di comunicazione aziendale<\/h2>\n\n\n\n<p>La comunicazione dovrebbe essere una priorit\u00e0 per qualsiasi azienda, poich\u00e9 \u00e8 uno strumento eccellente per incrementare i profitti e realizzare tutti gli obiettivi. Una comunicazione aziendale efficace non si limita semplicemente a condividere informazioni rilevanti, ma presta attenzione anche al modo in cui vengono trasmesse e al canale attraverso il quale sono veicolate.<\/p>\n\n\n\n<p>\u00c8 essenziale che ogni azienda sviluppi una strategia dedicata a comunicare tutte le informazioni relative alla propria attivit\u00e0. Brochure, poster e infografiche sono alcune delle opzioni disponibili per la comunicazione aziendale. Utilizzare le risorse giuste, al momento giusto, pu\u00f2 fare la differenza tra lavoratori orientati e dipendenti non informati.<\/p>\n\n\n\n<p>Pertanto, alcuni dei formati per stabilire una buona comunicazione aziendale sono:<\/p>\n\n\n\n<h3 class=\"wp-block-heading\">Brochure<\/h3>\n\n\n\n<p>\u00c8 una delle risorse pi\u00f9 utilizzate dalle aziende quando vogliono che i loro potenziali clienti ricevano una comunicazione. La maggior parte delle brochure usa fotografie con l&#8217;obiettivo di avere un impatto sul pubblico, ma non sono solo le immagini a essere importanti. Il design grafico deve essere accattivante e in linea con l&#8217;immagine dell&#8217;azienda, in quanto deve catturare l&#8217;attenzione dei lettori e incoraggiarli a leggere il contenuto e, infine, a compiere un&#8217;azione con i prodotti o i servizi offerti dall&#8217;azienda.<\/p>\n\n\n\n<h3 class=\"wp-block-heading\">Manifesti<\/h3>\n\n\n\n<p>I manifesti sono un tipo di pubblicit\u00e0 che molte aziende utilizzano per esporre e diffondere informazioni. \u00c8 probabilmente una dei supporti preferiti, grazie alla sua efficacia nel mostrare le informazioni e al suo basso costo. Con un cartellone realizzato da un designer professionista, le aziende possono influenzare pi\u00f9 facilmente il consumatore. I manifesti aziendali possono avere lo scopo di informare o l&#8217;obiettivo di indurre il potenziale cliente ad acquistare un prodotto o un servizio.<\/p>\n\n\n\n<h3 class=\"wp-block-heading\">Immagini grafiche<\/h3>\n\n\n\n<p>Le immagini grafiche per eventi sono quei progetti grafici creati per un evento specifico e poi utilizzati, tra l&#8217;altro, su brochure, manifesti, social network o sul sito web dell&#8217;evento. Devono essere immagini che attirino l&#8217;attenzione del pubblico e allo stesso tempo trasmettano a colpo d&#8217;occhio l&#8217;essenza e le caratteristiche principali dell&#8217;evento.<\/p>\n\n\n\n<p>La progettazione dell&#8217;immagine grafica di un evento non comprende solo la creativit\u00e0, ma anche la sua applicazione a diversi media e canali, in modo da adattarsi a ciascuno dei formati. Cos\u00ec, in un cartellone l&#8217;immagine include meno informazioni e pi\u00f9 impatto visivo, in una brochure vengono forniti pi\u00f9 dettagli e in un&#8217;immagine per i social network testo e immagine sono combinati per attirare l&#8217;attenzione dell&#8217;utente in pochi secondi.<\/p>\n\n\n\n<p>Il progetto di immagine grafica per un evento tiene conto dei diversi formati e canali per offrire un&#8217;immagine grafica a 360\u00ba.<\/p>\n<\/div>\n\n\n\n<div class=\"wp-block-column\">\n<h2 class=\"wp-block-heading\">Funzioni della comunicazione aziendale<\/h2>\n\n\n\n<p>Se la comunicazione aziendale all&#8217;interno di un&#8217;impresa viene svolta correttamente, i valori, i successi e la filosofia dell&#8217;azienda possono essere trasmessi sia all&#8217;interno che all&#8217;esterno. Tuttavia, questa non \u00e8 l&#8217;unica funzione che si distingue, poich\u00e9 ve ne sono altre che fanno parte della comunicazione aziendale. Le elenchiamo qui di seguito.<\/p>\n\n\n\n<h3 class=\"wp-block-heading\">Motivare<\/h3>\n\n\n\n<p>La motivazione \u00e8 una delle ragioni principali che spingono le aziende a sviluppare strategie di comunicazione aziendale. Che si tratti di brochure, poster o immagini grafiche, l&#8217;informazione deve sempre motivare chi consuma i contenuti.<\/p>\n\n\n\n<p>Nella comunicazione aziendale interna, ad esempio, le aziende potranno ottenere un ambiente di lavoro pi\u00f9 piacevole, in cui i lavoratori si sentiranno ascoltati e pi\u00f9 a loro agio con l&#8217;azienda. Oltre a rafforzare l&#8217;orgoglio di appartenere a un marchio allineato ai loro valori.<\/p>\n\n\n\n<h3 class=\"wp-block-heading\">Migliorare l&#8217;interazione<\/h3>\n\n\n\n<p>Naturalmente, un&#8217;altra funzione importante di una buona comunicazione aziendale interna \u00e8 legata alle interazioni. Se le aziende dispongono di un piano di comunicazione aziendale, possono comunicare notizie, promozioni e aggiornamenti ai propri dipendenti, fornitori o clienti. Inoltre, saper chiarire i dubbi e offrire le risorse necessarie per una migliore comunicazione tra il personale pu\u00f2 far risparmiare molto tempo e ridurre le incomprensioni.<\/p>\n\n\n\n<h3 class=\"wp-block-heading\">Aumenta il flusso di informazioni<\/h3>\n\n\n\n<p>Un altro motivo per cui un piano di comunicazione aziendale \u00e8 una buona idea \u00e8 l&#8217;efficacia della comunicazione delle informazioni dall&#8217;interno. Abituarsi a comunicare e a farlo in modo frequente e trasparente \u00e8 sempre un vantaggio per qualsiasi azienda. Oggi, con i social media, le aziende hanno bisogno di comunicare costantemente per adattarsi ai nuovi tempi e alle nuove esigenze dei consumatori. L&#8217;utilizzo di manifesti, immagini e messaggi accattivanti pu\u00f2 essere una strategia efficace per raggiungere sia i potenziali clienti che i dipendenti, contribuendo cos\u00ec a rafforzare la presenza e il legame con il pubblico di riferimento.<\/p>\n\n\n\n<p>Se cerchi uno studio grafico specializzato in comunicazione d&#8217;impresa, <a href=\"https:\/\/eribertocaria.com\/it\/contatti\/\">contattaci<\/a> e troveremo un modo per migliorare la strategia di comunicazione della tua azienda e presentarla in modo originale e attraente per i tuoi potenziali clienti.<\/p>\n<\/div>\n<\/div>\n<\/div><\/div>\n","protected":false},"excerpt":{"rendered":"<p>Comunicazione Design grafico per la vostra azienda: brochure, volantini, manifesti, eventi&#8230; Servizi di design grafico progettazione e comunicazione integrata del brand per tutti i tipi di aziende. Ogni azienda ha bisogno di svolgere azioni di comunicazione, sia interna (verso i lavoratori, i fornitori o i clienti) che esterna (verso il grande pubblico). Possiamo dire che [&hellip;]<\/p>\n","protected":false},"author":2,"featured_media":0,"parent":8375,"menu_order":2,"comment_status":"closed","ping_status":"closed","template":"fullwidth-without-title.php","meta":{"_acf_changed":false,"footnotes":""},"class_list":["post-8104","page","type-page","status-publish","hentry"],"acf":[],"yoast_head":"<!-- This site is optimized with the Yoast SEO plugin v27.1.1 - https:\/\/yoast.com\/product\/yoast-seo-wordpress\/ -->\n<title>Servizio di progettazione grafica e comunicazione del marchio &#8211; Eriberto Caria<\/title>\n<meta name=\"description\" content=\"Design grafico per la vostra azienda: brochure, volantini, manifesti, eventi... Servizi completi di brand design e comunicazione per tutti i tipi di aziende.\" \/>\n<meta name=\"robots\" content=\"index, follow, max-snippet:-1, max-image-preview:large, max-video-preview:-1\" \/>\n<link rel=\"canonical\" href=\"https:\/\/eribertocaria.com\/it\/servizi\/comunicazione-aziendale\/\" \/>\n<meta property=\"og:locale\" content=\"it_IT\" \/>\n<meta property=\"og:type\" content=\"article\" \/>\n<meta property=\"og:title\" content=\"Servizio di progettazione grafica e comunicazione del marchio &#8211; Eriberto Caria\" \/>\n<meta property=\"og:description\" content=\"Design grafico per la vostra azienda: brochure, volantini, manifesti, eventi... Servizi completi di brand design e comunicazione per tutti i tipi di aziende.\" \/>\n<meta property=\"og:url\" content=\"https:\/\/eribertocaria.com\/it\/servizi\/comunicazione-aziendale\/\" \/>\n<meta property=\"og:site_name\" content=\"Eriberto Caria\" \/>\n<meta property=\"article:modified_time\" content=\"2026-01-05T16:49:25+00:00\" \/>\n<meta property=\"og:image\" content=\"https:\/\/eribertocaria.com\/wp-content\/uploads\/2024\/03\/Comunicacion-1.jpg\" \/>\n<meta name=\"twitter:card\" content=\"summary_large_image\" \/>\n<meta name=\"twitter:label1\" content=\"Tempo di lettura stimato\" \/>\n\t<meta name=\"twitter:data1\" content=\"5 minuti\" \/>\n<script type=\"application\/ld+json\" class=\"yoast-schema-graph\">{\"@context\":\"https:\/\/schema.org\",\"@graph\":[{\"@type\":\"WebPage\",\"@id\":\"https:\/\/eribertocaria.com\/it\/servizi\/comunicazione-aziendale\/\",\"url\":\"https:\/\/eribertocaria.com\/it\/servizi\/comunicazione-aziendale\/\",\"name\":\"Servizio di progettazione grafica e comunicazione del marchio &#8211; Eriberto Caria\",\"isPartOf\":{\"@id\":\"https:\/\/eribertocaria.com\/it\/#website\"},\"primaryImageOfPage\":{\"@id\":\"https:\/\/eribertocaria.com\/it\/servizi\/comunicazione-aziendale\/#primaryimage\"},\"image\":{\"@id\":\"https:\/\/eribertocaria.com\/it\/servizi\/comunicazione-aziendale\/#primaryimage\"},\"thumbnailUrl\":\"https:\/\/eribertocaria.com\/wp-content\/uploads\/2024\/03\/Comunicacion-1.jpg\",\"datePublished\":\"2023-01-21T19:20:15+00:00\",\"dateModified\":\"2026-01-05T16:49:25+00:00\",\"description\":\"Design grafico per la vostra azienda: brochure, volantini, manifesti, eventi... Servizi completi di brand design e comunicazione per tutti i tipi di aziende.\",\"breadcrumb\":{\"@id\":\"https:\/\/eribertocaria.com\/it\/servizi\/comunicazione-aziendale\/#breadcrumb\"},\"inLanguage\":\"it-IT\",\"potentialAction\":[{\"@type\":\"ReadAction\",\"target\":[\"https:\/\/eribertocaria.com\/it\/servizi\/comunicazione-aziendale\/\"]}]},{\"@type\":\"ImageObject\",\"inLanguage\":\"it-IT\",\"@id\":\"https:\/\/eribertocaria.com\/it\/servizi\/comunicazione-aziendale\/#primaryimage\",\"url\":\"https:\/\/eribertocaria.com\/wp-content\/uploads\/2024\/03\/Comunicacion-1.jpg\",\"contentUrl\":\"https:\/\/eribertocaria.com\/wp-content\/uploads\/2024\/03\/Comunicacion-1.jpg\"},{\"@type\":\"BreadcrumbList\",\"@id\":\"https:\/\/eribertocaria.com\/it\/servizi\/comunicazione-aziendale\/#breadcrumb\",\"itemListElement\":[{\"@type\":\"ListItem\",\"position\":1,\"name\":\"Servizi\",\"item\":\"https:\/\/eribertocaria.com\/it\/servizi\/\"},{\"@type\":\"ListItem\",\"position\":2,\"name\":\"Comunicazione aziendale\"}]},{\"@type\":\"WebSite\",\"@id\":\"https:\/\/eribertocaria.com\/it\/#website\",\"url\":\"https:\/\/eribertocaria.com\/it\/\",\"name\":\"Eriberto Caria\",\"description\":\"Dise\u00f1ador gr\u00e1fico freelance\",\"potentialAction\":[{\"@type\":\"SearchAction\",\"target\":{\"@type\":\"EntryPoint\",\"urlTemplate\":\"https:\/\/eribertocaria.com\/it\/?s={search_term_string}\"},\"query-input\":{\"@type\":\"PropertyValueSpecification\",\"valueRequired\":true,\"valueName\":\"search_term_string\"}}],\"inLanguage\":\"it-IT\"}]}<\/script>\n<!-- \/ Yoast SEO plugin. -->","yoast_head_json":{"title":"Servizio di progettazione grafica e comunicazione del marchio &#8211; Eriberto Caria","description":"Design grafico per la vostra azienda: brochure, volantini, manifesti, eventi... Servizi completi di brand design e comunicazione per tutti i tipi di aziende.","robots":{"index":"index","follow":"follow","max-snippet":"max-snippet:-1","max-image-preview":"max-image-preview:large","max-video-preview":"max-video-preview:-1"},"canonical":"https:\/\/eribertocaria.com\/it\/servizi\/comunicazione-aziendale\/","og_locale":"it_IT","og_type":"article","og_title":"Servizio di progettazione grafica e comunicazione del marchio &#8211; Eriberto Caria","og_description":"Design grafico per la vostra azienda: brochure, volantini, manifesti, eventi... Servizi completi di brand design e comunicazione per tutti i tipi di aziende.","og_url":"https:\/\/eribertocaria.com\/it\/servizi\/comunicazione-aziendale\/","og_site_name":"Eriberto Caria","article_modified_time":"2026-01-05T16:49:25+00:00","og_image":[{"url":"https:\/\/eribertocaria.com\/wp-content\/uploads\/2024\/03\/Comunicacion-1.jpg","type":"","width":"","height":""}],"twitter_card":"summary_large_image","twitter_misc":{"Tempo di lettura stimato":"5 minuti"},"schema":{"@context":"https:\/\/schema.org","@graph":[{"@type":"WebPage","@id":"https:\/\/eribertocaria.com\/it\/servizi\/comunicazione-aziendale\/","url":"https:\/\/eribertocaria.com\/it\/servizi\/comunicazione-aziendale\/","name":"Servizio di progettazione grafica e comunicazione del marchio &#8211; Eriberto Caria","isPartOf":{"@id":"https:\/\/eribertocaria.com\/it\/#website"},"primaryImageOfPage":{"@id":"https:\/\/eribertocaria.com\/it\/servizi\/comunicazione-aziendale\/#primaryimage"},"image":{"@id":"https:\/\/eribertocaria.com\/it\/servizi\/comunicazione-aziendale\/#primaryimage"},"thumbnailUrl":"https:\/\/eribertocaria.com\/wp-content\/uploads\/2024\/03\/Comunicacion-1.jpg","datePublished":"2023-01-21T19:20:15+00:00","dateModified":"2026-01-05T16:49:25+00:00","description":"Design grafico per la vostra azienda: brochure, volantini, manifesti, eventi... Servizi completi di brand design e comunicazione per tutti i tipi di aziende.","breadcrumb":{"@id":"https:\/\/eribertocaria.com\/it\/servizi\/comunicazione-aziendale\/#breadcrumb"},"inLanguage":"it-IT","potentialAction":[{"@type":"ReadAction","target":["https:\/\/eribertocaria.com\/it\/servizi\/comunicazione-aziendale\/"]}]},{"@type":"ImageObject","inLanguage":"it-IT","@id":"https:\/\/eribertocaria.com\/it\/servizi\/comunicazione-aziendale\/#primaryimage","url":"https:\/\/eribertocaria.com\/wp-content\/uploads\/2024\/03\/Comunicacion-1.jpg","contentUrl":"https:\/\/eribertocaria.com\/wp-content\/uploads\/2024\/03\/Comunicacion-1.jpg"},{"@type":"BreadcrumbList","@id":"https:\/\/eribertocaria.com\/it\/servizi\/comunicazione-aziendale\/#breadcrumb","itemListElement":[{"@type":"ListItem","position":1,"name":"Servizi","item":"https:\/\/eribertocaria.com\/it\/servizi\/"},{"@type":"ListItem","position":2,"name":"Comunicazione aziendale"}]},{"@type":"WebSite","@id":"https:\/\/eribertocaria.com\/it\/#website","url":"https:\/\/eribertocaria.com\/it\/","name":"Eriberto Caria","description":"Dise\u00f1ador gr\u00e1fico freelance","potentialAction":[{"@type":"SearchAction","target":{"@type":"EntryPoint","urlTemplate":"https:\/\/eribertocaria.com\/it\/?s={search_term_string}"},"query-input":{"@type":"PropertyValueSpecification","valueRequired":true,"valueName":"search_term_string"}}],"inLanguage":"it-IT"}]}},"_links":{"self":[{"href":"https:\/\/eribertocaria.com\/it\/wp-json\/wp\/v2\/pages\/8104","targetHints":{"allow":["GET"]}}],"collection":[{"href":"https:\/\/eribertocaria.com\/it\/wp-json\/wp\/v2\/pages"}],"about":[{"href":"https:\/\/eribertocaria.com\/it\/wp-json\/wp\/v2\/types\/page"}],"author":[{"embeddable":true,"href":"https:\/\/eribertocaria.com\/it\/wp-json\/wp\/v2\/users\/2"}],"replies":[{"embeddable":true,"href":"https:\/\/eribertocaria.com\/it\/wp-json\/wp\/v2\/comments?post=8104"}],"version-history":[{"count":21,"href":"https:\/\/eribertocaria.com\/it\/wp-json\/wp\/v2\/pages\/8104\/revisions"}],"predecessor-version":[{"id":13468,"href":"https:\/\/eribertocaria.com\/it\/wp-json\/wp\/v2\/pages\/8104\/revisions\/13468"}],"up":[{"embeddable":true,"href":"https:\/\/eribertocaria.com\/it\/wp-json\/wp\/v2\/pages\/8375"}],"wp:attachment":[{"href":"https:\/\/eribertocaria.com\/it\/wp-json\/wp\/v2\/media?parent=8104"}],"curies":[{"name":"wp","href":"https:\/\/api.w.org\/{rel}","templated":true}]}}