{"id":8095,"date":"2023-01-26T15:08:43","date_gmt":"2023-01-26T14:08:43","guid":{"rendered":"https:\/\/eribertocaria.com\/identidad-corporativa\/"},"modified":"2026-01-05T17:32:08","modified_gmt":"2026-01-05T16:32:08","slug":"identita-aziendale","status":"publish","type":"page","link":"https:\/\/eribertocaria.com\/it\/servizi\/identita-aziendale\/","title":{"rendered":"Identit\u00e0 aziendale"},"content":{"rendered":"\n<div class=\"wp-block-group bloque-1\" data-aos=\"fade\"><div class=\"wp-block-group__inner-container\">\n<figure class=\"wp-block-image alignfull size-full\"><img decoding=\"async\" src=\"https:\/\/eribertocaria.com\/wp-content\/uploads\/2023\/10\/secured-solutions-04-1.jpg\" alt=\"\" class=\"wp-image-8843\"\/><\/figure>\n\n\n\n<h1 class=\"wp-block-heading\" data-aos=\"fade-up\">Identit\u00e0 aziendale<\/h1>\n<\/div><\/div>\n\n\n\n<div class=\"wp-block-group bloque-2\"><div class=\"wp-block-group__inner-container\">\n<div class=\"wp-block-columns\">\n<div class=\"wp-block-column left\">\n<p>Posiziona il tuo marchio sul mercato e connettiti con il tuo pubblico grazie a branding, strategia di marca e identit\u00e0 aziendale.<\/p>\n<\/div>\n\n\n\n<div class=\"wp-block-column right\">\n<p>Ci sono diversi fattori che influenzano una persona a scegliere un prodotto o un servizio piuttosto che un altro. Molte aziende commettono l&#8217;errore di pensare che il processo di acquisto di un cliente si basi esclusivamente sul prezzo e sulle caratteristiche di un determinato prodotto o servizio. Ma non \u00e8 cos\u00ec. Stiamo parlando, ad esempio, di questioni come la percezione del marchio, motivo per cui l&#8217;identit\u00e0 aziendale \u00e8 cos\u00ec importante.<\/p>\n\n\n\n<p>Perch\u00e9 un&#8217;azienda abbia successo, il suo marchio deve essere percepito positivamente dai potenziali clienti. L&#8217;immagine che il pubblico potenziale ha del marchio e dell&#8217;azienda sar\u00e0 uno dei fattori che influenzer\u00e0 maggiormente il processo di vendita.<\/p>\n\n\n\n<p>Questa percezione del cliente \u00e8 nota come identit\u00e0 aziendale. Le grandi aziende investono enormi quantit\u00e0 di tempo e denaro per generare una buona impressione della loro azienda e del loro marchio nel consumatore. Attraverso questo investimento sanno di poter influenzare direttamente le decisioni di acquisto dei loro potenziali clienti.<\/p>\n\n\n\n<p>L&#8217;identit\u00e0 dell&#8217;azienda deve essere ben riflessa nel design del logo, nel marchio, nel naming o nell&#8217;applicazione a diversi media, tra gli altri. L&#8217;idea \u00e8 che, con ognuno di questi elementi, si trasmettano i valori dell&#8217;azienda.<\/p>\n<\/div>\n<\/div>\n<\/div><\/div>\n\n\n\n<div class=\"wp-block-group bloque-3\"><div class=\"wp-block-group__inner-container\">\n<div class=\"wp-block-columns\">\n<div class=\"wp-block-column left\">\n<h2 class=\"wp-block-heading\">Perch\u00e9 \u00e8 necessaria una buona identit\u00e0 aziendale?<\/h2>\n\n\n\n<p>Sebbene il processo di acquisto e vendita sembri abbastanza semplice, la verit\u00e0 \u00e8 che le aziende, volontariamente e involontariamente, comunicano qualcosa al consumatore. Allo stesso modo, gli acquirenti esprimono costantemente giudizi sui marchi dei prodotti e dei servizi che acquistano.<\/p>\n\n\n\n<p>Per questo motivo \u00e8 necessario progettare strategie efficaci che permettano ai vostri prodotti o servizi di comunicare esattamente ci\u00f2 che voi, come azienda, volete comunicare. Come abbiamo visto, sono molti i fattori che devono essere presi in considerazione per generare una buona identit\u00e0 aziendale. Si va dai valori dell&#8217;azienda, alle campagne pubblicitarie, al modo in cui viene presentato il prodotto e ai vantaggi che il cliente ottiene acquistandolo.<\/p>\n\n\n\n<p>Il design di un logo, il nome del prodotto (naming) o il design della confezione sono servizi che possono far percepire il vostro prodotto o servizio come superiore o migliore di quello della concorrenza. Ricordate che l&#8217;immagine, nel XXI secolo, ha un peso enorme nella percezione dei potenziali clienti. Curare l&#8217;immagine della vostra azienda e del vostro marchio \u00e8 fondamentale per entrare in contatto con i consumatori.<\/p>\n\n\n\n<h2 class=\"wp-block-heading\">Come creare un&#8217;identit\u00e0 aziendale?<\/h2>\n\n\n\n<p>Per creare la corporate identity di un marchio o di un&#8217;azienda, \u00e8 necessario innanzitutto rivolgersi a un designer professionista di comprovata esperienza. Nel nostro percorso professionale, abbiamo accumulato una ricca esperienza nella progettazione e nello sviluppo di identit\u00e0 aziendali per una vasta gamma di imprese operanti in diversi settori.<\/p>\n\n\n\n<p>Il primo passo consiste nel realizzare una sessione di brainstorming con il cliente, in cui si chiariscono i valori, la missione e la visione dell&#8217;azienda e si analizza ci\u00f2 che si vuole trasmettere attraverso l&#8217;identit\u00e0 aziendale. Questo lavoro di squadra \u00e8 estremamente importante per stabilire la coerenza tra ci\u00f2 che l&#8217;azienda trasmette e le sue azioni.<\/p>\n\n\n\n<p>Dopo questo brainstorming con il cliente, il designer effettua uno studio della concorrenza e del settore, e dopo questa analisi approfondita in cui ottiene tutte le informazioni necessarie, il professionista elabora un&#8217;opzione che presenta al cliente.<\/p>\n\n\n\n<p>Dopo la presentazione e con il contributo del cliente, il lavoro continua per definire l&#8217;identit\u00e0 aziendale definitiva che si adatta ai valori dell&#8217;azienda, alla percezione del potenziale acquirente dei prodotti o dei servizi e ai gusti del cliente. Infine, viene consegnato il manuale di immagine aziendale, che riassume tutti gli elementi che fanno parte dell&#8217;immagine aziendale per il suo corretto utilizzo.<\/p>\n\n\n\n<p>Se hai bisogno di un&#8217;immagine coordinata per la tua azienda o vuoi riprogettare quella che hai gi\u00e0 perch\u00e9 non si adatta oggi ai valori attuali della tua azienda, <a href=\"https:\/\/eribertocaria.com\/it\/contatti\/\">contattateci<\/a>. Saremmo felice di aiutarvi.<\/p>\n<\/div>\n\n\n\n<div class=\"wp-block-column right\">\n<h2 class=\"wp-block-heading\">Elementi chiave per l&#8217;identit\u00e0 aziendale<\/h2>\n\n\n\n<p>Quando si crea un&#8217;identit\u00e0 aziendale \u00e8 importante considerare i seguenti aspetti:<\/p>\n\n\n\n<div class=\"wp-block-columns\">\n<div class=\"wp-block-column left\">\n<h3 class=\"wp-block-heading\">Comunicazione<\/h3>\n\n\n\n<p>La <a href=\"https:\/\/eribertocaria.com\/it\/servizi\/comunicazione-aziendale\/\">comunicazione<\/a>, sia interna che esterna, \u00e8 uno degli aspetti fondamentali per riuscire a trasmettere il messaggio che si vuole far arrivare ai clienti attraverso la presenza del marchio.<\/p>\n\n\n\n<h3 class=\"wp-block-heading\">Design del packaging<\/h3>\n\n\n\n<p>Non \u00e8 un segreto che un <a href=\"https:\/\/eribertocaria.com\/it\/servizi\/packaging-design\/\">packaging<\/a> attraente sia essenziale per la presentazione di un prodotto. Una buona presentazione contribuisce a creare una buona identit\u00e0 aziendale.<\/p>\n\n\n\n<h3 class=\"wp-block-heading\">Design editoriale<\/h3>\n\n\n\n<p>Il <a href=\"https:\/\/eribertocaria.com\/it\/servizi\/design-editoriale\/\">design editoriale<\/a> \u00e8 essenziale per l&#8217;identit\u00e0 aziendale: dal layout dei contenuti alla scelta dei colori, ogni elemento comunica i valori e la personalit\u00e0 del brand.<\/p>\n\n\n\n<h3 class=\"wp-block-heading\">Web design<\/h3>\n\n\n\n<p>Al giorno d&#8217;oggi, avere un buon <a href=\"https:\/\/eribertocaria.com\/it\/servizi\/web-design\/\">web design<\/a> \u00e8 altrettanto o addirittura pi\u00f9 importante che avere un buon negozio fisico. Per massimizzare le opportunit\u00e0 di acquisti e fidelizzare i clienti, \u00e8 fondamentale garantire un&#8217;esperienza ottimale durante l&#8217;interazione degli utenti con il sito web.<\/p>\n<\/div>\n\n\n\n<div class=\"wp-block-column right\">\n<h3 class=\"wp-block-heading\">Applicazioni mobili<\/h3>\n\n\n\n<p>Come per il sito web, anche le <a href=\"https:\/\/eribertocaria.com\/it\/servizi\/progettazione-apps\/\">applicazioni mobili<\/a> rivestono oggi una grande importanza per le aziende. Devono essere pratiche, utili e semplici.<\/p>\n\n\n\n<h3 class=\"wp-block-heading\">Marketing online<\/h3>\n\n\n\n<p>\u00c8 fondamentale dare la massima importanza alle campagne di <a href=\"https:\/\/eribertocaria.com\/it\/servizi\/web-marketing\/\">marketing online<\/a> per far s\u00ec che il marchio della tua azienda raggiunga il pubblico di riferimento. Solo cos\u00ec potrai aumentare le vendite e raggiungere le persone ideali per diventare tuoi clienti.<\/p>\n\n\n\n<h3 class=\"wp-block-heading\">Realt\u00e0 estesa<\/h3>\n\n\n\n<p>La <a href=\"https:\/\/eribertocaria.com\/it\/servizi\/realta-estesa\/\">realt\u00e0 estesa<\/a> ridefinisce il branding aziendale offrendo esperienze immersive. Dalle presentazioni interattive al branding in realt\u00e0 aumentata, offre innovazione e coinvolgimento unico.<\/p>\n<\/div>\n<\/div>\n\n\n\n<p>Nell&#8217;identit\u00e0 aziendale bisogna sempre tenere presente che deve esserci una totale coerenza tra il messaggio che si vuole trasmettere e ci\u00f2 che l&#8217;attivit\u00e0 dell&#8217;azienda proietta. Il cliente riconosce queste coerenze ed \u00e8 fondamentale allineare l&#8217;immagine, il discorso e le azioni quotidiane nella stessa direzione per garantire un&#8217;esperienza coerente e soddisfacente. Solo con questa congruenza tra immagine, messaggio e azioni sar\u00e0 possibile forgiare quell&#8217;identit\u00e0 aziendale che mira a ottenere la fedelt\u00e0 del cliente e buone raccomandazioni.<\/p>\n<\/div>\n<\/div>\n<\/div><\/div>\n","protected":false},"excerpt":{"rendered":"<p>Identit\u00e0 aziendale Posiziona il tuo marchio sul mercato e connettiti con il tuo pubblico grazie a branding, strategia di marca e identit\u00e0 aziendale. Ci sono diversi fattori che influenzano una persona a scegliere un prodotto o un servizio piuttosto che un altro. Molte aziende commettono l&#8217;errore di pensare che il processo di acquisto di un [&hellip;]<\/p>\n","protected":false},"author":2,"featured_media":0,"parent":8375,"menu_order":1,"comment_status":"closed","ping_status":"closed","template":"fullwidth-without-title.php","meta":{"_acf_changed":false,"footnotes":""},"class_list":["post-8095","page","type-page","status-publish","hentry"],"acf":[],"yoast_head":"<!-- This site is optimized with the Yoast SEO plugin v27.1.1 - https:\/\/yoast.com\/product\/yoast-seo-wordpress\/ -->\n<title>Servizi di branding e identit\u00e0 aziendale &#8211; Eriberto Caria<\/title>\n<meta name=\"description\" content=\"Posizionate il vostro marchio sul mercato e connettetevi con il vostro pubblico attraverso il branding. Servizi di strategia del marchio e identit\u00e0 aziendale.\" \/>\n<meta name=\"robots\" content=\"index, follow, max-snippet:-1, max-image-preview:large, max-video-preview:-1\" \/>\n<link rel=\"canonical\" href=\"https:\/\/eribertocaria.com\/it\/servizi\/identita-aziendale\/\" \/>\n<meta property=\"og:locale\" content=\"it_IT\" \/>\n<meta property=\"og:type\" content=\"article\" \/>\n<meta property=\"og:title\" content=\"Servizi di branding e identit\u00e0 aziendale &#8211; Eriberto Caria\" \/>\n<meta property=\"og:description\" content=\"Posizionate il vostro marchio sul mercato e connettetevi con il vostro pubblico attraverso il branding. Servizi di strategia del marchio e identit\u00e0 aziendale.\" \/>\n<meta property=\"og:url\" content=\"https:\/\/eribertocaria.com\/it\/servizi\/identita-aziendale\/\" \/>\n<meta property=\"og:site_name\" content=\"Eriberto Caria\" \/>\n<meta property=\"article:modified_time\" content=\"2026-01-05T16:32:08+00:00\" \/>\n<meta property=\"og:image\" content=\"https:\/\/eribertocaria.com\/wp-content\/uploads\/2023\/10\/secured-solutions-04-1.jpg\" \/>\n<meta name=\"twitter:card\" content=\"summary_large_image\" \/>\n<meta name=\"twitter:label1\" content=\"Tempo di lettura stimato\" \/>\n\t<meta name=\"twitter:data1\" content=\"5 minuti\" \/>\n<script type=\"application\/ld+json\" class=\"yoast-schema-graph\">{\"@context\":\"https:\/\/schema.org\",\"@graph\":[{\"@type\":\"WebPage\",\"@id\":\"https:\/\/eribertocaria.com\/it\/servizi\/identita-aziendale\/\",\"url\":\"https:\/\/eribertocaria.com\/it\/servizi\/identita-aziendale\/\",\"name\":\"Servizi di branding e identit\u00e0 aziendale &#8211; Eriberto Caria\",\"isPartOf\":{\"@id\":\"https:\/\/eribertocaria.com\/it\/#website\"},\"primaryImageOfPage\":{\"@id\":\"https:\/\/eribertocaria.com\/it\/servizi\/identita-aziendale\/#primaryimage\"},\"image\":{\"@id\":\"https:\/\/eribertocaria.com\/it\/servizi\/identita-aziendale\/#primaryimage\"},\"thumbnailUrl\":\"https:\/\/eribertocaria.com\/wp-content\/uploads\/2023\/10\/secured-solutions-04-1.jpg\",\"datePublished\":\"2023-01-26T14:08:43+00:00\",\"dateModified\":\"2026-01-05T16:32:08+00:00\",\"description\":\"Posizionate il vostro marchio sul mercato e connettetevi con il vostro pubblico attraverso il branding. Servizi di strategia del marchio e identit\u00e0 aziendale.\",\"breadcrumb\":{\"@id\":\"https:\/\/eribertocaria.com\/it\/servizi\/identita-aziendale\/#breadcrumb\"},\"inLanguage\":\"it-IT\",\"potentialAction\":[{\"@type\":\"ReadAction\",\"target\":[\"https:\/\/eribertocaria.com\/it\/servizi\/identita-aziendale\/\"]}]},{\"@type\":\"ImageObject\",\"inLanguage\":\"it-IT\",\"@id\":\"https:\/\/eribertocaria.com\/it\/servizi\/identita-aziendale\/#primaryimage\",\"url\":\"https:\/\/eribertocaria.com\/wp-content\/uploads\/2023\/10\/secured-solutions-04-1.jpg\",\"contentUrl\":\"https:\/\/eribertocaria.com\/wp-content\/uploads\/2023\/10\/secured-solutions-04-1.jpg\"},{\"@type\":\"BreadcrumbList\",\"@id\":\"https:\/\/eribertocaria.com\/it\/servizi\/identita-aziendale\/#breadcrumb\",\"itemListElement\":[{\"@type\":\"ListItem\",\"position\":1,\"name\":\"Servizi\",\"item\":\"https:\/\/eribertocaria.com\/it\/servizi\/\"},{\"@type\":\"ListItem\",\"position\":2,\"name\":\"Identit\u00e0 aziendale\"}]},{\"@type\":\"WebSite\",\"@id\":\"https:\/\/eribertocaria.com\/it\/#website\",\"url\":\"https:\/\/eribertocaria.com\/it\/\",\"name\":\"Eriberto Caria\",\"description\":\"Dise\u00f1ador gr\u00e1fico freelance\",\"potentialAction\":[{\"@type\":\"SearchAction\",\"target\":{\"@type\":\"EntryPoint\",\"urlTemplate\":\"https:\/\/eribertocaria.com\/it\/?s={search_term_string}\"},\"query-input\":{\"@type\":\"PropertyValueSpecification\",\"valueRequired\":true,\"valueName\":\"search_term_string\"}}],\"inLanguage\":\"it-IT\"}]}<\/script>\n<!-- \/ Yoast SEO plugin. -->","yoast_head_json":{"title":"Servizi di branding e identit\u00e0 aziendale &#8211; Eriberto Caria","description":"Posizionate il vostro marchio sul mercato e connettetevi con il vostro pubblico attraverso il branding. Servizi di strategia del marchio e identit\u00e0 aziendale.","robots":{"index":"index","follow":"follow","max-snippet":"max-snippet:-1","max-image-preview":"max-image-preview:large","max-video-preview":"max-video-preview:-1"},"canonical":"https:\/\/eribertocaria.com\/it\/servizi\/identita-aziendale\/","og_locale":"it_IT","og_type":"article","og_title":"Servizi di branding e identit\u00e0 aziendale &#8211; Eriberto Caria","og_description":"Posizionate il vostro marchio sul mercato e connettetevi con il vostro pubblico attraverso il branding. Servizi di strategia del marchio e identit\u00e0 aziendale.","og_url":"https:\/\/eribertocaria.com\/it\/servizi\/identita-aziendale\/","og_site_name":"Eriberto Caria","article_modified_time":"2026-01-05T16:32:08+00:00","og_image":[{"url":"https:\/\/eribertocaria.com\/wp-content\/uploads\/2023\/10\/secured-solutions-04-1.jpg","type":"","width":"","height":""}],"twitter_card":"summary_large_image","twitter_misc":{"Tempo di lettura stimato":"5 minuti"},"schema":{"@context":"https:\/\/schema.org","@graph":[{"@type":"WebPage","@id":"https:\/\/eribertocaria.com\/it\/servizi\/identita-aziendale\/","url":"https:\/\/eribertocaria.com\/it\/servizi\/identita-aziendale\/","name":"Servizi di branding e identit\u00e0 aziendale &#8211; Eriberto Caria","isPartOf":{"@id":"https:\/\/eribertocaria.com\/it\/#website"},"primaryImageOfPage":{"@id":"https:\/\/eribertocaria.com\/it\/servizi\/identita-aziendale\/#primaryimage"},"image":{"@id":"https:\/\/eribertocaria.com\/it\/servizi\/identita-aziendale\/#primaryimage"},"thumbnailUrl":"https:\/\/eribertocaria.com\/wp-content\/uploads\/2023\/10\/secured-solutions-04-1.jpg","datePublished":"2023-01-26T14:08:43+00:00","dateModified":"2026-01-05T16:32:08+00:00","description":"Posizionate il vostro marchio sul mercato e connettetevi con il vostro pubblico attraverso il branding. Servizi di strategia del marchio e identit\u00e0 aziendale.","breadcrumb":{"@id":"https:\/\/eribertocaria.com\/it\/servizi\/identita-aziendale\/#breadcrumb"},"inLanguage":"it-IT","potentialAction":[{"@type":"ReadAction","target":["https:\/\/eribertocaria.com\/it\/servizi\/identita-aziendale\/"]}]},{"@type":"ImageObject","inLanguage":"it-IT","@id":"https:\/\/eribertocaria.com\/it\/servizi\/identita-aziendale\/#primaryimage","url":"https:\/\/eribertocaria.com\/wp-content\/uploads\/2023\/10\/secured-solutions-04-1.jpg","contentUrl":"https:\/\/eribertocaria.com\/wp-content\/uploads\/2023\/10\/secured-solutions-04-1.jpg"},{"@type":"BreadcrumbList","@id":"https:\/\/eribertocaria.com\/it\/servizi\/identita-aziendale\/#breadcrumb","itemListElement":[{"@type":"ListItem","position":1,"name":"Servizi","item":"https:\/\/eribertocaria.com\/it\/servizi\/"},{"@type":"ListItem","position":2,"name":"Identit\u00e0 aziendale"}]},{"@type":"WebSite","@id":"https:\/\/eribertocaria.com\/it\/#website","url":"https:\/\/eribertocaria.com\/it\/","name":"Eriberto Caria","description":"Dise\u00f1ador gr\u00e1fico freelance","potentialAction":[{"@type":"SearchAction","target":{"@type":"EntryPoint","urlTemplate":"https:\/\/eribertocaria.com\/it\/?s={search_term_string}"},"query-input":{"@type":"PropertyValueSpecification","valueRequired":true,"valueName":"search_term_string"}}],"inLanguage":"it-IT"}]}},"_links":{"self":[{"href":"https:\/\/eribertocaria.com\/it\/wp-json\/wp\/v2\/pages\/8095","targetHints":{"allow":["GET"]}}],"collection":[{"href":"https:\/\/eribertocaria.com\/it\/wp-json\/wp\/v2\/pages"}],"about":[{"href":"https:\/\/eribertocaria.com\/it\/wp-json\/wp\/v2\/types\/page"}],"author":[{"embeddable":true,"href":"https:\/\/eribertocaria.com\/it\/wp-json\/wp\/v2\/users\/2"}],"replies":[{"embeddable":true,"href":"https:\/\/eribertocaria.com\/it\/wp-json\/wp\/v2\/comments?post=8095"}],"version-history":[{"count":38,"href":"https:\/\/eribertocaria.com\/it\/wp-json\/wp\/v2\/pages\/8095\/revisions"}],"predecessor-version":[{"id":13448,"href":"https:\/\/eribertocaria.com\/it\/wp-json\/wp\/v2\/pages\/8095\/revisions\/13448"}],"up":[{"embeddable":true,"href":"https:\/\/eribertocaria.com\/it\/wp-json\/wp\/v2\/pages\/8375"}],"wp:attachment":[{"href":"https:\/\/eribertocaria.com\/it\/wp-json\/wp\/v2\/media?parent=8095"}],"curies":[{"name":"wp","href":"https:\/\/api.w.org\/{rel}","templated":true}]}}