{"id":7950,"date":"2023-06-16T00:09:04","date_gmt":"2023-06-15T22:09:04","guid":{"rendered":"https:\/\/eribertocaria.com\/politica-de-privacidad\/"},"modified":"2026-03-18T10:46:04","modified_gmt":"2026-03-18T09:46:04","slug":"politica-sulla-privacy","status":"publish","type":"page","link":"https:\/\/eribertocaria.com\/it\/politica-sulla-privacy\/","title":{"rendered":"Politica sulla privacy"},"content":{"rendered":"\n<h2 class=\"wp-block-heading\">Informazioni sull&#8217;utente<\/h2>\n\n\n\n<h3 class=\"wp-block-heading\">Chi \u00e8 responsabile del trattamento dei tuoi dati personali?<\/h3>\n\n\n\n<p><strong>Eriberto Caria <\/strong>\u00e8 RESPONSABILE del trattamento dei dati personali dell&#8217;UTENTE e informa che tali dati saranno trattati in conformit\u00e0 alle disposizioni del Regolamento (UE) 2016\/679, del 27 aprile (GDPR), e della Legge Organica 3\/2018, del 5 dicembre (LOPDGDD).<\/p>\n\n\n\n<h3 class=\"wp-block-heading\">Per quale motivo trattiamo i tuoi dati personali?<\/h3>\n\n\n\n<p>Per mantenere un rapporto commerciale con l&#8217;utente. Le operazioni previste per lo svolgimento del trattamento sono:<\/p>\n\n\n\n<ul class=\"wp-block-list\">\n<li>Invio di comunicazioni commerciali pubblicitarie tramite e-mail, fax, SMS, MMS, social network o qualsiasi altro mezzo elettronico o fisico, presente o futuro, che consenta di effettuare comunicazioni commerciali. Queste comunicazioni saranno effettuate dal RESPONSABILE e saranno relative ai suoi prodotti e servizi, o a quelli dei suoi collaboratori o fornitori, con i quali ha raggiunto un accordo promozionale. In questo caso, i terzi non avranno mai accesso ai dati personali.<\/li>\n\n\n\n<li>Effettuare ricerche di mercato e analisi statistiche.<\/li>\n\n\n\n<li>Elaborare ordini, richieste, rispondere a quesiti o a qualsiasi tipo di richiesta avanzata dall&#8217;UTENTE attraverso uno qualsiasi dei moduli di contatto resi disponibili sul sito web del RESPONSABILE.<\/li>\n\n\n\n<li>Inviare la newsletter online sulle novit\u00e0, le offerte e le promozioni della nostra attivit\u00e0.<\/li>\n<\/ul>\n\n\n\n<h3 class=\"wp-block-heading\">Perch\u00e9 possiamo trattare i vostri dati personali?<\/h3>\n\n\n\n<p>Perch\u00e9 il trattamento \u00e8 legittimato dall&#8217;articolo 6 del GDPR come segue:<\/p>\n\n\n\n<ul class=\"wp-block-list\">\n<li>Con il consenso dell&#8217;UTENTE: invio di comunicazioni commerciali e newsletter.<\/li>\n\n\n\n<li>Per il legittimo interesse del RESPONSABILE: per effettuare ricerche di mercato, analisi statistiche, ecc. e per evadere ordini, richieste, ecc. su richiesta dell&#8217;UTENTE.<\/li>\n<\/ul>\n\n\n\n<h3 class=\"wp-block-heading\">Per quanto tempo conserveremo i vostri dati personali?<\/h3>\n\n\n\n<p>Saranno conservati per un periodo di tempo non superiore a quello necessario per il mantenimento delle finalit\u00e0 del trattamento o in presenza di requisiti legali che ne impongano la conservazione e, quando non saranno pi\u00f9 necessari per tali finalit\u00e0, saranno cancellati con misure di sicurezza adeguate per garantire l&#8217;anonimizzazione dei dati o la loro totale distruzione.<\/p>\n\n\n\n<h3 class=\"wp-block-heading\">A chi forniamo i tuoi dati personali?<\/h3>\n\n\n\n<p>Non \u00e8 prevista la comunicazione dei dati personali a terzi ad eccezione, se necessario per lo sviluppo e l&#8217;esecuzione delle finalit\u00e0 del trattamento, dei nostri fornitori di servizi relativi alle comunicazioni, con i quali il RESPONSABILE ha sottoscritto i contratti di riservatezza e di trattamento dei dati richiesti dalla normativa sulla privacy in vigore.<\/p>\n\n\n\n<h3 class=\"wp-block-heading\">Quali sono i tuoi diritti?<\/h3>\n\n\n\n<p>I diritti dell&#8217;UTENTE sono:<\/p>\n\n\n\n<ul class=\"wp-block-list\">\n<li>Diritto di revocare il consenso in qualsiasi momento.<\/li>\n\n\n\n<li>Diritto di accesso, rettifica, portabilit\u00e0 e cancellazione dei propri dati, nonch\u00e9 di limitare o opporsi al loro trattamento.<\/li>\n\n\n\n<li>Diritto di proporre reclamo all&#8217;autorit\u00e0 di controllo (www.aepd.es) qualora si ritenga che il trattamento non sia conforme alla normativa vigente.<\/li>\n<\/ul>\n\n\n\n<p><strong>Informazioni di contatto per l&#8217;esercizio dei diritti:<\/strong><br>Eriberto Caria &#8211; Placeta de Rosanes 1 pta. 8  &#8211; 46410 Sueca (Val\u00e8ncia, Spagna). E-mail: info@eribertocaria.com<\/p>\n\n\n\n<h2 class=\"wp-block-heading\">Natura obbligatoria o facoltativa delle informazioni fornite dall&#8217;utente<\/h2>\n\n\n\n<p>Gli UTENTI, barrando le caselle corrispondenti e inserendo i dati nei campi contrassegnati da un asterisco (*) nel modulo di contatto o presentati nei moduli di download, accettano espressamente e liberamente e inequivocabilmente che i loro dati sono necessari per soddisfare la loro richiesta, da parte del fornitore, essendo volontario l&#8217;inserimento dei dati nei campi rimanenti. L&#8217;UTENTE garantisce che i dati personali forniti al RESPONSABILE sono veritieri ed \u00e8 responsabile della comunicazione di eventuali modifiche agli stessi.<\/p>\n\n\n\n<p>Il RESPONSABILE informa che tutti i dati richiesti attraverso il sito web sono obbligatori, in quanto necessari per la fornitura di un servizio ottimale all&#8217;UTENTE. Nel caso in cui non vengano forniti tutti i dati, non si garantisce che le informazioni e i servizi forniti siano completamente adeguati alle esigenze dell&#8217;utente.<\/p>\n\n\n\n<h2 class=\"wp-block-heading\">Misure di sicurezza<\/h2>\n\n\n\n<p>Che in conformit\u00e0 alle disposizioni della normativa vigente in materia di protezione dei dati personali, il RESPONSABILE rispetta tutte le disposizioni del GDPR e della normativa LOPDGDD per il trattamento dei dati personali sotto la sua responsabilit\u00e0, e manifestamente i principi descritti nell&#8217;articolo 5 del GDPR, per cui essi sono trattati in modo lecito, equo e trasparente nei confronti dell&#8217;interessato e sono adeguati, pertinenti e limitati a quanto necessario in relazione alle finalit\u00e0 per cui sono trattati.<\/p>\n\n\n\n<p>Il TITOLARE garantisce di aver implementato politiche tecniche e organizzative adeguate per applicare le misure di sicurezza stabilite dal GDPR e dal LOPDGDD al fine di proteggere i diritti e le libert\u00e0 degli UTENTI e di aver comunicato loro le informazioni appropriate affinch\u00e9 possano esercitarli.<\/p>\n\n\n\n<p>Per ulteriori informazioni sulle garanzie di privacy, \u00e8 possibile contattare il RESPONSABILE tramite Eriberto Caria &#8211; Placeta de Rosanes 1 pta. 8  &#8211; 46410 Sueca (Val\u00e8ncia, Spagna). E-mail: info@eribertocaria.com<\/p>\n\n\n\n<h2 class=\"wp-block-heading\">Informativa sulla privacy reti sociali<\/h2>\n\n\n\n<h3 class=\"wp-block-heading\">\u00bfChi \u00e8 responsabile del trattamento dei tuoi dati personali?<\/h3>\n\n\n\n<p>Eriberto Caria, di seguito RESPONSABILE, informa l&#8217;UTENTE che ha proceduto alla creazione di un profilo sui social network Facebook, Instagram e LinkedIn, di essere responsabile del trattamento dei dati personali dell&#8217;UTENTE effettuato su detti social network e informa l&#8217;UTENTE che tali dati saranno trattati in conformit\u00e0 alle disposizioni del Regolamento (UE) 2016\/679, del 27 aprile (GDPR), e della Legge Organica 3\/2018, del 5 dicembre (LOPDGDD), per cui si forniscono all&#8217;UTENTE le seguenti informazioni sul trattamento:<\/p>\n\n\n\n<h3 class=\"wp-block-heading\">Per quale motivo trattiamo i tuoi dati personali?<\/h3>\n\n\n\n<p><strong>Finalit\u00e0 del trattamento<\/strong>: mantenere un rapporto tra l&#8217;UTENTE e il RESPONSABILE che pu\u00f2 comprendere le seguenti operazioni:<\/p>\n\n\n\n<ul class=\"wp-block-list\">\n<li>Gestire le richieste e le domande rivolte al responsabile<\/li>\n\n\n\n<li>Informar sInformare su attivit\u00e0 ed eventi organizzati dal responsabile del trattamento<\/li>\n\n\n\n<li>Informare su prodotti o servizi offerti dal gestore Interact attraverso i profili ufficiali<\/li>\n<\/ul>\n\n\n\n<h3 class=\"wp-block-heading\">Perch\u00e9 possiamo trattare i tuoi dati personali?<\/h3>\n\n\n\n<p><strong>Base giuridica del trattamento<\/strong>: ai sensi dell&#8217;articolo 6.1.a GDPR, l&#8217;interessato ha acconsentito al trattamento dei propri dati personali per una o pi\u00f9 finalit\u00e0 specifiche. L&#8217;UTENTE ha un profilo sul medesimo social network e ha deciso di iscriversi al social network del RESPONSABILE mostrando interesse per le informazioni ivi pubblicate, pertanto, al momento della richiesta di seguire i nostri profili ufficiali, presta il proprio consenso al trattamento di quei dati personali pubblicati sul proprio profilo.<\/p>\n\n\n\n<p>L&#8217;UTENTE pu\u00f2 accedere in qualsiasi momento alle politiche sulla privacy del social network stesso, nonch\u00e9 configurare il proprio profilo per garantire la propria privacy.<\/p>\n\n\n\n<p>Il RESPONSABILE ha accesso e tratta le informazioni pubbliche dell&#8217;UTENTE, in particolare il suo nome di contatto. Questi dati sono utilizzati solo all&#8217;interno del social network stesso e saranno incorporati in un file del RESPONSABILE solo quando necessario per elaborare la richiesta dell&#8217;UTENTE.<\/p>\n\n\n\n<h3 class=\"wp-block-heading\">Per quanto tempo conserveremo i tuoi dati personali?<\/h3>\n\n\n\n<p><strong>Criteri di conservazione dei dati<\/strong>: saranno conservati finch\u00e9 l&#8217;UTENTE non revocher\u00e0 il consenso prestato come indicato nella presente informativa sulla privacy.<\/p>\n\n\n\n<h3 class=\"wp-block-heading\">A chi forniamo i tuoi dati personali?<\/h3>\n\n\n\n<p><strong>Comunicazione dei dati<\/strong>: le informazioni fornite dall&#8217;UTENTE attraverso i social network del RESPONSABILE, compresi i suoi dati personali, possono essere pubblicate, sempre a seconda dei servizi che l&#8217;UTENTE utilizza, e possono quindi essere pubblicamente disponibili ad altri utenti terzi dei social network. Dal profilo di ciascun social network, l&#8217;UTENTE pu\u00f2 configurare quali informazioni desidera rendere pubbliche in ciascun caso, visualizzare le autorizzazioni concesse, cancellarle o disattivarle, come ad esempio le applicazioni di terzi che non desidera pi\u00f9 utilizzare.<\/p>\n\n\n\n<p>Non \u00e8 prevista la comunicazione di dati personali a terzi al di fuori del social network ad eccezione, se indispensabile per lo sviluppo e l&#8217;esecuzione delle finalit\u00e0 del trattamento, dei nostri fornitori di servizi relativi alle comunicazioni, con i quali il RESPONSABILE ha sottoscritto i contratti di riservatezza e di responsabile del trattamento previsti dalla vigente normativa sulla privacy.<\/p>\n\n\n\n<h3 class=\"wp-block-heading\">Quali sono i tuoi diritti?<\/h3>\n\n\n\n<p><strong>Diritti dell&#8217;UTENTE<\/strong>: possono essere esercitati solo in relazione alle informazioni che sono sotto il controllo del RESPONSABILE.<\/p>\n\n\n\n<p><strong>Diritto di ritirare il consenso in qualsiasi momento.<\/strong> Diritto di accesso, rettifica, portabilit\u00e0 e cancellazione dei dati, nonch\u00e9 diritto di limitare o opporsi al loro trattamento.<\/p>\n\n\n\n<p><strong>Diritto di proporre reclamo all&#8217;autorit\u00e0 di controllo <\/strong>(www.aepd.es) qualora ritenga che il trattamento non sia conforme alla normativa vigente.<\/p>\n\n\n\n<p><strong>Informazioni di contatto per l&#8217;esercizio dei diritti:<\/strong><br>Eriberto Caria &#8211; Placeta de Rosanes 1 pta. 8  &#8211; 46410 Sueca (Val\u00e8ncia, Spagna). E-mail: info@eribertocaria.com<\/p>\n\n\n\n<h3 class=\"wp-block-heading\">Utilizzo del profilo<\/h3>\n\n\n\n<p>Il RESPONSABILE svolger\u00e0 le seguenti azioni:<\/p>\n\n\n\n<ul class=\"wp-block-list\">\n<li>Accesso alle informazioni del profilo pubblico.<\/li>\n\n\n\n<li>Pubblicazione sul profilo dell&#8217;UTENTE di tutte le informazioni gi\u00e0 pubblicate sul social network del RESPONSABILE.<\/li>\n\n\n\n<li>Invio di messaggi personali e individuali attraverso i canali del social network.<\/li>\n\n\n\n<li>Aggiornamenti sullo stato della pagina da pubblicare sul profilo dell&#8217;UTENTE.<\/li>\n<\/ul>\n\n\n\n<p>L&#8217;UTENTE pu\u00f2 sempre controllare le proprie connessioni, cancellare i contenuti che non sono pi\u00f9 di suo interesse e limitare le persone con cui condivide le proprie connessioni accedendo alle proprie impostazioni sulla privacy.<\/p>\n\n\n\n<h3 class=\"wp-block-heading\">Pubblicazioni<\/h3>\n\n\n\n<p>L&#8217;UTENTE, una volta diventato follower o iscritto al social network del RESPONSABILE, pu\u00f2 pubblicare commenti, link, immagini, fotografie o qualsiasi altro tipo di contenuto multimediale supportato dallo stesso. L&#8217;UTENTE, in tutti i casi, deve essere il proprietario del contenuto pubblicato, detenere i diritti d&#8217;autore e di propriet\u00e0 intellettuale o avere il consenso dei terzi interessati.<\/p>\n\n\n\n<p>\u00c8 espressamente vietata la pubblicazione sul social network di testi, grafici, fotografie, video, ecc. che violino o possano violare la morale, l&#8217;etica, il buon gusto o il decoro, e\/o che infrangano, violino i diritti di propriet\u00e0 intellettuale o industriale, il diritto all&#8217;immagine o la legge.<\/p>\n\n\n\n<p>In questi casi, il RESPONSABILE si riserva il diritto di rimuovere immediatamente il contenuto, senza preavviso, e pu\u00f2 richiedere il blocco permanente dell&#8217;UTENTE.<\/p>\n\n\n\n<p>Il RESPONSABILE non sar\u00e0 ritenuto responsabile dei contenuti che un UTENTE ha pubblicato liberamente.<\/p>\n\n\n\n<p>L&#8217;UTENTE deve tenere presente che le sue pubblicazioni saranno conosciute da altri utenti, pertanto \u00e8 il principale responsabile della sua privacy.<\/p>\n\n\n\n<p>Le immagini eventualmente pubblicate sul social network non saranno archiviate dal RESPONSABILE, ma rimarranno sul social network.<\/p>\n\n\n\n<h3 class=\"wp-block-heading\">Dati di minori o di persone disabili<\/h3>\n\n\n\n<p>L&#8217;accesso e la registrazione attraverso i social network del RESPONSABILE sono vietati ai minori di 18 anni. Inoltre, se l&#8217;UTENTE \u00e8 disabile, sar\u00e0 necessario l&#8217;intervento del titolare della potest\u00e0 genitoriale o della tutela, o del suo rappresentante legale tramite un documento valido che ne attesti la rappresentanza.<\/p>\n\n\n\n<p>Il RESPONSABILE \u00e8 espressamente esonerato da qualsiasi responsabilit\u00e0 che possa derivare dall&#8217;uso dei social network da parte di minori o persone disabili. I social network del RESPONSABILE non raccolgono consapevolmente informazioni personali di minori, pertanto, se l&#8217;UTENTE \u00e8 minorenne, non deve registrarsi o utilizzare i social network del RESPONSABILE, n\u00e9 fornire informazioni personali.<\/p>\n","protected":false},"excerpt":{"rendered":"<p>Informazioni sull&#8217;utente Chi \u00e8 responsabile del trattamento dei tuoi dati personali? Eriberto Caria \u00e8 RESPONSABILE del trattamento dei dati personali dell&#8217;UTENTE e informa che tali dati saranno trattati in conformit\u00e0 alle disposizioni del Regolamento (UE) 2016\/679, del 27 aprile (GDPR), e della Legge Organica 3\/2018, del 5 dicembre (LOPDGDD). Per quale motivo trattiamo i tuoi [&hellip;]<\/p>\n","protected":false},"author":2,"featured_media":0,"parent":0,"menu_order":0,"comment_status":"closed","ping_status":"closed","template":"legal-text.php","meta":{"_acf_changed":false,"footnotes":""},"class_list":["post-7950","page","type-page","status-publish","hentry"],"acf":[],"yoast_head":"<!-- This site is optimized with the Yoast SEO plugin v27.1.1 - https:\/\/yoast.com\/product\/yoast-seo-wordpress\/ -->\n<title>Politica sulla privacy &#8211; Eriberto Caria<\/title>\n<meta name=\"robots\" content=\"index, follow, max-snippet:-1, max-image-preview:large, max-video-preview:-1\" \/>\n<link rel=\"canonical\" href=\"https:\/\/eribertocaria.com\/it\/politica-sulla-privacy\/\" \/>\n<meta property=\"og:locale\" content=\"it_IT\" \/>\n<meta property=\"og:type\" content=\"article\" \/>\n<meta property=\"og:title\" content=\"Politica sulla privacy &#8211; Eriberto Caria\" \/>\n<meta property=\"og:description\" content=\"Informazioni sull&#8217;utente Chi \u00e8 responsabile del trattamento dei tuoi dati personali? Eriberto Caria \u00e8 RESPONSABILE del trattamento dei dati personali dell&#8217;UTENTE e informa che tali dati saranno trattati in conformit\u00e0 alle disposizioni del Regolamento (UE) 2016\/679, del 27 aprile (GDPR), e della Legge Organica 3\/2018, del 5 dicembre (LOPDGDD). Per quale motivo trattiamo i tuoi [&hellip;]\" \/>\n<meta property=\"og:url\" content=\"https:\/\/eribertocaria.com\/it\/politica-sulla-privacy\/\" \/>\n<meta property=\"og:site_name\" content=\"Eriberto Caria\" \/>\n<meta property=\"article:modified_time\" content=\"2026-03-18T09:46:04+00:00\" \/>\n<meta name=\"twitter:card\" content=\"summary_large_image\" \/>\n<meta name=\"twitter:label1\" content=\"Tempo di lettura stimato\" \/>\n\t<meta name=\"twitter:data1\" content=\"8 minuti\" \/>\n<script type=\"application\/ld+json\" class=\"yoast-schema-graph\">{\"@context\":\"https:\/\/schema.org\",\"@graph\":[{\"@type\":\"WebPage\",\"@id\":\"https:\/\/eribertocaria.com\/it\/politica-sulla-privacy\/\",\"url\":\"https:\/\/eribertocaria.com\/it\/politica-sulla-privacy\/\",\"name\":\"Politica sulla privacy &#8211; Eriberto Caria\",\"isPartOf\":{\"@id\":\"https:\/\/eribertocaria.com\/it\/#website\"},\"datePublished\":\"2023-06-15T22:09:04+00:00\",\"dateModified\":\"2026-03-18T09:46:04+00:00\",\"inLanguage\":\"it-IT\",\"potentialAction\":[{\"@type\":\"ReadAction\",\"target\":[\"https:\/\/eribertocaria.com\/it\/politica-sulla-privacy\/\"]}]},{\"@type\":\"WebSite\",\"@id\":\"https:\/\/eribertocaria.com\/it\/#website\",\"url\":\"https:\/\/eribertocaria.com\/it\/\",\"name\":\"Eriberto Caria\",\"description\":\"Dise\u00f1ador gr\u00e1fico freelance\",\"potentialAction\":[{\"@type\":\"SearchAction\",\"target\":{\"@type\":\"EntryPoint\",\"urlTemplate\":\"https:\/\/eribertocaria.com\/it\/?s={search_term_string}\"},\"query-input\":{\"@type\":\"PropertyValueSpecification\",\"valueRequired\":true,\"valueName\":\"search_term_string\"}}],\"inLanguage\":\"it-IT\"}]}<\/script>\n<!-- \/ Yoast SEO plugin. -->","yoast_head_json":{"title":"Politica sulla privacy &#8211; Eriberto Caria","robots":{"index":"index","follow":"follow","max-snippet":"max-snippet:-1","max-image-preview":"max-image-preview:large","max-video-preview":"max-video-preview:-1"},"canonical":"https:\/\/eribertocaria.com\/it\/politica-sulla-privacy\/","og_locale":"it_IT","og_type":"article","og_title":"Politica sulla privacy &#8211; Eriberto Caria","og_description":"Informazioni sull&#8217;utente Chi \u00e8 responsabile del trattamento dei tuoi dati personali? Eriberto Caria \u00e8 RESPONSABILE del trattamento dei dati personali dell&#8217;UTENTE e informa che tali dati saranno trattati in conformit\u00e0 alle disposizioni del Regolamento (UE) 2016\/679, del 27 aprile (GDPR), e della Legge Organica 3\/2018, del 5 dicembre (LOPDGDD). Per quale motivo trattiamo i tuoi [&hellip;]","og_url":"https:\/\/eribertocaria.com\/it\/politica-sulla-privacy\/","og_site_name":"Eriberto Caria","article_modified_time":"2026-03-18T09:46:04+00:00","twitter_card":"summary_large_image","twitter_misc":{"Tempo di lettura stimato":"8 minuti"},"schema":{"@context":"https:\/\/schema.org","@graph":[{"@type":"WebPage","@id":"https:\/\/eribertocaria.com\/it\/politica-sulla-privacy\/","url":"https:\/\/eribertocaria.com\/it\/politica-sulla-privacy\/","name":"Politica sulla privacy &#8211; Eriberto Caria","isPartOf":{"@id":"https:\/\/eribertocaria.com\/it\/#website"},"datePublished":"2023-06-15T22:09:04+00:00","dateModified":"2026-03-18T09:46:04+00:00","inLanguage":"it-IT","potentialAction":[{"@type":"ReadAction","target":["https:\/\/eribertocaria.com\/it\/politica-sulla-privacy\/"]}]},{"@type":"WebSite","@id":"https:\/\/eribertocaria.com\/it\/#website","url":"https:\/\/eribertocaria.com\/it\/","name":"Eriberto Caria","description":"Dise\u00f1ador gr\u00e1fico freelance","potentialAction":[{"@type":"SearchAction","target":{"@type":"EntryPoint","urlTemplate":"https:\/\/eribertocaria.com\/it\/?s={search_term_string}"},"query-input":{"@type":"PropertyValueSpecification","valueRequired":true,"valueName":"search_term_string"}}],"inLanguage":"it-IT"}]}},"_links":{"self":[{"href":"https:\/\/eribertocaria.com\/it\/wp-json\/wp\/v2\/pages\/7950","targetHints":{"allow":["GET"]}}],"collection":[{"href":"https:\/\/eribertocaria.com\/it\/wp-json\/wp\/v2\/pages"}],"about":[{"href":"https:\/\/eribertocaria.com\/it\/wp-json\/wp\/v2\/types\/page"}],"author":[{"embeddable":true,"href":"https:\/\/eribertocaria.com\/it\/wp-json\/wp\/v2\/users\/2"}],"replies":[{"embeddable":true,"href":"https:\/\/eribertocaria.com\/it\/wp-json\/wp\/v2\/comments?post=7950"}],"version-history":[{"count":19,"href":"https:\/\/eribertocaria.com\/it\/wp-json\/wp\/v2\/pages\/7950\/revisions"}],"predecessor-version":[{"id":13703,"href":"https:\/\/eribertocaria.com\/it\/wp-json\/wp\/v2\/pages\/7950\/revisions\/13703"}],"wp:attachment":[{"href":"https:\/\/eribertocaria.com\/it\/wp-json\/wp\/v2\/media?parent=7950"}],"curies":[{"name":"wp","href":"https:\/\/api.w.org\/{rel}","templated":true}]}}