{"id":7922,"date":"2019-08-12T12:33:26","date_gmt":"2019-08-12T10:33:26","guid":{"rendered":"https:\/\/eribertocaria.com\/aviso-legal\/"},"modified":"2024-10-28T23:26:11","modified_gmt":"2024-10-28T22:26:11","slug":"avviso-legale","status":"publish","type":"page","link":"https:\/\/eribertocaria.com\/it\/avviso-legale\/","title":{"rendered":"Avviso legale"},"content":{"rendered":"\n<p>Eriberto Caria, responsabile del sito web, di seguito RESPONSABILE, mette a disposizione degli utenti il presente documento, con il quale intende adempiere agli obblighi previsti dalla Legge 34\/2002, dell&#8217;11 luglio, sui Servizi della Societ\u00e0 dell&#8217;Informazione e del Commercio Elettronico (LSSICE), BOE n. 166, nonch\u00e9 informare tutti gli utenti del sito web in merito alle condizioni di utilizzo.<\/p>\n\n\n\n<p>Chiunque acceda a questo sito web assume il ruolo di utente, impegnandosi all&#8217;osservanza e al rigoroso rispetto delle disposizioni del presente documento, nonch\u00e9 di qualsiasi altra disposizione legale applicabile.<\/p>\n\n\n\n<p>Eriberto Caria si riserva il diritto di modificare qualsiasi tipo di informazione che possa apparire sul sito web, senza alcun obbligo di preavviso o di informazione agli utenti, intendendosi sufficiente la pubblicazione sul sito web di Eriberto Caria.<\/p>\n\n\n\n<h2 class=\"wp-block-heading\">Dati di identificazione<\/h2>\n\n\n\n<p><strong>Nome del dominio: <\/strong>www.eribertocaria.com<br><strong>Nome commerciale:<\/strong> Eriberto Caria <br><strong>Ragione sociale:<\/strong> Eriberto Caria<br><strong>Partita IVA:<\/strong> ES-X7919330Q<br><strong>Sede legale:<\/strong> Placeta de Rosanes 1 pta 8 &#8211; 46410 Sueca (Valencia &#8211; Spagna)<br><strong>Tel\u00e9fono:<\/strong> +39 340 1538 452<br><strong>E-mail:<\/strong> info@eribertocaria.com<\/p>\n\n\n\n<h2 class=\"wp-block-heading\">Diritti di propriet\u00e0 intellettuale e industriale<\/h2>\n\n\n\n<p>l sito web, compresi, a titolo esemplificativo e non esaustivo, la programmazione, la redazione, la compilazione e gli altri elementi necessari al suo funzionamento, i disegni, i loghi, i testi e\/o la grafica, sono di propriet\u00e0 della PARTE RESPONSABILE o, se del caso, dispongono di una licenza o di un&#8217;autorizzazione espressa da parte degli autori. Tutti i contenuti del sito web sono debitamente protetti dalle norme sulla propriet\u00e0 intellettuale e industriale, nonch\u00e9 registrati nei corrispondenti registri pubblici.<\/p>\n\n\n\n<p>Indipendentemente dallo scopo per cui sono stati concepiti, la riproduzione totale o parziale, l&#8217;uso, lo sfruttamento, la distribuzione e la commercializzazione richiedono in ogni caso la preventiva autorizzazione scritta della PARTE RESPONSABILE. Qualsiasi utilizzo non preventivamente autorizzato \u00e8 considerato una grave violazione dei diritti di propriet\u00e0 intellettuale o industriale dell&#8217;autore.<\/p>\n\n\n\n<p>I disegni, i loghi, i testi e\/o la grafica che non appartengono al RESPONSABILE e che possono apparire sul sito web appartengono ai rispettivi proprietari, e sono essi stessi responsabili di ogni possibile controversia che possa sorgere in relazione ad essi. Il RESPONSABILE autorizza espressamente i terzi a reindirizzare direttamente ai contenuti specifici del sito web, e in ogni caso a reindirizzare al sito web principale www.eribertocaria.com.<\/p>\n\n\n\n<p>Il RESPONSABILE riconosce i corrispondenti diritti di propriet\u00e0 intellettuale e industriale a favore dei loro proprietari, e la semplice menzione o apparizione sul sito web non implica l&#8217;esistenza di alcun diritto o responsabilit\u00e0 su di essi, n\u00e9 alcun avallo, sponsorizzazione o raccomandazione da parte del RESPONSABILE.<\/p>\n\n\n\n<p>Per qualsiasi tipo di osservazione su eventuali violazioni dei diritti di propriet\u00e0 intellettuale o industriale, nonch\u00e9 su qualsiasi contenuto del sito web, \u00e8 possibile inviare un&#8217;e-mail a info@eribertocaria.com.<\/p>\n\n\n\n<h2 class=\"wp-block-heading\">Esenzione di responsabilit\u00e0<\/h2>\n\n\n\n<p>Il RESPONSABILE \u00e8 esonerato da qualsiasi tipo di responsabilit\u00e0 derivante dalle informazioni pubblicate sul suo sito web a condizione che non sia effettivamente a conoscenza del fatto che tali informazioni siano state manipolate o introdotte da terzi esterni allo stesso o, se lo \u00e8, abbia agito diligentemente per rimuovere i dati o rendere impossibile l&#8217;accesso agli stessi.<\/p>\n\n\n\n<h3 class=\"wp-block-heading\">Utilizzo dei cookie<\/h3>\n\n\n\n<p>Questo sito pu\u00f2 utilizzare cookie tecnici (piccoli file informativi che il server invia al computer di chi accede alla pagina) per svolgere alcune funzioni ritenute essenziali per il corretto funzionamento e la visualizzazione del sito. I cookie utilizzati sono comunque di natura temporanea, al solo scopo di rendere pi\u00f9 efficiente la navigazione, e scompaiono al termine della sessione dell&#8217;utente. In nessun caso questi cookie forniscono di per s\u00e9 dati di natura personale e non saranno utilizzati per raccogliere tali dati.<\/p>\n\n\n\n<p>Attraverso l&#8217;uso dei cookie \u00e8 inoltre possibile che il server in cui si trova il sito web riconosca il browser utilizzato dall&#8217;utente per facilitare la navigazione, consentendo, ad esempio, agli utenti che si sono precedentemente registrati di accedere alle aree, ai servizi, alle promozioni o ai concorsi riservati esclusivamente a loro senza doversi registrare a ogni visita. Possono anche essere utilizzati per misurare l&#8217;audience, i parametri di traffico, controllare l&#8217;andamento e il numero delle iscrizioni, ecc. Questo sito web non installer\u00e0 cookie dispensabili senza il preventivo consenso dell&#8217;utente.<\/p>\n\n\n\n<p>L&#8217;utente ha la possibilit\u00e0 di configurare il proprio browser per essere avvisato della ricezione dei cookie e per impedirne l&#8217;installazione sul proprio computer. Per ulteriori informazioni, consultare le istruzioni del browser.<\/p>\n\n\n\n<h3 class=\"wp-block-heading\">Politica di link<\/h3>\n\n\n\n<p>Dal sito web, l&#8217;utente pu\u00f2 essere reindirizzato a contenuti di siti web di terzi. Poich\u00e9 il RESPONSABILE non pu\u00f2 sempre controllare i contenuti introdotti da terzi nei rispettivi siti web, non si assume alcun tipo di responsabilit\u00e0 rispetto a tali contenuti. In ogni caso, proceder\u00e0 all&#8217;immediata rimozione di qualsiasi contenuto che possa contravvenire alla legislazione nazionale o internazionale, alla morale o all&#8217;ordine pubblico, procedendo all&#8217;immediato ritiro del reindirizzamento a tale sito web, informando le autorit\u00e0 competenti del contenuto in questione.<\/p>\n\n\n\n<p>Il RESPONSABILE non \u00e8 responsabile delle informazioni e dei contenuti memorizzati, tra cui, a titolo esemplificativo e non esaustivo, nei forum, nelle chat, nei generatori di blog, nei commenti, nei social network o in qualsiasi altro mezzo che permetta a terzi di pubblicare contenuti in modo indipendente sul sito web del RESPONSABILE. Tuttavia, e in conformit\u00e0 con le disposizioni degli articoli 11 e 16 della LSSICE, si mette a disposizione di tutti gli utenti, delle autorit\u00e0 e delle forze di sicurezza, collaborando attivamente alla rimozione o, se del caso, al blocco di tutti i contenuti che possano pregiudicare o contravvenire alla legislazione nazionale o internazionale, ai diritti di terzi o al buon costume e all&#8217;ordine pubblico. Nel caso in cui l&#8217;utente ritenga che sul sito web siano presenti contenuti suscettibili di questa classificazione, \u00e8 pregato di comunicarlo immediatamente all&#8217;amministratore del sito.<\/p>\n\n\n\n<p>Questo sito web \u00e8 stato controllato e testato per garantirne il corretto funzionamento. In linea di massima, \u00e8 possibile garantire il corretto funzionamento per 365 giorni all&#8217;anno, 24 ore su 24. Tuttavia, il RESPONSABILE non esclude la possibilit\u00e0 di alcuni errori di programmazione o il verificarsi di cause di forza maggiore, disastri naturali, scioperi o circostanze simili che rendano impossibile l&#8217;accesso al sito web.<\/p>\n\n\n\n<h3 class=\"wp-block-heading\">Indirizzi IP<\/h3>\n\n\n\n<p>I server del sito web saranno in grado di rilevare automaticamente l&#8217;indirizzo IP e il nome di dominio utilizzati dall&#8217;utente. L&#8217;indirizzo IP \u00e8 un numero assegnato automaticamente a un computer quando si connette a Internet. Tutte queste informazioni vengono registrate in un file di attivit\u00e0 del server che consente la successiva elaborazione dei dati per ottenere misurazioni puramente statistiche che permettono di conoscere il numero di impressioni di pagina, il numero di visite effettuate ai server web, l&#8217;ordine delle visite, il punto di accesso, ecc.<\/p>\n\n\n\n<h2 class=\"wp-block-heading\">Legge applicabile e giurisdizione<\/h2>\n\n\n\n<p>Per la risoluzione di tutte le controversie o questioni relative al presente sito web o alle attivit\u00e0 in esso svolte, si applicher\u00e0 la legislazione spagnola, alla quale le parti si sottomettono espressamente, e le Corti e i Tribunali del domicilio dell&#8217;UTENTE o del luogo di adempimento dell&#8217;obbligo saranno competenti per la risoluzione di tutte le controversie derivanti o connesse al suo utilizzo.<\/p>\n","protected":false},"excerpt":{"rendered":"<p>Eriberto Caria, responsabile del sito web, di seguito RESPONSABILE, mette a disposizione degli utenti il presente documento, con il quale intende adempiere agli obblighi previsti dalla Legge 34\/2002, dell&#8217;11 luglio, sui Servizi della Societ\u00e0 dell&#8217;Informazione e del Commercio Elettronico (LSSICE), BOE n. 166, nonch\u00e9 informare tutti gli utenti del sito web in merito alle condizioni [&hellip;]<\/p>\n","protected":false},"author":2,"featured_media":0,"parent":0,"menu_order":0,"comment_status":"closed","ping_status":"closed","template":"legal-text.php","meta":{"_acf_changed":false,"footnotes":""},"class_list":["post-7922","page","type-page","status-publish","hentry"],"acf":[],"yoast_head":"<!-- This site is optimized with the Yoast SEO plugin v27.1.1 - https:\/\/yoast.com\/product\/yoast-seo-wordpress\/ -->\n<title>Avviso legale &#8211; Eriberto Caria<\/title>\n<meta name=\"robots\" content=\"noindex, nofollow\" \/>\n<meta property=\"og:locale\" content=\"it_IT\" \/>\n<meta property=\"og:type\" content=\"article\" \/>\n<meta property=\"og:title\" content=\"Avviso legale &#8211; Eriberto Caria\" \/>\n<meta property=\"og:description\" content=\"Eriberto Caria, responsabile del sito web, di seguito RESPONSABILE, mette a disposizione degli utenti il presente documento, con il quale intende adempiere agli obblighi previsti dalla Legge 34\/2002, dell&#8217;11 luglio, sui Servizi della Societ\u00e0 dell&#8217;Informazione e del Commercio Elettronico (LSSICE), BOE n. 166, nonch\u00e9 informare tutti gli utenti del sito web in merito alle condizioni [&hellip;]\" \/>\n<meta property=\"og:url\" content=\"https:\/\/eribertocaria.com\/it\/avviso-legale\/\" \/>\n<meta property=\"og:site_name\" content=\"Eriberto Caria\" \/>\n<meta property=\"article:modified_time\" content=\"2024-10-28T22:26:11+00:00\" \/>\n<meta name=\"twitter:card\" content=\"summary_large_image\" \/>\n<meta name=\"twitter:label1\" content=\"Tempo di lettura stimato\" \/>\n\t<meta name=\"twitter:data1\" content=\"6 minuti\" \/>\n<script type=\"application\/ld+json\" class=\"yoast-schema-graph\">{\"@context\":\"https:\/\/schema.org\",\"@graph\":[{\"@type\":\"WebPage\",\"@id\":\"https:\/\/eribertocaria.com\/it\/avviso-legale\/\",\"url\":\"https:\/\/eribertocaria.com\/it\/avviso-legale\/\",\"name\":\"Avviso legale &#8211; Eriberto Caria\",\"isPartOf\":{\"@id\":\"https:\/\/eribertocaria.com\/it\/#website\"},\"datePublished\":\"2019-08-12T10:33:26+00:00\",\"dateModified\":\"2024-10-28T22:26:11+00:00\",\"inLanguage\":\"it-IT\",\"potentialAction\":[{\"@type\":\"ReadAction\",\"target\":[\"https:\/\/eribertocaria.com\/it\/avviso-legale\/\"]}]},{\"@type\":\"WebSite\",\"@id\":\"https:\/\/eribertocaria.com\/it\/#website\",\"url\":\"https:\/\/eribertocaria.com\/it\/\",\"name\":\"Eriberto Caria\",\"description\":\"Dise\u00f1ador gr\u00e1fico freelance\",\"potentialAction\":[{\"@type\":\"SearchAction\",\"target\":{\"@type\":\"EntryPoint\",\"urlTemplate\":\"https:\/\/eribertocaria.com\/it\/?s={search_term_string}\"},\"query-input\":{\"@type\":\"PropertyValueSpecification\",\"valueRequired\":true,\"valueName\":\"search_term_string\"}}],\"inLanguage\":\"it-IT\"}]}<\/script>\n<!-- \/ Yoast SEO plugin. -->","yoast_head_json":{"title":"Avviso legale &#8211; Eriberto Caria","robots":{"index":"noindex","follow":"nofollow"},"og_locale":"it_IT","og_type":"article","og_title":"Avviso legale &#8211; Eriberto Caria","og_description":"Eriberto Caria, responsabile del sito web, di seguito RESPONSABILE, mette a disposizione degli utenti il presente documento, con il quale intende adempiere agli obblighi previsti dalla Legge 34\/2002, dell&#8217;11 luglio, sui Servizi della Societ\u00e0 dell&#8217;Informazione e del Commercio Elettronico (LSSICE), BOE n. 166, nonch\u00e9 informare tutti gli utenti del sito web in merito alle condizioni [&hellip;]","og_url":"https:\/\/eribertocaria.com\/it\/avviso-legale\/","og_site_name":"Eriberto Caria","article_modified_time":"2024-10-28T22:26:11+00:00","twitter_card":"summary_large_image","twitter_misc":{"Tempo di lettura stimato":"6 minuti"},"schema":{"@context":"https:\/\/schema.org","@graph":[{"@type":"WebPage","@id":"https:\/\/eribertocaria.com\/it\/avviso-legale\/","url":"https:\/\/eribertocaria.com\/it\/avviso-legale\/","name":"Avviso legale &#8211; Eriberto Caria","isPartOf":{"@id":"https:\/\/eribertocaria.com\/it\/#website"},"datePublished":"2019-08-12T10:33:26+00:00","dateModified":"2024-10-28T22:26:11+00:00","inLanguage":"it-IT","potentialAction":[{"@type":"ReadAction","target":["https:\/\/eribertocaria.com\/it\/avviso-legale\/"]}]},{"@type":"WebSite","@id":"https:\/\/eribertocaria.com\/it\/#website","url":"https:\/\/eribertocaria.com\/it\/","name":"Eriberto Caria","description":"Dise\u00f1ador gr\u00e1fico freelance","potentialAction":[{"@type":"SearchAction","target":{"@type":"EntryPoint","urlTemplate":"https:\/\/eribertocaria.com\/it\/?s={search_term_string}"},"query-input":{"@type":"PropertyValueSpecification","valueRequired":true,"valueName":"search_term_string"}}],"inLanguage":"it-IT"}]}},"_links":{"self":[{"href":"https:\/\/eribertocaria.com\/it\/wp-json\/wp\/v2\/pages\/7922","targetHints":{"allow":["GET"]}}],"collection":[{"href":"https:\/\/eribertocaria.com\/it\/wp-json\/wp\/v2\/pages"}],"about":[{"href":"https:\/\/eribertocaria.com\/it\/wp-json\/wp\/v2\/types\/page"}],"author":[{"embeddable":true,"href":"https:\/\/eribertocaria.com\/it\/wp-json\/wp\/v2\/users\/2"}],"replies":[{"embeddable":true,"href":"https:\/\/eribertocaria.com\/it\/wp-json\/wp\/v2\/comments?post=7922"}],"version-history":[{"count":6,"href":"https:\/\/eribertocaria.com\/it\/wp-json\/wp\/v2\/pages\/7922\/revisions"}],"predecessor-version":[{"id":11722,"href":"https:\/\/eribertocaria.com\/it\/wp-json\/wp\/v2\/pages\/7922\/revisions\/11722"}],"wp:attachment":[{"href":"https:\/\/eribertocaria.com\/it\/wp-json\/wp\/v2\/media?parent=7922"}],"curies":[{"name":"wp","href":"https:\/\/api.w.org\/{rel}","templated":true}]}}