{"id":3885,"date":"2015-03-13T11:22:09","date_gmt":"2015-03-13T10:22:09","guid":{"rendered":"https:\/\/eribertocaria.com\/nosotros\/"},"modified":"2026-01-07T23:50:35","modified_gmt":"2026-01-07T22:50:35","slug":"studio","status":"publish","type":"page","link":"https:\/\/eribertocaria.com\/it\/studio\/","title":{"rendered":"Studio"},"content":{"rendered":"\n<div class=\"wp-block-group bloque-1\"><div class=\"wp-block-group__inner-container\">\n<h1 class=\"wp-block-heading\" data-aos=\"fade-up\">Nel nostro studio di grafica sviluppiamo soluzioni innovative che potenziano il tuo brand<\/h1>\n<\/div><\/div>\n\n\n\n<div class=\"wp-block-group bloque-2\"><div class=\"wp-block-group__inner-container\">\n<div class=\"wp-block-columns\">\n<div class=\"wp-block-column image\" style=\"flex-basis:50%\" data-aos=\"fade-up\">\n<figure class=\"wp-block-image size-full\"><img decoding=\"async\" src=\"https:\/\/eribertocaria.com\/wp-content\/uploads\/2024\/04\/Eriberto-Caria-Graphic-Designer-1.jpg\" alt=\"\" class=\"wp-image-11195\"\/><\/figure>\n<\/div>\n\n\n\n<div class=\"wp-block-column is-vertically-aligned-center text\" style=\"flex-basis:41.6666%\" data-aos=\"fade-up\">\n<div class=\"wp-block-group\"><div class=\"wp-block-group__inner-container\">\n<p>Siamo un piccolo studio di grafica pubblicitaria e web agency guidato da Eriberto Caria, laureato in Graphic Design al Politecnico di Torino (Italia). Dal 2007, Eriberto ha lavorato in diversi studi di design, accumulando esperienza in progetti di identit\u00e0 aziendale, design editoriale, packaging e web design. Nel 2012 ha lanciato il proprio progetto creativo, che ha attualmente la sua base a Sueca (Valencia, Spagna), con l\u2019obiettivo di offrire un approccio personalizzato e strategico, focalizzato sulla qualit\u00e0, sui dettagli e sull\u2019armonia in ogni lavoro.<\/p>\n\n\n\n<p>Nel nostro studio crediamo che un buon design non debba essere solo esteticamente accattivante, ma anche funzionale e strategico. Aiutiamo aziende di diversi settori a costruire un\u2019immagine solida e coerente, che permetta loro di distinguersi dalla concorrenza, connettersi con il proprio pubblico e raggiungere i propri obiettivi pi\u00f9 ambiziosi.<\/p>\n\n\n\n<p>Nel corso degli anni, abbiamo sviluppato una rete di clienti sia in Italia, in particolare in Sardegna, sia a livello internazionale, che ci ha permesso di affrontare progetti molto vari, ciascuno con le proprie sfide e opportunit\u00e0. Per offrire un servizio completo e di qualit\u00e0, collaboriamo con fotografi, illustratori, programmatori, copywriter ed esperti di marketing, garantendo che ogni progetto riceva l\u2019attenzione e la cura che merita.<\/p>\n<\/div><\/div>\n<\/div>\n<\/div>\n<\/div><\/div>\n\n\n\n<div class=\"wp-block-group bloque-4\"><div class=\"wp-block-group__inner-container\">\n<h2 class=\"wp-block-heading\">Processo di lavoro<\/h2>\n\n\n\n<div class=\"wp-block-group swiper-container\" data-aos=\"fade\"><div class=\"wp-block-group__inner-container\">\n<div class=\"wp-block-group swiper-slide\"><div class=\"wp-block-group__inner-container\">\n<h3 class=\"wp-block-heading\">Briefing<\/h3>\n\n\n\n<p>Il briefing \u00e8 un documento dettagliato che riassume gli obiettivi, i requisiti e le aspettative di un progetto. Forniamo al cliente un questionario completo per facilitarne la preparazione.<\/p>\n<\/div><\/div>\n\n\n\n<div class=\"wp-block-group swiper-slide\"><div class=\"wp-block-group__inner-container\">\n<h3 class=\"wp-block-heading\">Analisi e studio<\/h3>\n\n\n\n<p>Dopo aver analizzato le specifiche, esaminiamo in dettaglio il settore e la concorrenza, nonch\u00e9 le esigenze del cliente per sviluppare ogni progetto.<\/p>\n<\/div><\/div>\n\n\n\n<div class=\"wp-block-group swiper-slide\"><div class=\"wp-block-group__inner-container\">\n<h3 class=\"wp-block-heading\">Proposta e revisione<\/h3>\n\n\n\n<p>Una volta terminato lo studio, creiamo la proposta di design pi\u00f9 adatta al progetto. Poi, insieme al cliente, modifichiamo i dettagli in base alle sue preferenze.<\/p>\n<\/div><\/div>\n\n\n\n<div class=\"wp-block-group swiper-slide\"><div class=\"wp-block-group__inner-container\">\n<h3 class=\"wp-block-heading\">Esecutivo<\/h3>\n\n\n\n<p>L&#8217;esecutivo \u00e8 l&#8217;elaborato definitivo che viene fornito alla tipografia, fondamentale per i progetti stampati. I dettagli vengono perfezionati prima della stampa per garantire qualit\u00e0 e precisione.<\/p>\n<\/div><\/div>\n\n\n\n<div class=\"wp-block-group swiper-slide\"><div class=\"wp-block-group__inner-container\">\n<h3 class=\"wp-block-heading\">Sviluppo<\/h3>\n\n\n\n<p>Per i siti web o le applicazioni, la fase successiva alla progettazione \u00e8 lo sviluppo, in cui vengono implementate le funzionalit\u00e0 previste.<\/p>\n<\/div><\/div>\n\n\n\n<div class=\"wp-block-group swiper-slide\"><div class=\"wp-block-group__inner-container\">\n<h3 class=\"wp-block-heading\">Conclusione<\/h3>\n\n\n\n<p>La conclusione del progetto comporta la pubblicazione per un sito web o un&#8217;app e la stampa per un progetto fisico.<\/p>\n<\/div><\/div>\n\n\n\n<div class=\"wp-block-group swiper-slide\"><div class=\"wp-block-group__inner-container\">\n<h3 class=\"wp-block-heading\">Monitoraggio<\/h3>\n\n\n\n<p>L&#8217;ultima fase, il monitoraggio, consiste nel controllo del corretto funzionamento per siti web e app, e nel garantire la qualit\u00e0 per progetti stampati.<\/p>\n<\/div><\/div>\n<\/div><\/div>\n<\/div><\/div>\n\n\n\n<div class=\"wp-block-group bloque-5\"><div class=\"wp-block-group__inner-container\">\n<h2 class=\"wp-block-heading\">Clienti<\/h2>\n\n\n\n<p data-aos=\"fade-up\">AntiguorRincon.com \u2013 Asociaci\u00f3n Gu\u00edas Oficiales de la Comunidad Valenciana \u2013 Bio Sardo \u2013 Camping Cala d\u2019Ostia \u2013 Corporazione Sarda Coltellinai \u2013 Domu Antiga \u2013 El Sitio de Mi Recreo \u2013 HogarAbitat \u2013 Innovatis \u2013 Io Sono Sardo \u2013 J\u00e9ssica Garc\u00eda \u2013 Ladaa \u2013 Maderas La Sierra \u2013 Metavarch \u2013 Mudecosan \u2013 Secured Solutions \u2013 Zafferano Cortis<\/p>\n<\/div><\/div>\n\n\n\n<div class=\"wp-block-group bloque-6\"><div class=\"wp-block-group__inner-container\">\n<div class=\"wp-block-columns reviews\">\n<div class=\"wp-block-column\">\n<h2 class=\"wp-block-heading\">Testimonianze<\/h2>\n<\/div>\n\n\n\n<div class=\"wp-block-column\">\n<div class=\"wp-block-group swiper-container\"><div class=\"wp-block-group__inner-container\">\n<div class=\"wp-block-group review swiper-slide\"><div class=\"wp-block-group__inner-container\">\n<p class=\"testimony\">Ho scelto Eriberto dopo una lunga ricerca nel mercato italiano e devo dire che dopo anni di collaborazione ho trovato un partner di fiducia. Se prende un impegno lo mantiene sempre e trova sempre la soluzione pi\u00f9 giusta. Sono molto soddisfatto del suo lavoro!<\/p>\n\n\n\n<p class=\"person\"><strong>Alessandro Garau<\/strong><br>GT Ottica Modena<\/p>\n<\/div><\/div>\n\n\n\n<div class=\"wp-block-group review swiper-slide\"><div class=\"wp-block-group__inner-container\">\n<p class=\"testimony\">Eriberto \u00e8 un grande professionista del design. Creativo, pratico e attento ai dettagli. \u00c8 un piacere lavorare con lui, lo consiglio vivamente!<\/p>\n\n\n\n<p class=\"person\"><strong>Mar\u00eda D\u00edaz<\/strong><br>LolUp &#8211; Agenzia di marketing online<\/p>\n<\/div><\/div>\n\n\n\n<div class=\"wp-block-group review swiper-slide\"><div class=\"wp-block-group__inner-container\">\n<p class=\"testimony\">Magnifico professionista. Da molti anni commissioniamo progetti a Eriberto, che ha reso la nostra azienda la prima del settore. Grazie di cuore.<\/p>\n\n\n\n<p class=\"person\"><strong>Rafa Gonz\u00e1lez<\/strong><br>AntiguoRincon.com<\/p>\n<\/div><\/div>\n\n\n\n<div class=\"wp-block-group review swiper-slide\"><div class=\"wp-block-group__inner-container\">\n<p class=\"testimony\">Da quando abbiamo lavorato con Eriberto non abbiamo avuto alcun problema e ci ha sempre facilitato le modifiche che volevamo apportare. Il sito viene aggiornato puntualmente.<\/p>\n\n\n\n<p class=\"person\"><strong>Victor Galan Azzati<\/strong><br>Casas del Mediterr\u00e1neo<\/p>\n<\/div><\/div>\n\n\n\n<div class=\"wp-block-group review swiper-slide\"><div class=\"wp-block-group__inner-container\">\n<p class=\"testimony\">Raccomandato al 100%, grande professionista e servizio eccellente.<br>Sia per quanto riguarda l&#8217;assistenza web che l&#8217;ecommerce siamo soddisfatti.<br>\u00c8 un piacere lavorare con lui.<\/p>\n\n\n\n<p class=\"person\"><strong>H\u00e9ctor Llorens<\/strong><br>Innovatis<\/p>\n<\/div><\/div>\n\n\n\n<div class=\"wp-block-group review swiper-slide\"><div class=\"wp-block-group__inner-container\">\n<p class=\"testimony\">Eriberto \u00e8 un grande professionista con un&#8217;idea di design fenomenale.<\/p>\n\n\n\n<p class=\"person\"><strong>Leo Olmos<\/strong><br>Consulente web<\/p>\n<\/div><\/div>\n\n\n\n<div class=\"wp-block-group review swiper-slide\"><div class=\"wp-block-group__inner-container\">\n<p class=\"testimony\">Un grande professionista, attento e veloce nel trovare soluzioni. Raccomandabile al 100%.<\/p>\n\n\n\n<p class=\"person\"><strong>Alfonso Martinez<\/strong><br>Maderas La Sierra<\/p>\n<\/div><\/div>\n\n\n\n<div class=\"wp-block-group review swiper-slide\"><div class=\"wp-block-group__inner-container\">\n<p class=\"testimony\">Grafico di ottima professionalit\u00e0 e fantasia. Mi sono affidato a lui per i lavori di grafica di tutto ci\u00f2 che riguardava la mia azienda. E&#8217; sempre riuscito a capire ci\u00f2 di cui avevo bisogno, proponendomi soluzioni differenti, delle quali io sceglievo quella che pi\u00f9 si avvicinava alle mie esigenze e che veniva ulteriormente perfezionata nelle fasi successive, fino al raggiungimento del risultato finale. Puntale e preciso in ogni fase. Persona seria, disponibile e professionale.<\/p>\n\n\n\n<p class=\"person\"><strong>Paolo Pillitu<\/strong><br>Bio Sardo<\/p>\n<\/div><\/div>\n\n\n\n<div class=\"wp-block-group review swiper-slide\"><div class=\"wp-block-group__inner-container\">\n<p class=\"testimony\">Abbiamo avuto modo di affidare ad Eriberto alcuni lavori per la nostra attivit\u00e0, e dobbiamo dire che ci si siamo trovati pi\u00f9 che bene!<br>Ottima professionalit\u00e0 e competenza, ma soprattutto sempre disponibile a qualunque esigenze!<br>Altamente consigliato.<\/p>\n\n\n\n<p class=\"person\"><strong>Samuel Lai<\/strong><br>Domu Antiga<\/p>\n<\/div><\/div>\n\n\n\n<div class=\"wp-block-group review swiper-slide\"><div class=\"wp-block-group__inner-container\">\n<p class=\"testimony\">Grande Eriberto Caria, \u00e8 il mio grafico di fiducia da pi\u00f9 di 20 anni. Sempre professionale e preciso nel lavoro, grazie alla sua mano la nostra azienda Zafferano Cortis ha partecipato e vinto diversi premi a livello regionale e nazionale. Grande professionista super consigliato!<\/p>\n\n\n\n<p class=\"person\"><strong>Ivan Cortis<\/strong><br>Zafferano Cortis<\/p>\n<\/div><\/div>\n\n\n\n<div class=\"wp-block-group review swiper-slide\"><div class=\"wp-block-group__inner-container\">\n<p class=\"testimony\">Mi sono rivolto a Eriberto su consiglio di un amico. Ha realizzato un logo molto efficace che mi hanno tutti apprezzato e che poi ho anche registrato&#8230; 5 stelle meritate<\/p>\n\n\n\n<p class=\"person\"><strong>Nicola Capra<\/strong><br>Personal trainer<\/p>\n<\/div><\/div>\n\n\n\n<div class=\"wp-block-group review swiper-slide\"><div class=\"wp-block-group__inner-container\">\n<p class=\"testimony\">Ho avuto l&#8217;opportunit\u00e0 di lavorare con Eriberto come webmaster ed \u00e8 stata un&#8217;esperienza molto soddisfacente. Anche in periodi di intensa attivit\u00e0 \u00e8 riuscito a trovare il tempo per aiutarmi a mantenere il mio sito web all&#8217;altezza delle aspettative e a creare e proporre sviluppi per una maggiore efficacia nell&#8217;attrarre clienti. Lo raccomando vivamente e lavorer\u00f2 ancora con lui quando ne avr\u00f2 l&#8217;opportunit\u00e0.<\/p>\n\n\n\n<p class=\"person\"><strong>Javier Morales<\/strong><br>Guida turistica<br><\/p>\n<\/div><\/div>\n\n\n\n<div class=\"wp-block-group review swiper-slide\"><div class=\"wp-block-group__inner-container\">\n<p class=\"testimony\">Cordialit\u00e0, esperienza e grande comprensione di ci\u00f2 di cui si ha bisogno, rende pi\u00f9 facile arrivare dove si vuole.<br>Ottima persona e grande professionista.<\/p>\n\n\n\n<p class=\"person\"><strong>Ismael Igual<\/strong><br><\/p>\n<\/div><\/div>\n\n\n\n<div class=\"wp-block-group review swiper-slide\"><div class=\"wp-block-group__inner-container\">\n<p class=\"testimony\">Eriberto \u00e8 un designer eccezionale. La sua abilit\u00e0 nel creare design straordinari \u00e8 accompagnata da una meticolosa attenzione ai dettagli. Ha dimostrato grande professionalit\u00e0 rispettando sempre le scadenze. La sua creativit\u00e0 \u00e8 sorprendente, fornendo soluzioni visivamente accattivanti. Per noi \u00e8 una risorsa straordinaria nel campo del design grafico e lo raccomando vivamente per progetti di qualit\u00e0. La sua collaborazione \u00e8 stata preziosissima!!!<\/p>\n\n\n\n<p class=\"person\"><strong>Luigi Quesada<\/strong><br>Quesada.it<br><\/p>\n<\/div><\/div>\n<\/div><\/div>\n<\/div>\n<\/div>\n<\/div><\/div>\n","protected":false},"excerpt":{"rendered":"<p>Nel nostro studio di grafica sviluppiamo soluzioni innovative che potenziano il tuo brand Siamo un piccolo studio di grafica pubblicitaria e web agency guidato da Eriberto Caria, laureato in Graphic Design al Politecnico di Torino (Italia). Dal 2007, Eriberto ha lavorato in diversi studi di design, accumulando esperienza in progetti di identit\u00e0 aziendale, design editoriale, [&hellip;]<\/p>\n","protected":false},"author":2,"featured_media":11202,"parent":0,"menu_order":0,"comment_status":"open","ping_status":"closed","template":"fullwidth-without-title.php","meta":{"_acf_changed":false,"footnotes":""},"class_list":["post-3885","page","type-page","status-publish","has-post-thumbnail","hentry"],"acf":[],"yoast_head":"<!-- This site is optimized with the Yoast SEO plugin v27.1.1 - https:\/\/yoast.com\/product\/yoast-seo-wordpress\/ -->\n<title>Studio di grafica e web agency in Sardegna &#8211; Eriberto Caria<\/title>\n<meta name=\"description\" content=\"Studio di grafica pubblicitaria e web agency, specializzato in branding, design editoriale, packaging, design web e realt\u00e0 estesa (XR).\" \/>\n<meta name=\"robots\" content=\"index, follow, max-snippet:-1, max-image-preview:large, max-video-preview:-1\" \/>\n<link rel=\"canonical\" href=\"https:\/\/eribertocaria.com\/it\/studio\/\" \/>\n<meta property=\"og:locale\" content=\"it_IT\" \/>\n<meta property=\"og:type\" content=\"article\" \/>\n<meta property=\"og:title\" content=\"Studio di grafica e web agency in Sardegna &#8211; Eriberto Caria\" \/>\n<meta property=\"og:description\" content=\"Studio di grafica pubblicitaria e web agency, specializzato in branding, design editoriale, packaging, design web e realt\u00e0 estesa (XR).\" \/>\n<meta property=\"og:url\" content=\"https:\/\/eribertocaria.com\/it\/studio\/\" \/>\n<meta property=\"og:site_name\" content=\"Eriberto Caria\" \/>\n<meta property=\"article:modified_time\" content=\"2026-01-07T22:50:35+00:00\" \/>\n<meta property=\"og:image\" content=\"https:\/\/eribertocaria.com\/wp-content\/uploads\/2024\/04\/Eriberto-Caria-Graphic-Designer-2.jpg\" \/>\n\t<meta property=\"og:image:width\" content=\"2000\" \/>\n\t<meta property=\"og:image:height\" content=\"1353\" \/>\n\t<meta property=\"og:image:type\" content=\"image\/jpeg\" \/>\n<meta name=\"twitter:card\" content=\"summary_large_image\" \/>\n<meta name=\"twitter:label1\" content=\"Tempo di lettura stimato\" \/>\n\t<meta name=\"twitter:data1\" content=\"5 minuti\" \/>\n<script type=\"application\/ld+json\" class=\"yoast-schema-graph\">{\"@context\":\"https:\/\/schema.org\",\"@graph\":[{\"@type\":\"WebPage\",\"@id\":\"https:\/\/eribertocaria.com\/it\/studio\/\",\"url\":\"https:\/\/eribertocaria.com\/it\/studio\/\",\"name\":\"Studio di grafica e web agency in Sardegna &#8211; Eriberto Caria\",\"isPartOf\":{\"@id\":\"https:\/\/eribertocaria.com\/it\/#website\"},\"primaryImageOfPage\":{\"@id\":\"https:\/\/eribertocaria.com\/it\/studio\/#primaryimage\"},\"image\":{\"@id\":\"https:\/\/eribertocaria.com\/it\/studio\/#primaryimage\"},\"thumbnailUrl\":\"https:\/\/eribertocaria.com\/wp-content\/uploads\/2024\/04\/Eriberto-Caria-Graphic-Designer-2.jpg\",\"datePublished\":\"2015-03-13T10:22:09+00:00\",\"dateModified\":\"2026-01-07T22:50:35+00:00\",\"description\":\"Studio di grafica pubblicitaria e web agency, specializzato in branding, design editoriale, packaging, design web e realt\u00e0 estesa (XR).\",\"inLanguage\":\"it-IT\",\"potentialAction\":[{\"@type\":\"ReadAction\",\"target\":[\"https:\/\/eribertocaria.com\/it\/studio\/\"]}]},{\"@type\":\"ImageObject\",\"inLanguage\":\"it-IT\",\"@id\":\"https:\/\/eribertocaria.com\/it\/studio\/#primaryimage\",\"url\":\"https:\/\/eribertocaria.com\/wp-content\/uploads\/2024\/04\/Eriberto-Caria-Graphic-Designer-2.jpg\",\"contentUrl\":\"https:\/\/eribertocaria.com\/wp-content\/uploads\/2024\/04\/Eriberto-Caria-Graphic-Designer-2.jpg\",\"width\":2000,\"height\":1353},{\"@type\":\"WebSite\",\"@id\":\"https:\/\/eribertocaria.com\/it\/#website\",\"url\":\"https:\/\/eribertocaria.com\/it\/\",\"name\":\"Eriberto Caria\",\"description\":\"Dise\u00f1ador gr\u00e1fico freelance\",\"potentialAction\":[{\"@type\":\"SearchAction\",\"target\":{\"@type\":\"EntryPoint\",\"urlTemplate\":\"https:\/\/eribertocaria.com\/it\/?s={search_term_string}\"},\"query-input\":{\"@type\":\"PropertyValueSpecification\",\"valueRequired\":true,\"valueName\":\"search_term_string\"}}],\"inLanguage\":\"it-IT\"}]}<\/script>\n<!-- \/ Yoast SEO plugin. -->","yoast_head_json":{"title":"Studio di grafica e web agency in Sardegna &#8211; Eriberto Caria","description":"Studio di grafica pubblicitaria e web agency, specializzato in branding, design editoriale, packaging, design web e realt\u00e0 estesa (XR).","robots":{"index":"index","follow":"follow","max-snippet":"max-snippet:-1","max-image-preview":"max-image-preview:large","max-video-preview":"max-video-preview:-1"},"canonical":"https:\/\/eribertocaria.com\/it\/studio\/","og_locale":"it_IT","og_type":"article","og_title":"Studio di grafica e web agency in Sardegna &#8211; Eriberto Caria","og_description":"Studio di grafica pubblicitaria e web agency, specializzato in branding, design editoriale, packaging, design web e realt\u00e0 estesa (XR).","og_url":"https:\/\/eribertocaria.com\/it\/studio\/","og_site_name":"Eriberto Caria","article_modified_time":"2026-01-07T22:50:35+00:00","og_image":[{"width":2000,"height":1353,"url":"https:\/\/eribertocaria.com\/wp-content\/uploads\/2024\/04\/Eriberto-Caria-Graphic-Designer-2.jpg","type":"image\/jpeg"}],"twitter_card":"summary_large_image","twitter_misc":{"Tempo di lettura stimato":"5 minuti"},"schema":{"@context":"https:\/\/schema.org","@graph":[{"@type":"WebPage","@id":"https:\/\/eribertocaria.com\/it\/studio\/","url":"https:\/\/eribertocaria.com\/it\/studio\/","name":"Studio di grafica e web agency in Sardegna &#8211; Eriberto Caria","isPartOf":{"@id":"https:\/\/eribertocaria.com\/it\/#website"},"primaryImageOfPage":{"@id":"https:\/\/eribertocaria.com\/it\/studio\/#primaryimage"},"image":{"@id":"https:\/\/eribertocaria.com\/it\/studio\/#primaryimage"},"thumbnailUrl":"https:\/\/eribertocaria.com\/wp-content\/uploads\/2024\/04\/Eriberto-Caria-Graphic-Designer-2.jpg","datePublished":"2015-03-13T10:22:09+00:00","dateModified":"2026-01-07T22:50:35+00:00","description":"Studio di grafica pubblicitaria e web agency, specializzato in branding, design editoriale, packaging, design web e realt\u00e0 estesa (XR).","inLanguage":"it-IT","potentialAction":[{"@type":"ReadAction","target":["https:\/\/eribertocaria.com\/it\/studio\/"]}]},{"@type":"ImageObject","inLanguage":"it-IT","@id":"https:\/\/eribertocaria.com\/it\/studio\/#primaryimage","url":"https:\/\/eribertocaria.com\/wp-content\/uploads\/2024\/04\/Eriberto-Caria-Graphic-Designer-2.jpg","contentUrl":"https:\/\/eribertocaria.com\/wp-content\/uploads\/2024\/04\/Eriberto-Caria-Graphic-Designer-2.jpg","width":2000,"height":1353},{"@type":"WebSite","@id":"https:\/\/eribertocaria.com\/it\/#website","url":"https:\/\/eribertocaria.com\/it\/","name":"Eriberto Caria","description":"Dise\u00f1ador gr\u00e1fico freelance","potentialAction":[{"@type":"SearchAction","target":{"@type":"EntryPoint","urlTemplate":"https:\/\/eribertocaria.com\/it\/?s={search_term_string}"},"query-input":{"@type":"PropertyValueSpecification","valueRequired":true,"valueName":"search_term_string"}}],"inLanguage":"it-IT"}]}},"_links":{"self":[{"href":"https:\/\/eribertocaria.com\/it\/wp-json\/wp\/v2\/pages\/3885","targetHints":{"allow":["GET"]}}],"collection":[{"href":"https:\/\/eribertocaria.com\/it\/wp-json\/wp\/v2\/pages"}],"about":[{"href":"https:\/\/eribertocaria.com\/it\/wp-json\/wp\/v2\/types\/page"}],"author":[{"embeddable":true,"href":"https:\/\/eribertocaria.com\/it\/wp-json\/wp\/v2\/users\/2"}],"replies":[{"embeddable":true,"href":"https:\/\/eribertocaria.com\/it\/wp-json\/wp\/v2\/comments?post=3885"}],"version-history":[{"count":88,"href":"https:\/\/eribertocaria.com\/it\/wp-json\/wp\/v2\/pages\/3885\/revisions"}],"predecessor-version":[{"id":13558,"href":"https:\/\/eribertocaria.com\/it\/wp-json\/wp\/v2\/pages\/3885\/revisions\/13558"}],"wp:featuredmedia":[{"embeddable":true,"href":"https:\/\/eribertocaria.com\/it\/wp-json\/wp\/v2\/media\/11202"}],"wp:attachment":[{"href":"https:\/\/eribertocaria.com\/it\/wp-json\/wp\/v2\/media?parent=3885"}],"curies":[{"name":"wp","href":"https:\/\/api.w.org\/{rel}","templated":true}]}}